{"id":7,"date":"2025-03-21T18:15:04","date_gmt":"2025-03-21T17:15:04","guid":{"rendered":"https:\/\/onlinecompass.pro\/nl\/gratis-online-kompas-zonder-download-voor-je-mobiel\/"},"modified":"2025-03-21T18:15:04","modified_gmt":"2025-03-21T17:15:04","slug":"gratis-online-kompas-zonder-download-voor-je-mobiel","status":"publish","type":"page","link":"https:\/\/onlinecompass.pro\/nl\/","title":{"rendered":"Gratis online kompas zonder download voor je mobiel"},"content":{"rendered":"<p>Probeer de enige online kompas die naar het noorden kan ori\u00ebnteren. Een <strong>kompas zonder te downloaden<\/strong> van een app. <strong>100% gratis<\/strong>:<\/p>\n<div style=\"margin: 0 15%;\"><\/div>\n<div class=\"call-to-action\">\n<h2><button><a href=\"\/nl\/app-vrij\/\">Gebruik online kompas<\/a><\/button><\/h2>\n<\/div>\n<p>Ben je klaar om het Noorden te vinden?! Met je Android, Apple of vergelijkbare mobiele telefoon, heb je ook een <strong>ingebouwd kompas<\/strong>! En het beste van alles, je hoeft geen app te downloaden of instellingen op je telefoon aan te passen!Met het online kompas kun je het Noorden vinden in de palm van je hand door gewoon je browser te openen en onlinecompass.pro te zoeken. Zo makkelijk is het! Waar wacht je nog op? Begin nu je avontuur!<\/p>\n<h2>Hoe gebruik je het online kompas zonder te downloaden?<\/h2>\n<div class=\"su-list\" style=\"margin-left:0px\">\n<ul>\n<li><i class=\"sui sui-check\" style=\"color:#06ff23\"><\/i> Dit online kompas geeft het Noorden aan in het rood, maar ook het zuiden, oosten en westen, met precisie in graden.<\/li>\n<li><i class=\"sui sui-check\" style=\"color:#06ff23\"><\/i> Het noorden komt overeen met 0\u00b0, het oosten met 90\u00b0, het zuiden met 180\u00b0 en het westen met 270\u00b0.<\/li>\n<li><i class=\"sui sui-check\" style=\"color:#06ff23\"><\/i> Het online kompas met graden is gemakkelijk te gebruiken en je hoeft niets te downloaden.<\/li>\n<li><i class=\"sui sui-check\" style=\"color:#06ff23\"><\/i> Plaats je mobiel op een oppervlak en het zal je laten zien waar het noorden naar wijst.<\/li>\n<li><i class=\"sui sui-check\" style=\"color:#06ff23\"><\/i> Om te beginnen met gebruiken <a href=\"\/nl\/app-vrij\/\">klik hier<\/a>.<\/li>\n<\/ul>\n<\/div>\n<h2>Belangrijkste <strong>categorie\u00ebn<\/strong><\/h2>\n<p>Zijn jullie er klaar voor?! Hier zullen we praten over verschillende soorten kompassen, de beste technieken om je te ori\u00ebnteren en enkele interessante trucs en feiten over ori\u00ebntatie delen. Ga met ons mee op dit avontuur en ontdek alles over ori\u00ebntatie!<style>.wp-show-posts-columns#wpsp-895 {margin-left: -2em; }.wp-show-posts-columns#wpsp-895 .wp-show-posts-inner {margin: 0 0 2em 2em; }<\/style><section id=\"wpsp-895\" class=\" wp-show-posts-columns wp-show-posts\" style=\"\"><article class=\" wp-show-posts-single post-57 post type-post status-publish format-standard hentry category-leerorientatie wpsp-col-6\" itemtype=\"http:\/\/schema.org\/CreativeWork\" itemscope><div class=\"wp-show-posts-inner\" style=\"\">\t\t\t\t\t\t<div class=\"wp-show-posts-entry-summary\" itemprop=\"text\">\n\t\t\t\t\t\t\t<p>Weet jij al wat de hoofdpunten zijn? Ik onthul je hoe je ze kunt vinden, zelfs zonder een kompas te gebruiken. Bijvoorbeeld door ons te begeleiden met de sterren.<\/p>\n\t\t\t\t\t\t<\/div><!-- .entry-summary -->\n\t\t\t\t\t<\/div><!-- wp-show-posts-inner --><\/article><article class=\" wp-show-posts-single post-56 post type-post status-publish format-standard hentry category-leerorientatie wpsp-col-6\" itemtype=\"http:\/\/schema.org\/CreativeWork\" itemscope><div class=\"wp-show-posts-inner\" style=\"\">\t\t\t\t\t\t<div class=\"wp-show-posts-entry-summary\" itemprop=\"text\">\n\t\t\t\t\t\t\t<p>Op een algemeen niveau wordt het kompas gebruikt om jezelf te ori\u00ebnteren&#8230; toch? Ik leg 3 verschillende VERSIES uit van wat een kompas is. Ontdek het echte nut ervan \u2705<\/p>\n\t\t\t\t\t\t<\/div><!-- .entry-summary -->\n\t\t\t\t\t<\/div><!-- wp-show-posts-inner --><\/article><article class=\" wp-show-posts-single post-55 post type-post status-publish format-standard hentry category-leerorientatie wpsp-col-6\" itemtype=\"http:\/\/schema.org\/CreativeWork\" itemscope><div class=\"wp-show-posts-inner\" style=\"\">\t\t\t\t\t\t<div class=\"wp-show-posts-entry-summary\" itemprop=\"text\">\n\t\t\t\t\t\t\t<p>Ben je benieuwd waarom de zon schijnt of hoe hij &#8217;s nachts echt ondergaat? Als je wilt weten waar de zon opkomt en nog veel meer&#8230;<\/p>\n\t\t\t\t\t\t<\/div><!-- .entry-summary -->\n\t\t\t\t\t<\/div><!-- wp-show-posts-inner --><\/article><article class=\" wp-show-posts-single post-54 post type-post status-publish format-standard hentry category-leerorientatie wpsp-col-6\" itemtype=\"http:\/\/schema.org\/CreativeWork\" itemscope><div class=\"wp-show-posts-inner\" style=\"\">\t\t\t\t\t\t<div class=\"wp-show-posts-entry-summary\" itemprop=\"text\">\n\t\t\t\t\t\t\t<p>Het kompas is een ori\u00ebntatie-instrument dat door middel van een magnetische naald het noorden aangeeft. Het bestaat uit 7 delen. \u2705ONTDEK ZE<\/p>\n\t\t\t\t\t\t<\/div><!-- .entry-summary -->\n\t\t\t\t\t<\/div><!-- wp-show-posts-inner --><\/article><article class=\" wp-show-posts-single post-53 post type-post status-publish format-standard hentry category-leerorientatie wpsp-col-6\" itemtype=\"http:\/\/schema.org\/CreativeWork\" itemscope><div class=\"wp-show-posts-inner\" style=\"\">\t\t\t\t\t\t<div class=\"wp-show-posts-entry-summary\" itemprop=\"text\">\n\t\t\t\t\t\t\t<p>Begrijp meteen de betekenis van het zonnekompas en de werking ervan. Waar een zonnekompas voor is: Ontdek het hier. \u2705<\/p>\n\t\t\t\t\t\t<\/div><!-- .entry-summary -->\n\t\t\t\t\t<\/div><!-- wp-show-posts-inner --><\/article><article class=\" wp-show-posts-single post-52 post type-post status-publish format-standard hentry category-leerorientatie wpsp-col-6\" itemtype=\"http:\/\/schema.org\/CreativeWork\" itemscope><div class=\"wp-show-posts-inner\" style=\"\">\t\t\t\t\t\t<div class=\"wp-show-posts-entry-summary\" itemprop=\"text\">\n\t\t\t\t\t\t\t<p>Dankzij het kompas hebben we routes en historische beschavingen over zee kunnen ontdekken. Ontdek wie het kompas heeft uitgevonden, waar en wanneer. \u2705<\/p>\n\t\t\t\t\t\t<\/div><!-- .entry-summary -->\n\t\t\t\t\t<\/div><!-- wp-show-posts-inner --><\/article><article class=\" wp-show-posts-single post-51 post type-post status-publish format-standard hentry category-hoe-te-orienteren wpsp-col-6\" itemtype=\"http:\/\/schema.org\/CreativeWork\" itemscope><div class=\"wp-show-posts-inner\" style=\"\">\t\t\t\t\t\t<div class=\"wp-show-posts-entry-summary\" itemprop=\"text\">\n\t\t\t\t\t\t\t<p>Ik leer je hoe je de ori\u00ebntatie van mijn huis kunt kennen en hoe je het goed kunt doen. Waar moet u rekening mee houden als het een vochtig, warm, droog, koud klimaat etc. is. \u2705 Ontdek het<\/p>\n\t\t\t\t\t\t<\/div><!-- .entry-summary -->\n\t\t\t\t\t<\/div><!-- wp-show-posts-inner --><\/article><article class=\" wp-show-posts-single post-50 post type-post status-publish format-standard hentry category-hoe-te-orienteren wpsp-col-6\" itemtype=\"http:\/\/schema.org\/CreativeWork\" itemscope><div class=\"wp-show-posts-inner\" style=\"\">\t\t\t\t\t\t<div class=\"wp-show-posts-entry-summary\" itemprop=\"text\">\n\t\t\t\t\t\t\t<p>Als u een online kompas op uw mobiel wilt gebruiken, moet het een magnetometer bevatten die de sterkte en richting van magnetische velden meet.<\/p>\n\t\t\t\t\t\t<\/div><!-- .entry-summary -->\n\t\t\t\t\t<\/div><!-- wp-show-posts-inner --><\/article><article class=\" wp-show-posts-single post-49 post type-post status-publish format-standard hentry category-hoe-te-orienteren wpsp-col-6\" itemtype=\"http:\/\/schema.org\/CreativeWork\" itemscope><div class=\"wp-show-posts-inner\" style=\"\">\t\t\t\t\t\t<div class=\"wp-show-posts-entry-summary\" itemprop=\"text\">\n\t\t\t\t\t\t\t<p>Google Maps bevat een kompaspictogram, net onder de optie voor het dempen van stemmen. Hiermee kunt u weten waar het noorden is. Hoe activeer je het?<\/p>\n\t\t\t\t\t\t<\/div><!-- .entry-summary -->\n\t\t\t\t\t<\/div><!-- wp-show-posts-inner --><\/article><article class=\" wp-show-posts-single post-48 post type-post status-publish format-standard hentry category-hoe-te-orienteren wpsp-col-6\" itemtype=\"http:\/\/schema.org\/CreativeWork\" itemscope><div class=\"wp-show-posts-inner\" style=\"\">\t\t\t\t\t\t<div class=\"wp-show-posts-entry-summary\" itemprop=\"text\">\n\t\t\t\t\t\t\t<p>Het leren gebruiken van het sportori\u00ebntatiekompas en het ori\u00ebnteren met kaart en kompas is essentieel om de natuur in te gaan. Hoe moet je het doen?<\/p>\n\t\t\t\t\t\t<\/div><!-- .entry-summary -->\n\t\t\t\t\t<\/div><!-- wp-show-posts-inner --><\/article><div class=\"wpsp-clear\"><\/div><\/section><!-- .wp-show-posts -->Je leert over de <strong>verschillen tussen mechanische en digitale<\/strong> kompassen, hoe je een kompas effectief kunt gebruiken en hoe je in de natuur kunt navigeren met behulp van sterren en terreinreferenties. Daarnaast zullen we je ook enkele trucs en <strong>tips tonen om je ori\u00ebntatie te verbeteren<\/strong> in moeilijke situaties.<div class=\"su-box su-box-style-glass\" id=\"\" style=\"border-color:#0029b7;border-radius:3px;max-width:none\"><div class=\"su-box-title\" style=\"background-color:#2a5cea;color:#FFFFFF;border-top-left-radius:1px;border-top-right-radius:1px\">Veelgestelde vragen:<\/div><div class=\"su-box-content su-u-clearfix su-u-trim\" style=\"border-bottom-left-radius:1px;border-bottom-right-radius:1px\"><div class=\"su-accordion su-u-trim\">\n<h3>Is er een kompas op mijn telefoon om het Noorden te weten?<\/h3>\n<p>Als je een <strong>Android, Apple of vergelijkbare<\/strong> mobiele telefoon hebt, bevat deze ook een magnetometer! Zelfs als je telefoon wat ouder of goedkoper is, kun je dit online kompas\/kompas volledig gratis gebruiken.<\/p>\n<h3>Is het een 100% echte virtuele kompas of een simulator?<\/h3>\n<p><span style=\"font-size: inherit;\">Dit is <strong>geen simulator<\/strong> van online kompassen, het is een <strong>echt kompas<\/strong> dat soepeler werkt dan de rest. En je kunt dit virtuele kompas in de palm van je hand gebruiken, met je mobiele telefoon zonder enige aanpassingen aan je telefoon te doen of een app te downloaden.<\/span><\/p>\n<h3>Hoe zie je het noorden op het online kompas?<\/h3>\n<p>Als je dit online kompas zou kunnen zien, zou je naar de zon kunnen kijken die opkomt in het oosten en ondergaat in het westen. In het zuidelijk halfrond is het omgekeerd. Met dit kompas op je mobiel kun je <strong>zien waar het noorden is<\/strong> door naar de rode N te kijken. Het is in het Spaans en je kunt het vinden op google als onlinecompass.pro.<\/p>\n<h3>Moet ik iets downloaden?<\/h3>\n<p>Je hoeft <strong>niets te downloaden<\/strong>. Dit virtuele kompas wordt rechtstreeks uitgevoerd in de browser van je mobiele telefoon. Het zal automatisch werken, zonder dat je op een knop hoeft te drukken.<\/div><\/div><\/div>\n<h2><strong>Uitgelichte<\/strong> artikelen:<\/h2>\n<p>Ben je ge\u00efnteresseerd in het leren hoe je een kompas effici\u00ebnt kunt gebruiken? Dan zijn deze artikelen perfect voor jou!<style>.wp-show-posts-columns#wpsp-1449 {margin-left: -2em; }.wp-show-posts-columns#wpsp-1449 .wp-show-posts-inner {margin: 0 0 2em 2em; }<\/style><section id=\"wpsp-1449\" class=\" wp-show-posts-columns wp-show-posts\" style=\"\"><article class=\" wp-show-posts-single post-57 post type-post status-publish format-standard hentry category-leerorientatie wpsp-col-6\" itemtype=\"http:\/\/schema.org\/CreativeWork\" itemscope><div class=\"wp-show-posts-inner\" style=\"\">\t\t\t\t\t\t<div class=\"wp-show-posts-entry-summary\" itemprop=\"text\">\n\t\t\t\t\t\t\t<p>Weet jij al wat de hoofdpunten zijn? Ik onthul je hoe je ze kunt vinden, zelfs zonder een kompas te gebruiken. Bijvoorbeeld door ons te begeleiden met de sterren.<\/p>\n\t\t\t\t\t\t<\/div><!-- .entry-summary -->\n\t\t\t\t\t<\/div><!-- wp-show-posts-inner --><\/article><article class=\" wp-show-posts-single post-56 post type-post status-publish format-standard hentry category-leerorientatie wpsp-col-6\" itemtype=\"http:\/\/schema.org\/CreativeWork\" itemscope><div class=\"wp-show-posts-inner\" style=\"\">\t\t\t\t\t\t<div class=\"wp-show-posts-entry-summary\" itemprop=\"text\">\n\t\t\t\t\t\t\t<p>Op een algemeen niveau wordt het kompas gebruikt om jezelf te ori\u00ebnteren&#8230; toch? Ik leg 3 verschillende VERSIES uit van wat een kompas is. Ontdek het echte nut ervan \u2705<\/p>\n\t\t\t\t\t\t<\/div><!-- .entry-summary -->\n\t\t\t\t\t<\/div><!-- wp-show-posts-inner --><\/article><article class=\" wp-show-posts-single post-55 post type-post status-publish format-standard hentry category-leerorientatie wpsp-col-6\" itemtype=\"http:\/\/schema.org\/CreativeWork\" itemscope><div class=\"wp-show-posts-inner\" style=\"\">\t\t\t\t\t\t<div class=\"wp-show-posts-entry-summary\" itemprop=\"text\">\n\t\t\t\t\t\t\t<p>Ben je benieuwd waarom de zon schijnt of hoe hij &#8217;s nachts echt ondergaat? Als je wilt weten waar de zon opkomt en nog veel meer&#8230;<\/p>\n\t\t\t\t\t\t<\/div><!-- .entry-summary -->\n\t\t\t\t\t<\/div><!-- wp-show-posts-inner --><\/article><article class=\" wp-show-posts-single post-54 post type-post status-publish format-standard hentry category-leerorientatie wpsp-col-6\" itemtype=\"http:\/\/schema.org\/CreativeWork\" itemscope><div class=\"wp-show-posts-inner\" style=\"\">\t\t\t\t\t\t<div class=\"wp-show-posts-entry-summary\" itemprop=\"text\">\n\t\t\t\t\t\t\t<p>Het kompas is een ori\u00ebntatie-instrument dat door middel van een magnetische naald het noorden aangeeft. Het bestaat uit 7 delen. \u2705ONTDEK ZE<\/p>\n\t\t\t\t\t\t<\/div><!-- .entry-summary -->\n\t\t\t\t\t<\/div><!-- wp-show-posts-inner --><\/article><article class=\" wp-show-posts-single post-53 post type-post status-publish format-standard hentry category-leerorientatie wpsp-col-6\" itemtype=\"http:\/\/schema.org\/CreativeWork\" itemscope><div class=\"wp-show-posts-inner\" style=\"\">\t\t\t\t\t\t<div class=\"wp-show-posts-entry-summary\" itemprop=\"text\">\n\t\t\t\t\t\t\t<p>Begrijp meteen de betekenis van het zonnekompas en de werking ervan. Waar een zonnekompas voor is: Ontdek het hier. \u2705<\/p>\n\t\t\t\t\t\t<\/div><!-- .entry-summary -->\n\t\t\t\t\t<\/div><!-- wp-show-posts-inner --><\/article><article class=\" wp-show-posts-single post-52 post type-post status-publish format-standard hentry category-leerorientatie wpsp-col-6\" itemtype=\"http:\/\/schema.org\/CreativeWork\" itemscope><div class=\"wp-show-posts-inner\" style=\"\">\t\t\t\t\t\t<div class=\"wp-show-posts-entry-summary\" itemprop=\"text\">\n\t\t\t\t\t\t\t<p>Dankzij het kompas hebben we routes en historische beschavingen over zee kunnen ontdekken. Ontdek wie het kompas heeft uitgevonden, waar en wanneer. \u2705<\/p>\n\t\t\t\t\t\t<\/div><!-- .entry-summary -->\n\t\t\t\t\t<\/div><!-- wp-show-posts-inner --><\/article><article class=\" wp-show-posts-single post-51 post type-post status-publish format-standard hentry category-hoe-te-orienteren wpsp-col-6\" itemtype=\"http:\/\/schema.org\/CreativeWork\" itemscope><div class=\"wp-show-posts-inner\" style=\"\">\t\t\t\t\t\t<div class=\"wp-show-posts-entry-summary\" itemprop=\"text\">\n\t\t\t\t\t\t\t<p>Ik leer je hoe je de ori\u00ebntatie van mijn huis kunt kennen en hoe je het goed kunt doen. Waar moet u rekening mee houden als het een vochtig, warm, droog, koud klimaat etc. is. \u2705 Ontdek het<\/p>\n\t\t\t\t\t\t<\/div><!-- .entry-summary -->\n\t\t\t\t\t<\/div><!-- wp-show-posts-inner --><\/article><article class=\" wp-show-posts-single post-50 post type-post status-publish format-standard hentry category-hoe-te-orienteren wpsp-col-6\" itemtype=\"http:\/\/schema.org\/CreativeWork\" itemscope><div class=\"wp-show-posts-inner\" style=\"\">\t\t\t\t\t\t<div class=\"wp-show-posts-entry-summary\" itemprop=\"text\">\n\t\t\t\t\t\t\t<p>Als u een online kompas op uw mobiel wilt gebruiken, moet het een magnetometer bevatten die de sterkte en richting van magnetische velden meet.<\/p>\n\t\t\t\t\t\t<\/div><!-- .entry-summary -->\n\t\t\t\t\t<\/div><!-- wp-show-posts-inner --><\/article><article class=\" wp-show-posts-single post-49 post type-post status-publish format-standard hentry category-hoe-te-orienteren wpsp-col-6\" itemtype=\"http:\/\/schema.org\/CreativeWork\" itemscope><div class=\"wp-show-posts-inner\" style=\"\">\t\t\t\t\t\t<div class=\"wp-show-posts-entry-summary\" itemprop=\"text\">\n\t\t\t\t\t\t\t<p>Google Maps bevat een kompaspictogram, net onder de optie voor het dempen van stemmen. Hiermee kunt u weten waar het noorden is. Hoe activeer je het?<\/p>\n\t\t\t\t\t\t<\/div><!-- .entry-summary -->\n\t\t\t\t\t<\/div><!-- wp-show-posts-inner --><\/article><article class=\" wp-show-posts-single post-48 post type-post status-publish format-standard hentry category-hoe-te-orienteren wpsp-col-6\" itemtype=\"http:\/\/schema.org\/CreativeWork\" itemscope><div class=\"wp-show-posts-inner\" style=\"\">\t\t\t\t\t\t<div class=\"wp-show-posts-entry-summary\" itemprop=\"text\">\n\t\t\t\t\t\t\t<p>Het leren gebruiken van het sportori\u00ebntatiekompas en het ori\u00ebnteren met kaart en kompas is essentieel om de natuur in te gaan. Hoe moet je het doen?<\/p>\n\t\t\t\t\t\t<\/div><!-- .entry-summary -->\n\t\t\t\t\t<\/div><!-- wp-show-posts-inner --><\/article><div class=\"wpsp-clear\"><\/div><\/section><!-- .wp-show-posts -->Kortom, deze artikelen zullen je een schat aan informatie geven over hoe je een kompas gebruikt, van hoe het werkt tot hoe je het in verschillende situaties en plaatsen gebruikt. Mis nooit de kans om te leren!Als je het leuk vond, <strong>kun je delen<\/strong>\u00a0\ud83d\ude42<\/p>\n<div style='text-align:center' class='yasr-auto-insert-visitor'><\/div>","protected":false},"excerpt":{"rendered":"<p>Probeer de enige online kompas die naar het noorden kan ori\u00ebnteren. Een kompas zonder te downloaden van een app. 100% gratis: Gebruik online kompas Ben je klaar om het Noorden te vinden?! Met je Android, Apple of vergelijkbare mobiele telefoon, heb je ook een ingebouwd kompas! En het beste van alles, je hoeft geen app &#8230; <a title=\"Hoe het ori\u00ebntatiekompas te gebruiken: complete gids 2022\" class=\"read-more\" href=\"https:\/\/onlinecompass.pro\/nl\/hoe-te-orienteren\/gebruik-kompas-orientatie\/\" aria-label=\"Lees meer over Hoe het ori\u00ebntatiekompas te gebruiken: complete gids 2022\">Lees verder<\/a><\/p>\n","protected":false},"author":1,"featured_media":0,"parent":0,"menu_order":0,"comment_status":"open","ping_status":"open","template":"","meta":{"yasr_overall_rating":0,"yasr_post_is_review":"","yasr_auto_insert_disabled":"","yasr_review_type":"","footnotes":""},"class_list":["post-7","page","type-page","status-publish","hentry"],"yoast_head":"<!-- This site is optimized with the Yoast SEO plugin v26.8 - https:\/\/yoast.com\/product\/yoast-seo-wordpress\/ -->\n<title>Gratis online kompas zonder download voor je mobiel - Online kompas<\/title>\n<meta name=\"robots\" content=\"index, follow, max-snippet:-1, max-image-preview:large, max-video-preview:-1\" \/>\n<link rel=\"canonical\" href=\"https:\/\/onlinecompass.pro\/nl\/\" \/>\n<meta property=\"og:locale\" content=\"nl_NL\" \/>\n<meta property=\"og:type\" content=\"article\" \/>\n<meta property=\"og:title\" content=\"Gratis online kompas zonder download voor je mobiel - Online kompas\" \/>\n<meta property=\"og:description\" content=\"Probeer de enige online kompas die naar het noorden kan ori\u00ebnteren. Een kompas zonder te downloaden van een app. 100% gratis: Gebruik online kompas Ben je klaar om het Noorden te vinden?! Met je Android, Apple of vergelijkbare mobiele telefoon, heb je ook een ingebouwd kompas! En het beste van alles, je hoeft geen app ... Lees verder\" \/>\n<meta property=\"og:url\" content=\"https:\/\/onlinecompass.pro\/nl\/\" \/>\n<meta property=\"og:site_name\" content=\"Online kompas\" \/>\n<meta name=\"twitter:card\" content=\"summary_large_image\" \/>\n<meta name=\"twitter:label1\" content=\"Geschatte leestijd\" \/>\n\t<meta name=\"twitter:data1\" content=\"3 minuten\" \/>\n<script type=\"application\/ld+json\" class=\"yoast-schema-graph\">{\"@context\":\"https:\/\/schema.org\",\"@graph\":[{\"@type\":\"WebPage\",\"@id\":\"https:\/\/onlinecompass.pro\/nl\/\",\"url\":\"https:\/\/onlinecompass.pro\/nl\/\",\"name\":\"Gratis online kompas zonder download voor je mobiel - Online kompas\",\"isPartOf\":{\"@id\":\"https:\/\/onlinecompass.pro\/nl\/#website\"},\"datePublished\":\"2025-03-21T17:15:04+00:00\",\"breadcrumb\":{\"@id\":\"https:\/\/onlinecompass.pro\/nl\/#breadcrumb\"},\"inLanguage\":\"nl-NL\",\"potentialAction\":[{\"@type\":\"ReadAction\",\"target\":[\"https:\/\/onlinecompass.pro\/nl\/\"]}]},{\"@type\":\"BreadcrumbList\",\"@id\":\"https:\/\/onlinecompass.pro\/nl\/#breadcrumb\",\"itemListElement\":[{\"@type\":\"ListItem\",\"position\":1,\"name\":\"Portada\",\"item\":\"https:\/\/onlinecompass.pro\/nl\/\"},{\"@type\":\"ListItem\",\"position\":2,\"name\":\"Gratis online kompas zonder download voor je mobiel\"}]},{\"@type\":\"WebSite\",\"@id\":\"https:\/\/onlinecompass.pro\/nl\/#website\",\"url\":\"https:\/\/onlinecompass.pro\/nl\/\",\"name\":\"Online kompas\",\"description\":\"Het beste online kompas\",\"potentialAction\":[{\"@type\":\"SearchAction\",\"target\":{\"@type\":\"EntryPoint\",\"urlTemplate\":\"https:\/\/onlinecompass.pro\/nl\/?s={search_term_string}\"},\"query-input\":{\"@type\":\"PropertyValueSpecification\",\"valueRequired\":true,\"valueName\":\"search_term_string\"}}],\"inLanguage\":\"nl-NL\"},false]}<\/script>\n<!-- \/ Yoast SEO plugin. -->","yoast_head_json":{"title":"Gratis online kompas zonder download voor je mobiel - Online kompas","robots":{"index":"index","follow":"follow","max-snippet":"max-snippet:-1","max-image-preview":"max-image-preview:large","max-video-preview":"max-video-preview:-1"},"canonical":"https:\/\/onlinecompass.pro\/nl\/","og_locale":"nl_NL","og_type":"article","og_title":"Gratis online kompas zonder download voor je mobiel - Online kompas","og_description":"Probeer de enige online kompas die naar het noorden kan ori\u00ebnteren. Een kompas zonder te downloaden van een app. 100% gratis: Gebruik online kompas Ben je klaar om het Noorden te vinden?! Met je Android, Apple of vergelijkbare mobiele telefoon, heb je ook een ingebouwd kompas! En het beste van alles, je hoeft geen app ... Lees verder","og_url":"https:\/\/onlinecompass.pro\/nl\/","og_site_name":"Online kompas","twitter_card":"summary_large_image","twitter_misc":{"Geschatte leestijd":"3 minuten"},"schema":{"@context":"https:\/\/schema.org","@graph":[{"@type":"WebPage","@id":"https:\/\/onlinecompass.pro\/nl\/","url":"https:\/\/onlinecompass.pro\/nl\/","name":"Gratis online kompas zonder download voor je mobiel - Online kompas","isPartOf":{"@id":"https:\/\/onlinecompass.pro\/nl\/#website"},"datePublished":"2025-03-21T17:15:04+00:00","breadcrumb":{"@id":"https:\/\/onlinecompass.pro\/nl\/#breadcrumb"},"inLanguage":"nl-NL","potentialAction":[{"@type":"ReadAction","target":["https:\/\/onlinecompass.pro\/nl\/"]}]},{"@type":"BreadcrumbList","@id":"https:\/\/onlinecompass.pro\/nl\/#breadcrumb","itemListElement":[{"@type":"ListItem","position":1,"name":"Portada","item":"https:\/\/onlinecompass.pro\/nl\/"},{"@type":"ListItem","position":2,"name":"Gratis online kompas zonder download voor je mobiel"}]},{"@type":"WebSite","@id":"https:\/\/onlinecompass.pro\/nl\/#website","url":"https:\/\/onlinecompass.pro\/nl\/","name":"Online kompas","description":"Het beste online kompas","potentialAction":[{"@type":"SearchAction","target":{"@type":"EntryPoint","urlTemplate":"https:\/\/onlinecompass.pro\/nl\/?s={search_term_string}"},"query-input":{"@type":"PropertyValueSpecification","valueRequired":true,"valueName":"search_term_string"}}],"inLanguage":"nl-NL"},false]}},"yasr_visitor_votes":{"stars_attributes":{"read_only":false,"span_bottom":false},"number_of_votes":0,"sum_votes":0},"_links":{"self":[{"href":"https:\/\/onlinecompass.pro\/nl\/wp-json\/wp\/v2\/pages\/7","targetHints":{"allow":["GET"]}}],"collection":[{"href":"https:\/\/onlinecompass.pro\/nl\/wp-json\/wp\/v2\/pages"}],"about":[{"href":"https:\/\/onlinecompass.pro\/nl\/wp-json\/wp\/v2\/types\/page"}],"author":[{"embeddable":true,"href":"https:\/\/onlinecompass.pro\/nl\/wp-json\/wp\/v2\/users\/1"}],"replies":[{"embeddable":true,"href":"https:\/\/onlinecompass.pro\/nl\/wp-json\/wp\/v2\/comments?post=7"}],"version-history":[{"count":0,"href":"https:\/\/onlinecompass.pro\/nl\/wp-json\/wp\/v2\/pages\/7\/revisions"}],"wp:attachment":[{"href":"https:\/\/onlinecompass.pro\/nl\/wp-json\/wp\/v2\/media?parent=7"}],"curies":[{"name":"wp","href":"https:\/\/api.w.org\/{rel}","templated":true}]}}