{"id":43,"date":"2025-03-01T21:01:26","date_gmt":"2025-03-01T20:01:26","guid":{"rendered":"https:\/\/onlinecompass.pro\/it\/filosofia\/"},"modified":"2025-03-01T21:01:26","modified_gmt":"2025-03-01T20:01:26","slug":"filosofia","status":"publish","type":"page","link":"https:\/\/onlinecompass.pro\/it\/filosofia\/","title":{"rendered":"Filosofia e valori:"},"content":{"rendered":"<p>Questo progetto ha <strong>una missione<\/strong>: facilitare l&#8217;orientamento delle persone attraverso l&#8217;accesso a uno strumento gratuito e accessibile a tutti i pubblici. Indipendentemente dal dispositivo che utilizzano.<\/p>\n<p>Ha un <strong>valore unico<\/strong> in cui investire tutti gli sforzi: la bussola online che condividiamo con la comunit\u00e0 e tutto l&#8217;aiuto che offriamo in modo complementare.<\/p>\n<p><strong>Manteniamo l&#8217;impegno<\/strong> di migliorare la velocit\u00e0, la precisione e la qualit\u00e0 delle bussole online esistenti. Con il valore aggiunto di non dover scaricare alcuna applicazione nativa, cio\u00e8 senza occupare spazio nella memoria del dispositivo. Questo \u00e8 particolarmente rilevante nei casi di utilizzo occasionale dello strumento. Se si prevede di utilizzarlo regolarmente, si potrebbe accedere da Google o salvarlo tra i <em>Preferiti<\/em> nel tuo browser.<\/p>\n<div class=\"autor_post\">Juan Carlos \u00e8 uno specialista in <a href=\"\/it\/\">orientamento<\/a> ed \u00e8 il volto pi\u00f9 visibile di questo progetto. Ha diversi anni di esperienza nelle corse di orientamento ed \u00e8 specializzato nell&#8217;orientamento in natura.<\/div>\n<div style='text-align:center' class='yasr-auto-insert-visitor'><\/div>","protected":false},"excerpt":{"rendered":"<p>Questo progetto ha una missione: facilitare l&#8217;orientamento delle persone attraverso l&#8217;accesso a uno strumento gratuito e accessibile a tutti i pubblici. Indipendentemente dal dispositivo che utilizzano. Ha un valore unico in cui investire tutti gli sforzi: la bussola online che condividiamo con la comunit\u00e0 e tutto l&#8217;aiuto che offriamo in modo complementare. Manteniamo l&#8217;impegno di &#8230; <a title=\"Filosofia e valori:\" class=\"read-more\" href=\"https:\/\/onlinecompass.pro\/it\/filosofia\/\" aria-label=\"Per saperne di pi\u00f9 su Filosofia e valori:\">Leggi tutto<\/a><\/p>\n","protected":false},"author":1,"featured_media":0,"parent":0,"menu_order":0,"comment_status":"open","ping_status":"open","template":"","meta":{"yasr_overall_rating":0,"yasr_post_is_review":"","yasr_auto_insert_disabled":"","yasr_review_type":"","footnotes":""},"class_list":["post-43","page","type-page","status-publish"],"yoast_head":"<!-- This site is optimized with the Yoast SEO plugin v26.8 - https:\/\/yoast.com\/product\/yoast-seo-wordpress\/ -->\n<title>Filosofia e valori: - Bussola in linea<\/title>\n<meta name=\"robots\" content=\"index, follow, max-snippet:-1, max-image-preview:large, max-video-preview:-1\" \/>\n<link rel=\"canonical\" href=\"https:\/\/onlinecompass.pro\/it\/filosofia\/\" \/>\n<meta property=\"og:locale\" content=\"it_IT\" \/>\n<meta property=\"og:type\" content=\"article\" \/>\n<meta property=\"og:title\" content=\"Filosofia e valori: - Bussola in linea\" \/>\n<meta property=\"og:description\" content=\"Questo progetto ha una missione: facilitare l&#8217;orientamento delle persone attraverso l&#8217;accesso a uno strumento gratuito e accessibile a tutti i pubblici. Indipendentemente dal dispositivo che utilizzano. Ha un valore unico in cui investire tutti gli sforzi: la bussola online che condividiamo con la comunit\u00e0 e tutto l&#8217;aiuto che offriamo in modo complementare. Manteniamo l&#8217;impegno di ... Leggi tutto\" \/>\n<meta property=\"og:url\" content=\"https:\/\/onlinecompass.pro\/it\/filosofia\/\" \/>\n<meta property=\"og:site_name\" content=\"Bussola in linea\" \/>\n<meta name=\"twitter:card\" content=\"summary_large_image\" \/>\n<meta name=\"twitter:label1\" content=\"Tempo di lettura stimato\" \/>\n\t<meta name=\"twitter:data1\" content=\"1 minuto\" \/>\n<script type=\"application\/ld+json\" class=\"yoast-schema-graph\">{\"@context\":\"https:\/\/schema.org\",\"@graph\":[{\"@type\":\"WebPage\",\"@id\":\"https:\/\/onlinecompass.pro\/it\/filosofia\/\",\"url\":\"https:\/\/onlinecompass.pro\/it\/filosofia\/\",\"name\":\"Filosofia e valori: - Bussola in linea\",\"isPartOf\":{\"@id\":\"https:\/\/onlinecompass.pro\/it\/#website\"},\"datePublished\":\"2025-03-01T20:01:26+00:00\",\"breadcrumb\":{\"@id\":\"https:\/\/onlinecompass.pro\/it\/filosofia\/#breadcrumb\"},\"inLanguage\":\"it-IT\",\"potentialAction\":[{\"@type\":\"ReadAction\",\"target\":[\"https:\/\/onlinecompass.pro\/it\/filosofia\/\"]}]},{\"@type\":\"BreadcrumbList\",\"@id\":\"https:\/\/onlinecompass.pro\/it\/filosofia\/#breadcrumb\",\"itemListElement\":[{\"@type\":\"ListItem\",\"position\":1,\"name\":\"Portada\",\"item\":\"https:\/\/onlinecompass.pro\/it\/\"},{\"@type\":\"ListItem\",\"position\":2,\"name\":\"Filosofia e valori:\"}]},{\"@type\":\"WebSite\",\"@id\":\"https:\/\/onlinecompass.pro\/it\/#website\",\"url\":\"https:\/\/onlinecompass.pro\/it\/\",\"name\":\"Bussola in linea\",\"description\":\"La migliore app bussola online\",\"potentialAction\":[{\"@type\":\"SearchAction\",\"target\":{\"@type\":\"EntryPoint\",\"urlTemplate\":\"https:\/\/onlinecompass.pro\/it\/?s={search_term_string}\"},\"query-input\":{\"@type\":\"PropertyValueSpecification\",\"valueRequired\":true,\"valueName\":\"search_term_string\"}}],\"inLanguage\":\"it-IT\"},false]}<\/script>\n<!-- \/ Yoast SEO plugin. -->","yoast_head_json":{"title":"Filosofia e valori: - Bussola in linea","robots":{"index":"index","follow":"follow","max-snippet":"max-snippet:-1","max-image-preview":"max-image-preview:large","max-video-preview":"max-video-preview:-1"},"canonical":"https:\/\/onlinecompass.pro\/it\/filosofia\/","og_locale":"it_IT","og_type":"article","og_title":"Filosofia e valori: - Bussola in linea","og_description":"Questo progetto ha una missione: facilitare l&#8217;orientamento delle persone attraverso l&#8217;accesso a uno strumento gratuito e accessibile a tutti i pubblici. Indipendentemente dal dispositivo che utilizzano. Ha un valore unico in cui investire tutti gli sforzi: la bussola online che condividiamo con la comunit\u00e0 e tutto l&#8217;aiuto che offriamo in modo complementare. Manteniamo l&#8217;impegno di ... Leggi tutto","og_url":"https:\/\/onlinecompass.pro\/it\/filosofia\/","og_site_name":"Bussola in linea","twitter_card":"summary_large_image","twitter_misc":{"Tempo di lettura stimato":"1 minuto"},"schema":{"@context":"https:\/\/schema.org","@graph":[{"@type":"WebPage","@id":"https:\/\/onlinecompass.pro\/it\/filosofia\/","url":"https:\/\/onlinecompass.pro\/it\/filosofia\/","name":"Filosofia e valori: - Bussola in linea","isPartOf":{"@id":"https:\/\/onlinecompass.pro\/it\/#website"},"datePublished":"2025-03-01T20:01:26+00:00","breadcrumb":{"@id":"https:\/\/onlinecompass.pro\/it\/filosofia\/#breadcrumb"},"inLanguage":"it-IT","potentialAction":[{"@type":"ReadAction","target":["https:\/\/onlinecompass.pro\/it\/filosofia\/"]}]},{"@type":"BreadcrumbList","@id":"https:\/\/onlinecompass.pro\/it\/filosofia\/#breadcrumb","itemListElement":[{"@type":"ListItem","position":1,"name":"Portada","item":"https:\/\/onlinecompass.pro\/it\/"},{"@type":"ListItem","position":2,"name":"Filosofia e valori:"}]},{"@type":"WebSite","@id":"https:\/\/onlinecompass.pro\/it\/#website","url":"https:\/\/onlinecompass.pro\/it\/","name":"Bussola in linea","description":"La migliore app bussola online","potentialAction":[{"@type":"SearchAction","target":{"@type":"EntryPoint","urlTemplate":"https:\/\/onlinecompass.pro\/it\/?s={search_term_string}"},"query-input":{"@type":"PropertyValueSpecification","valueRequired":true,"valueName":"search_term_string"}}],"inLanguage":"it-IT"},false]}},"yasr_visitor_votes":{"stars_attributes":{"read_only":false,"span_bottom":false},"number_of_votes":0,"sum_votes":0},"_links":{"self":[{"href":"https:\/\/onlinecompass.pro\/it\/wp-json\/wp\/v2\/pages\/43","targetHints":{"allow":["GET"]}}],"collection":[{"href":"https:\/\/onlinecompass.pro\/it\/wp-json\/wp\/v2\/pages"}],"about":[{"href":"https:\/\/onlinecompass.pro\/it\/wp-json\/wp\/v2\/types\/page"}],"author":[{"embeddable":true,"href":"https:\/\/onlinecompass.pro\/it\/wp-json\/wp\/v2\/users\/1"}],"replies":[{"embeddable":true,"href":"https:\/\/onlinecompass.pro\/it\/wp-json\/wp\/v2\/comments?post=43"}],"version-history":[{"count":0,"href":"https:\/\/onlinecompass.pro\/it\/wp-json\/wp\/v2\/pages\/43\/revisions"}],"wp:attachment":[{"href":"https:\/\/onlinecompass.pro\/it\/wp-json\/wp\/v2\/media?parent=43"}],"curies":[{"name":"wp","href":"https:\/\/api.w.org\/{rel}","templated":true}]}}