{"id":40,"date":"2025-03-01T21:01:26","date_gmt":"2025-03-01T20:01:26","guid":{"rendered":"https:\/\/onlinecompass.pro\/it\/avviso-legale\/"},"modified":"2025-03-01T21:01:26","modified_gmt":"2025-03-01T20:01:26","slug":"avviso-legale","status":"publish","type":"page","link":"https:\/\/onlinecompass.pro\/it\/avviso-legale\/","title":{"rendered":"Avviso legale e condizioni d&#8217;uso"},"content":{"rendered":"<p><strong>Documento rivisto il 22\/01\/2023<\/strong><\/p>\n<p>Se sei arrivato fin qui significa che ti interessa il retroscena di questo sito e i termini in cui scelgo di relazionarmi con te e questa \u00e8 un&#8217;ottima notizia per me, in quanto responsabile di questo sito.<\/p>\n\n<p>Lo scopo di questo testo \u00e8 spiegare in dettaglio le funzionalit\u00e0 di questo sito web e fornire tutte le informazioni relative alla persona responsabile e allo scopo dei contenuti in esso inclusi.<\/p>\n<p>I tuoi dati e la tua privacy sono della massima importanza su questo sito Web ed \u00e8 per questo che ti consiglio di leggere anche la mia <a href=\"\/it\/politica-sulla-riservatezza\/\" target=\"_blank\" rel=\"noopener noreferrer\">Informativa sulla privacy<\/a>.<\/p>\n<p>Identificatore responsabile<\/p>\n<p>La prima cosa che dovresti fare \u00e8 sapere chi \u00e8 responsabile di questo sito web. In ottemperanza alla legge 34\/2002, dell&#8217;11 luglio, sui servizi della societ\u00e0 dell&#8217;informazione e sul commercio elettronico, vi informiamo che:<\/p>\n<ul>\n<li>Il suo nome aziendale \u00e8: Juan Carlos Brun<\/li>\n<li>La sua sede legale \u00e8 in Calle Mart\u00ednez Maldonado, 24, 3 A \u2013 M\u00e1laga, M\u00e1laga<\/li>\n<li>La sua attivit\u00e0 sociale \u00e8: Laureato in Scienze delle Attivit\u00e0 Fisiche e web editor specializzato in varie discipline sportive ed esperto in orientamento sportivo.<\/li>\n<\/ul>\n<h2><span id=\"The_scopo_of_this_web_page\">Lo scopo di questa pagina web<\/span><\/h2>\n<ul>\n<li>Fornire contenuti relativi alla mia attivit\u00e0 ed esperienza sportiva.<\/li>\n<li>Gestisci l&#8217;elenco degli iscritti al blog e modera i commenti.<\/li>\n<\/ul>\n<h2><span id=\"Utilizacion_de_la_web\">Uso del web<\/span><\/h2>\n<p>Durante l&#8217;utilizzo del sito onlinecompass.pro, l&#8217;Utente si impegna a non porre in essere alcun comportamento che possa ledere l&#8217;immagine, gli interessi e i diritti di onlinecompass.pro o di terzi o che possa danneggiare, disabilitare o sovraccaricare il sito onlinecompass.pro o che impedisca, in qualsiasi modo, il normale utilizzo del sito web.<\/p>\n<p>onlinecompass.pro adotta misure di sicurezza ragionevolmente adeguate per rilevare l&#8217;esistenza di virus. Tuttavia, l&#8217;Utente deve essere consapevole che le misure di sicurezza dei sistemi informatici su Internet non sono del tutto affidabili e che, pertanto, onlinecompass.pro non pu\u00f2 garantire l&#8217;assenza di virus o altri elementi che possano causare alterazioni nei sistemi informatici dell&#8217;Utente (software e hardware) o nei documenti e file elettronici in essi contenuti.<\/p>\n<p>In ogni caso, \u00e8 vietato agli UTENTI (e il PORTALE potr\u00e0 cancellare i contenuti e i commenti che riterr\u00e0 opportuni) porre in essere comportamenti che comportino:<\/p>\n<ul>\n<li>Conservare, pubblicare e\/o trasmettere dati, testi, immagini, file, collegamenti, software o altri contenuti che siano discutibili ai sensi delle disposizioni di legge applicabili o che, secondo la stima di onlinecompass.pro, siano illegali, violenti, minacciosi, abusivi, diffamatori, volgari, osceni, razzisti, xenofobi o altrimenti discutibili o illeciti o che possano causare danni di qualsiasi tipo, in particolare contenuti pornografici.<\/li>\n<\/ul>\n<h2><span id=\"User_Obligations\">Obblighi dell&#8217;utente<\/span><\/h2>\n<p>Come utente, sei informato che l&#8217;accesso a questo sito web non implica in alcun modo l&#8217;inizio di un rapporto commerciale con Juan Carlos Brun. In questo modo, l&#8217;utente si impegna a utilizzare il sito web, i suoi servizi e contenuti senza violare la legislazione vigente, la buona fede e l&#8217;ordine pubblico. \u00c8 vietato l&#8217;uso del sito per scopi illegali o dannosi o che, in qualsiasi modo, possano causare danni o impedire il normale funzionamento del sito.<\/p>\n<p>Per quanto riguarda i contenuti di questo sito web, \u00e8 vietato:<\/p>\n<ul>\n<li>La sua riproduzione, distribuzione o modifica, totale o parziale, a meno che non abbia l&#8217;autorizzazione dei legittimi proprietari;<\/li>\n<li>Qualsiasi violazione dei diritti del fornitore o dei legittimi proprietari;<\/li>\n<li>Il suo utilizzo per scopi commerciali o pubblicitari.<\/li>\n<\/ul>\n<h2><span id=\"Politica sulla protezione dei dati e sulla riservatezza\">Politica sulla protezione dei dati e sulla riservatezza<\/span><\/h2>\n<p>Juan Carlos Brun garantisce la riservatezza dei dati personali forniti dagli UTENTI e il loro trattamento in conformit\u00e0 con la normativa vigente in materia di protezione dei dati personali, avendo adottato i livelli di sicurezza di protezione dei dati personali legalmente richiesti.<\/p>\n<p>Juan Carlos Brun si impegna a utilizzare i dati contenuti nella scheda \u201cUTENTI E ABBONATI WEB\u201d, a rispettarne la riservatezza e ad utilizzarli in conformit\u00e0 con il suo scopo, nonch\u00e9 a rispettare l&#8217;obbligo di salvarli e ad adottare tutte le misure per evitare alterazioni, perdite, trattamenti o accessi non autorizzati, in conformit\u00e0 con le disposizioni del Regio Decreto 1720\/2007 del 21 dicembre, che approva il Regolamento per lo sviluppo della Legge. Organica 15\/1999 del 13 dicembre, Protezione dei dati personali.<\/p>\n<p>Questo sito web utilizza diversi sistemi di acquisizione delle informazioni personali specificati nella <a href=\"\/it\/politica-sulla-riservatezza\/\" target=\"_blank\" rel=\"noopener noreferrer\">Informativa sulla privacy<\/a> e dove gli usi e le finalit\u00e0 sono riportati in dettaglio. Questo sito richiede sempre il preventivo consenso degli utenti al trattamento dei loro dati personali per le finalit\u00e0 indicate.<\/p>\n<p>L&#8217;utente ha il diritto di revocare in qualsiasi momento il proprio consenso prestato.<\/p>\n<h2><span id=\"Esercizio_di_diritti_ARCO\">Esercizio dei diritti ARCO<\/span><\/h2>\n<p>Lutente pu\u00f2 esercitare, rispetto ai dati raccolti, i diritti riconosciuti dalla Legge Organica 15\/1999, di accesso, rettifica o cancellazione dei dati e di opposizione. Per esercitare tali diritti, l&#8217;utente dovr\u00e0 presentare una richiesta scritta e firmata che potr\u00e0 essere inviata, insieme a una fotocopia del proprio DNI o documento di identificazione equivalente, all&#8217;indirizzo postale di Juan Carlos Brun (ovvero, Calle Mart\u00ednez Maldonado, 24, 3 A &#8211; M\u00e1laga, M\u00e1laga) o via e-mail, che potr\u00e0 successivamente richiedere una fotocopia del proprio DNI dal nostro <a href=\"\/it\/contatto\/\">modulo di contatto<\/a>. Alla richiesta verr\u00e0 risposto entro 10 giorni per confermare l&#8217;esecuzione del diritto che hai richiesto di esercitare.<\/p>\n<h2><span id=\"Reclami\">Reclami<\/span><\/h2>\n<p>Juan Carlos Brun informa che sono disponibili moduli di reclamo per utenti e clienti.<\/p>\n<p>L&#8217;utente pu\u00f2 avanzare reclami richiedendo il modulo di reclamo o inviando un&#8217;e-mail tramite il nostro <a href=\"\/it\/contatto\/\">modulo di contatto<\/a> indicando il proprio nome e cognome e indicando i motivi del reclamo.<\/p>\n<p>Puoi anche inviare il tuo reclamo tramite posta ordinaria a: Juan Carlos Brun, Calle Mart\u00ednez Maldonado, 24, 3 A &#8211; M\u00e1laga, M\u00e1laga.<\/p>\n<h2><span id=\"Intellectual_and_industrial_property_rights\">Diritti di propriet\u00e0 intellettuale e industriale<\/span><\/h2>\n<p>Attraverso le presenti Condizioni Generali, nessun diritto di propriet\u00e0 intellettuale o industriale viene trasferito sul sito onlinecompass.pro, la cui propriet\u00e0 intellettuale appartiene a Juan Carlos Brun, e all&#8217;Utente \u00e8 espressamente vietato riprodurre, trasformare, distribuire, comunicare pubblicamente, mettere a disposizione del pubblico, estrarre, riutilizzare, trasmettere o utilizzare qualsiasi natura, con qualsiasi mezzo o procedura, di qualsiasi di essi, tranne nei casi in cui ci\u00f2 sia legalmente consentito o autorizzato dal titolare dei diritti corrispondenti.<\/p>\n<p>L&#8217;utente conosce e accetta che l&#8217;intero sito web, contenente senza limitazione testo, software, contenuto (inclusa struttura, selezione, disposizione e presentazione), fotografie, materiale audiovisivo e ricette, \u00e8 protetto da marchi, diritti d&#8217;autore e altri diritti legittimi registrati, in conformit\u00e0 con i trattati internazionali di cui la Spagna \u00e8 parte e altri diritti di propriet\u00e0 e leggi della Spagna.<\/p>\n<p>Nel caso in cui un utente o un terzo ritengano che si sia verificata una violazione dei suoi legittimi diritti di propriet\u00e0 intellettuale a causa dell&#8217;introduzione di determinati contenuti sul Web, dovr\u00e0 informare Juan Carlos Brun di tale circostanza, indicando:<\/p>\n<ul>\n<li>Dati personali dell&#8217;interessato titolare dei diritti presumibilmente lesi o indicazione della rappresentanza con cui agisce nel caso in cui il reclamo sia presentato da un terzo diverso dall&#8217;interessato.<\/li>\n<\/ul>\n<p>Indicare i contenuti protetti dai diritti di propriet\u00e0 intellettuale e la loro ubicazione sul Web, l&#8217;accreditamento dei diritti di propriet\u00e0 intellettuale indicati e una dichiarazione esplicita in cui l&#8217;interessato \u00e8 responsabile della veridicit\u00e0 delle informazioni fornite nella notifica.<\/p>\n<p>Alcuni contenuti di onlinecompass.pro<i><\/i>sono coperti da una <a title=\"Licenza Creative Commons Attribution-NonCommercial-NoDerivativeWorks 3.0 Spain\" href=\"\/ithttp:\/\/creativecommons.org\/licenses\/by-nc-nd\/3.0\/es\/\" target=\"_blank\" rel=\"license nofollow noopener noreferrer\">Licenza Creative Commons Riconoscimento-NonCommercial-NoDerivativeWorks 3.0 Spagna<\/a>, <strong>purch\u00e9 siano identificati con il seguente segno distintivo:<\/strong><\/p>\n<p style=\"text-align: center;\"><a class=\"dmca-badge\" title=\"DMCA.com Protection Status\" href=\"\/it\/\/www.dmca.com\/Protection\/Status.aspx?ID=5100b88e-4756-4a26-a050-8d4487813aa7\" target=\"_blank\" rel=\"nofollow noopener\"> <img decoding=\"async\" src=\"https:\/\/onlinecompass.pro\/wp-content\/uploads\/dmca-badge.png\" alt=\"Stato di protezione DMCA.com\" \/><\/a><\/p>\n<h2><span id=\"Diritti_that_this_license_recognizes\">Diritti riconosciuti da questa licenza<\/span><\/h2>\n<ul>\n<li>Attribuzione: devi riconoscere l&#8217;opera nel modo specificato dall&#8217;autore o dal concessore di licenza (ma non in un modo che suggerisca che tu approvi loro o l&#8217;utilizzo della loro opera).<\/li>\n<li>Non commerciale: non \u00e8 possibile utilizzare quest&#8217;opera per scopi commerciali.<\/li>\n<li>Nessuna opera derivata: non \u00e8 possibile alterare, trasformare o generare un&#8217;opera derivata da quest&#8217;opera.<\/li>\n<\/ul>\n<p>Il resto dei contenuti non identificati da questa licenza sono considerati<strong>completamente protetti da copyright<\/strong>.<\/p>\n<h2><span id=\"External_Links\">Link esterni<\/span><\/h2>\n<p>Juan Carlos Brun declina ogni responsabilit\u00e0 riguardo alle informazioni trovate al di fuori di questo Sito Web, poich\u00e9 la funzione dei collegamenti che appaiono \u00e8 esclusivamente quella di informare l&#8217;Utente dell&#8217;esistenza di altre fonti di informazione su un argomento specifico. Juan Carlos Brun \u00e8 esonerato da ogni responsabilit\u00e0 circa il corretto funzionamento di tali collegamenti, i risultati ottenuti attraverso detti collegamenti, la veridicit\u00e0 e la legalit\u00e0 del contenuto o delle informazioni a cui \u00e8 possibile accedere, nonch\u00e9 eventuali danni che l&#8217;Utente potrebbe subire in virt\u00f9 delle informazioni trovate sul sito Web collegato.<\/p>\n<h2><span id=\"Exclusion_de_garantias_y_responsibilidad\">Esclusione di garanzie e responsabilit\u00e0<\/span><\/h2>\n<p>Juan Carlos Brun non concede alcuna garanzia n\u00e9 \u00e8 responsabile, in ogni caso, per danni di qualsiasi natura che possano derivare da:<\/p>\n<ul>\n<li>La mancanza di disponibilit\u00e0, manutenzione e funzionamento efficace del sito Web o dei suoi servizi e contenuti;<\/li>\n<li>L&#8217;esistenza di virus, programmi dannosi o dannosi nei contenuti;<\/li>\n<li>Utilizzo illecito, negligente, fraudolento o contrario al presente Avviso legale;<\/li>\n<li>La mancanza di legalit\u00e0, qualit\u00e0, affidabilit\u00e0, utilit\u00e0 e disponibilit\u00e0 dei servizi forniti da terzi e messi a disposizione degli utenti sul sito web.<\/li>\n<\/ul>\n<p>Il fornitore non \u00e8 responsabile in nessun caso per eventuali danni che potrebbero derivare dall&#8217;uso illegale o improprio di questo sito web.<\/p>\n<h2><span id=\"Applicable_law_and_jurisdiction\">Legge applicabile e giurisdizione<\/span><\/h2>\n<p>In generale, i rapporti tra onlinecompass.pro e gli Utenti dei suoi servizi telematici, presenti su questo sito web, sono soggetti alla legislazione e giurisdizione spagnola e ai tribunali di Malaga.<\/p>\n<h2><span id=\"Contact\">Contatto<\/span><\/h2>\n<p>Se un Utente ha domande sulla presente nota legale o eventuali commenti sul sito web onlinecompass.pro, pu\u00f2 contattarci utilizzando il <a href=\"\/it\/contatto\/\">modulo di contatto<\/a>.<\/p>\n<p>onlinecompass.pro si riserva il diritto di modificare, in qualsiasi momento e senza preavviso, la presentazione e la configurazione del sito onlinecompass.pro come da presente avviso legale.<\/p>\n<div style='text-align:center' class='yasr-auto-insert-visitor'><\/div>","protected":false},"excerpt":{"rendered":"<p>Documento rivisto il 22\/01\/2023 Se sei arrivato fin qui significa che ti interessa il retroscena di questo sito e i termini in cui scelgo di relazionarmi con te e questa \u00e8 un&#8217;ottima notizia per me, in quanto responsabile di questo sito. Lo scopo di questo testo \u00e8 spiegare in dettaglio le funzionalit\u00e0 di questo sito &#8230; <a title=\"Avviso legale e condizioni d&#8217;uso\" class=\"read-more\" href=\"https:\/\/onlinecompass.pro\/it\/avviso-legale\/\" aria-label=\"Per saperne di pi\u00f9 su Avviso legale e condizioni d&#8217;uso\">Leggi tutto<\/a><\/p>\n","protected":false},"author":1,"featured_media":0,"parent":0,"menu_order":0,"comment_status":"open","ping_status":"open","template":"","meta":{"yasr_overall_rating":0,"yasr_post_is_review":"","yasr_auto_insert_disabled":"","yasr_review_type":"","footnotes":""},"class_list":["post-40","page","type-page","status-publish"],"yoast_head":"<!-- This site is optimized with the Yoast SEO plugin v26.8 - https:\/\/yoast.com\/product\/yoast-seo-wordpress\/ -->\n<title>Avviso legale e condizioni d&#039;uso - Bussola in linea<\/title>\n<meta name=\"robots\" content=\"index, follow, max-snippet:-1, max-image-preview:large, max-video-preview:-1\" \/>\n<link rel=\"canonical\" href=\"https:\/\/onlinecompass.pro\/it\/avviso-legale\/\" \/>\n<meta property=\"og:locale\" content=\"it_IT\" \/>\n<meta property=\"og:type\" content=\"article\" \/>\n<meta property=\"og:title\" content=\"Avviso legale e condizioni d&#039;uso - Bussola in linea\" \/>\n<meta property=\"og:description\" content=\"Documento rivisto il 22\/01\/2023 Se sei arrivato fin qui significa che ti interessa il retroscena di questo sito e i termini in cui scelgo di relazionarmi con te e questa \u00e8 un&#8217;ottima notizia per me, in quanto responsabile di questo sito. Lo scopo di questo testo \u00e8 spiegare in dettaglio le funzionalit\u00e0 di questo sito ... Leggi tutto\" \/>\n<meta property=\"og:url\" content=\"https:\/\/onlinecompass.pro\/it\/avviso-legale\/\" \/>\n<meta property=\"og:site_name\" content=\"Bussola in linea\" \/>\n<meta property=\"og:image\" content=\"https:\/\/onlinecompass.pro\/wp-content\/uploads\/dmca-badge.png\" \/>\n<meta name=\"twitter:card\" content=\"summary_large_image\" \/>\n<meta name=\"twitter:label1\" content=\"Tempo di lettura stimato\" \/>\n\t<meta name=\"twitter:data1\" content=\"8 minuti\" \/>\n<script type=\"application\/ld+json\" class=\"yoast-schema-graph\">{\"@context\":\"https:\/\/schema.org\",\"@graph\":[{\"@type\":\"WebPage\",\"@id\":\"https:\/\/onlinecompass.pro\/it\/avviso-legale\/\",\"url\":\"https:\/\/onlinecompass.pro\/it\/avviso-legale\/\",\"name\":\"Avviso legale e condizioni d'uso - Bussola in linea\",\"isPartOf\":{\"@id\":\"https:\/\/onlinecompass.pro\/it\/#website\"},\"primaryImageOfPage\":{\"@id\":\"https:\/\/onlinecompass.pro\/it\/avviso-legale\/#primaryimage\"},\"image\":{\"@id\":\"https:\/\/onlinecompass.pro\/it\/avviso-legale\/#primaryimage\"},\"thumbnailUrl\":\"https:\/\/onlinecompass.pro\/wp-content\/uploads\/dmca-badge.png\",\"datePublished\":\"2025-03-01T20:01:26+00:00\",\"breadcrumb\":{\"@id\":\"https:\/\/onlinecompass.pro\/it\/avviso-legale\/#breadcrumb\"},\"inLanguage\":\"it-IT\",\"potentialAction\":[{\"@type\":\"ReadAction\",\"target\":[\"https:\/\/onlinecompass.pro\/it\/avviso-legale\/\"]}]},{\"@type\":\"ImageObject\",\"inLanguage\":\"it-IT\",\"@id\":\"https:\/\/onlinecompass.pro\/it\/avviso-legale\/#primaryimage\",\"url\":\"https:\/\/onlinecompass.pro\/wp-content\/uploads\/dmca-badge.png\",\"contentUrl\":\"https:\/\/onlinecompass.pro\/wp-content\/uploads\/dmca-badge.png\"},{\"@type\":\"BreadcrumbList\",\"@id\":\"https:\/\/onlinecompass.pro\/it\/avviso-legale\/#breadcrumb\",\"itemListElement\":[{\"@type\":\"ListItem\",\"position\":1,\"name\":\"Portada\",\"item\":\"https:\/\/onlinecompass.pro\/it\/\"},{\"@type\":\"ListItem\",\"position\":2,\"name\":\"Avviso legale e condizioni d&#8217;uso\"}]},{\"@type\":\"WebSite\",\"@id\":\"https:\/\/onlinecompass.pro\/it\/#website\",\"url\":\"https:\/\/onlinecompass.pro\/it\/\",\"name\":\"Bussola in linea\",\"description\":\"La migliore app bussola online\",\"potentialAction\":[{\"@type\":\"SearchAction\",\"target\":{\"@type\":\"EntryPoint\",\"urlTemplate\":\"https:\/\/onlinecompass.pro\/it\/?s={search_term_string}\"},\"query-input\":{\"@type\":\"PropertyValueSpecification\",\"valueRequired\":true,\"valueName\":\"search_term_string\"}}],\"inLanguage\":\"it-IT\"},false]}<\/script>\n<!-- \/ Yoast SEO plugin. -->","yoast_head_json":{"title":"Avviso legale e condizioni d'uso - Bussola in linea","robots":{"index":"index","follow":"follow","max-snippet":"max-snippet:-1","max-image-preview":"max-image-preview:large","max-video-preview":"max-video-preview:-1"},"canonical":"https:\/\/onlinecompass.pro\/it\/avviso-legale\/","og_locale":"it_IT","og_type":"article","og_title":"Avviso legale e condizioni d'uso - Bussola in linea","og_description":"Documento rivisto il 22\/01\/2023 Se sei arrivato fin qui significa che ti interessa il retroscena di questo sito e i termini in cui scelgo di relazionarmi con te e questa \u00e8 un&#8217;ottima notizia per me, in quanto responsabile di questo sito. Lo scopo di questo testo \u00e8 spiegare in dettaglio le funzionalit\u00e0 di questo sito ... Leggi tutto","og_url":"https:\/\/onlinecompass.pro\/it\/avviso-legale\/","og_site_name":"Bussola in linea","og_image":[{"url":"https:\/\/onlinecompass.pro\/wp-content\/uploads\/dmca-badge.png","type":"","width":"","height":""}],"twitter_card":"summary_large_image","twitter_misc":{"Tempo di lettura stimato":"8 minuti"},"schema":{"@context":"https:\/\/schema.org","@graph":[{"@type":"WebPage","@id":"https:\/\/onlinecompass.pro\/it\/avviso-legale\/","url":"https:\/\/onlinecompass.pro\/it\/avviso-legale\/","name":"Avviso legale e condizioni d'uso - Bussola in linea","isPartOf":{"@id":"https:\/\/onlinecompass.pro\/it\/#website"},"primaryImageOfPage":{"@id":"https:\/\/onlinecompass.pro\/it\/avviso-legale\/#primaryimage"},"image":{"@id":"https:\/\/onlinecompass.pro\/it\/avviso-legale\/#primaryimage"},"thumbnailUrl":"https:\/\/onlinecompass.pro\/wp-content\/uploads\/dmca-badge.png","datePublished":"2025-03-01T20:01:26+00:00","breadcrumb":{"@id":"https:\/\/onlinecompass.pro\/it\/avviso-legale\/#breadcrumb"},"inLanguage":"it-IT","potentialAction":[{"@type":"ReadAction","target":["https:\/\/onlinecompass.pro\/it\/avviso-legale\/"]}]},{"@type":"ImageObject","inLanguage":"it-IT","@id":"https:\/\/onlinecompass.pro\/it\/avviso-legale\/#primaryimage","url":"https:\/\/onlinecompass.pro\/wp-content\/uploads\/dmca-badge.png","contentUrl":"https:\/\/onlinecompass.pro\/wp-content\/uploads\/dmca-badge.png"},{"@type":"BreadcrumbList","@id":"https:\/\/onlinecompass.pro\/it\/avviso-legale\/#breadcrumb","itemListElement":[{"@type":"ListItem","position":1,"name":"Portada","item":"https:\/\/onlinecompass.pro\/it\/"},{"@type":"ListItem","position":2,"name":"Avviso legale e condizioni d&#8217;uso"}]},{"@type":"WebSite","@id":"https:\/\/onlinecompass.pro\/it\/#website","url":"https:\/\/onlinecompass.pro\/it\/","name":"Bussola in linea","description":"La migliore app bussola online","potentialAction":[{"@type":"SearchAction","target":{"@type":"EntryPoint","urlTemplate":"https:\/\/onlinecompass.pro\/it\/?s={search_term_string}"},"query-input":{"@type":"PropertyValueSpecification","valueRequired":true,"valueName":"search_term_string"}}],"inLanguage":"it-IT"},false]}},"yasr_visitor_votes":{"stars_attributes":{"read_only":false,"span_bottom":false},"number_of_votes":0,"sum_votes":0},"_links":{"self":[{"href":"https:\/\/onlinecompass.pro\/it\/wp-json\/wp\/v2\/pages\/40","targetHints":{"allow":["GET"]}}],"collection":[{"href":"https:\/\/onlinecompass.pro\/it\/wp-json\/wp\/v2\/pages"}],"about":[{"href":"https:\/\/onlinecompass.pro\/it\/wp-json\/wp\/v2\/types\/page"}],"author":[{"embeddable":true,"href":"https:\/\/onlinecompass.pro\/it\/wp-json\/wp\/v2\/users\/1"}],"replies":[{"embeddable":true,"href":"https:\/\/onlinecompass.pro\/it\/wp-json\/wp\/v2\/comments?post=40"}],"version-history":[{"count":0,"href":"https:\/\/onlinecompass.pro\/it\/wp-json\/wp\/v2\/pages\/40\/revisions"}],"wp:attachment":[{"href":"https:\/\/onlinecompass.pro\/it\/wp-json\/wp\/v2\/media?parent=40"}],"curies":[{"name":"wp","href":"https:\/\/api.w.org\/{rel}","templated":true}]}}