{"id":39,"date":"2025-03-01T21:01:26","date_gmt":"2025-03-01T20:01:26","guid":{"rendered":"https:\/\/onlinecompass.pro\/it\/sapere\/"},"modified":"2025-03-01T21:01:26","modified_gmt":"2025-03-01T20:01:26","slug":"sapere","status":"publish","type":"page","link":"https:\/\/onlinecompass.pro\/it\/sapere\/","title":{"rendered":"Impariamo l&#8217;orientamento"},"content":{"rendered":"<p>Durante la storia, la bussola \u00e8 stata utilizzata per guidare i viaggiatori e i navigatori nei loro viaggi marittimi e terrestri.<\/p>\n<p><img loading=\"lazy\" decoding=\"async\" class=\"aligncenter wp-image-1535 size-full\" src=\"https:\/\/onlinecompass.pro\/wp-content\/uploads\/curiosidades-invento-brujula.jpg\" alt=\"curiosidades-invento-brujula\" width=\"640\" height=\"367\" \/><\/p>\n<p>Oltre alla sua utilit\u00e0 pratica, la bussola \u00e8 stata oggetto di <strong>curiosit\u00e0 e studio scientifico<\/strong> a causa della sua capacit\u00e0 di puntare verso il polo nord magnetico.<\/p>\n<p>In questa serie di articoli, esploreremo alcuni fatti e curiosit\u00e0 interessanti legati alla <strong>bussola e all&#8217;orientamento spaziale<\/strong> degli oggetti.<\/p>\n<p>Se ami le bussole tanto quanto me, vorrai conoscere tutto su di esse.<\/p>\n<h2 class=\"LC20lb MBeuO DKV0Md\">Libera <strong>la tua curiosit\u00e0<\/strong><\/h2>\n<p>Qui risolviamo molte domande che di solito ci poniamo sull&#8217;<strong>invenzione pi\u00f9 importante<\/strong> che ci hanno dato i cinesi: la bussola.<\/p>\n<style>.wp-show-posts-columns#wpsp-884 {margin-left: -2em; }.wp-show-posts-columns#wpsp-884 .wp-show-posts-inner {margin: 0 0 2em 2em; }<\/style><section id=\"wpsp-884\" class=\" wp-show-posts-columns wp-show-posts\" style=\"\"><article class=\" wp-show-posts-single post-103 post type-post status-publish format-standard hentry category-orientamento-allapprendimento wpsp-col-6\" itemtype=\"http:\/\/schema.org\/CreativeWork\" itemscope><div class=\"wp-show-posts-inner\" style=\"\">\t\t\t\t\t\t<div class=\"wp-show-posts-entry-summary\" itemprop=\"text\">\n\t\t\t\t\t\t\t<p>Sai gi\u00e0 cosa sono i punti cardinali? Ti svelo come trovarli anche senza usare la bussola. Ad esempio guidandoci con le stelle.<\/p>\n\t\t\t\t\t\t<\/div><!-- .entry-summary -->\n\t\t\t\t\t<\/div><!-- wp-show-posts-inner --><\/article><article class=\" wp-show-posts-single post-102 post type-post status-publish format-standard hentry category-orientamento-allapprendimento wpsp-col-6\" itemtype=\"http:\/\/schema.org\/CreativeWork\" itemscope><div class=\"wp-show-posts-inner\" style=\"\">\t\t\t\t\t\t<div class=\"wp-show-posts-entry-summary\" itemprop=\"text\">\n\t\t\t\t\t\t\t<p>In generale la bussola serve per orientarsi&#8230; giusto? Spiego 3 diverse VERSIONI di cos&#8217;\u00e8 una bussola. Scopri il suo reale utilizzo\u2705<\/p>\n\t\t\t\t\t\t<\/div><!-- .entry-summary -->\n\t\t\t\t\t<\/div><!-- wp-show-posts-inner --><\/article><article class=\" wp-show-posts-single post-101 post type-post status-publish format-standard hentry category-orientamento-allapprendimento wpsp-col-6\" itemtype=\"http:\/\/schema.org\/CreativeWork\" itemscope><div class=\"wp-show-posts-inner\" style=\"\">\t\t\t\t\t\t<div class=\"wp-show-posts-entry-summary\" itemprop=\"text\">\n\t\t\t\t\t\t\t<p>Sei curioso di sapere perch\u00e9 splende il sole o come tramonta realmente di notte? Se vuoi sapere dove sorge il Sole e molto altro ancora&#8230;<\/p>\n\t\t\t\t\t\t<\/div><!-- .entry-summary -->\n\t\t\t\t\t<\/div><!-- wp-show-posts-inner --><\/article><article class=\" wp-show-posts-single post-100 post type-post status-publish format-standard hentry category-orientamento-allapprendimento wpsp-col-6\" itemtype=\"http:\/\/schema.org\/CreativeWork\" itemscope><div class=\"wp-show-posts-inner\" style=\"\">\t\t\t\t\t\t<div class=\"wp-show-posts-entry-summary\" itemprop=\"text\">\n\t\t\t\t\t\t\t<p>La bussola \u00e8 uno strumento di orientamento che indica il nord attraverso un ago magnetico. Si compone di 7 parti. \u2705 SCOPRILI<\/p>\n\t\t\t\t\t\t<\/div><!-- .entry-summary -->\n\t\t\t\t\t<\/div><!-- wp-show-posts-inner --><\/article><article class=\" wp-show-posts-single post-99 post type-post status-publish format-standard hentry category-orientamento-allapprendimento wpsp-col-6\" itemtype=\"http:\/\/schema.org\/CreativeWork\" itemscope><div class=\"wp-show-posts-inner\" style=\"\">\t\t\t\t\t\t<div class=\"wp-show-posts-entry-summary\" itemprop=\"text\">\n\t\t\t\t\t\t\t<p>Comprendere subito il significato della bussola solare ed il suo funzionamento. A cosa serve una bussola solare: scoprilo qui. \u2705<\/p>\n\t\t\t\t\t\t<\/div><!-- .entry-summary -->\n\t\t\t\t\t<\/div><!-- wp-show-posts-inner --><\/article><article class=\" wp-show-posts-single post-98 post type-post status-publish format-standard hentry category-orientamento-allapprendimento wpsp-col-6\" itemtype=\"http:\/\/schema.org\/CreativeWork\" itemscope><div class=\"wp-show-posts-inner\" style=\"\">\t\t\t\t\t\t<div class=\"wp-show-posts-entry-summary\" itemprop=\"text\">\n\t\t\t\t\t\t\t<p>La bussola ci ha permesso di scoprire rotte e civilt\u00e0 storiche via mare. Scopri chi ha inventato la bussola, dove e quando. \u2705<\/p>\n\t\t\t\t\t\t<\/div><!-- .entry-summary -->\n\t\t\t\t\t<\/div><!-- wp-show-posts-inner --><\/article><article class=\" wp-show-posts-single post-97 post type-post status-publish format-standard hentry category-come-orientarsi wpsp-col-6\" itemtype=\"http:\/\/schema.org\/CreativeWork\" itemscope><div class=\"wp-show-posts-inner\" style=\"\">\t\t\t\t\t\t<div class=\"wp-show-posts-entry-summary\" itemprop=\"text\">\n\t\t\t\t\t\t\t<p>Ti insegno come conoscere l&#8217;orientamento della mia casa e farlo bene. Cosa tenere in considerazione se il clima \u00e8 umido, caldo, secco, freddo, ecc. \u2705 Scoprilo<\/p>\n\t\t\t\t\t\t<\/div><!-- .entry-summary -->\n\t\t\t\t\t<\/div><!-- wp-show-posts-inner --><\/article><article class=\" wp-show-posts-single post-96 post type-post status-publish format-standard hentry category-come-orientarsi wpsp-col-6\" itemtype=\"http:\/\/schema.org\/CreativeWork\" itemscope><div class=\"wp-show-posts-inner\" style=\"\">\t\t\t\t\t\t<div class=\"wp-show-posts-entry-summary\" itemprop=\"text\">\n\t\t\t\t\t\t\t<p>Per poter utilizzare una bussola online sul tuo cellulare, deve includere un magnetometro che misura la forza e la direzione dei campi magnetici.<\/p>\n\t\t\t\t\t\t<\/div><!-- .entry-summary -->\n\t\t\t\t\t<\/div><!-- wp-show-posts-inner --><\/article><article class=\" wp-show-posts-single post-95 post type-post status-publish format-standard hentry category-come-orientarsi wpsp-col-6\" itemtype=\"http:\/\/schema.org\/CreativeWork\" itemscope><div class=\"wp-show-posts-inner\" style=\"\">\t\t\t\t\t\t<div class=\"wp-show-posts-entry-summary\" itemprop=\"text\">\n\t\t\t\t\t\t\t<p>Google Maps include un&#8217;icona con una bussola, appena sotto l&#8217;opzione di disattivazione vocale. Ti permette di sapere dove si trova il nord. Come attivarlo?<\/p>\n\t\t\t\t\t\t<\/div><!-- .entry-summary -->\n\t\t\t\t\t<\/div><!-- wp-show-posts-inner --><\/article><article class=\" wp-show-posts-single post-94 post type-post status-publish format-standard hentry category-come-orientarsi wpsp-col-6\" itemtype=\"http:\/\/schema.org\/CreativeWork\" itemscope><div class=\"wp-show-posts-inner\" style=\"\">\t\t\t\t\t\t<div class=\"wp-show-posts-entry-summary\" itemprop=\"text\">\n\t\t\t\t\t\t\t<p>Imparare ad usare la bussola dell&#8217;orientamento sportivo e orientarsi con carta e bussola \u00e8 fondamentale per entrare nella natura. Come farlo?<\/p>\n\t\t\t\t\t\t<\/div><!-- .entry-summary -->\n\t\t\t\t\t<\/div><!-- wp-show-posts-inner --><\/article><div class=\"wpsp-clear\"><\/div><\/section><!-- .wp-show-posts -->\n<div style='text-align:center' class='yasr-auto-insert-visitor'><\/div>","protected":false},"excerpt":{"rendered":"<p>Durante la storia, la bussola \u00e8 stata utilizzata per guidare i viaggiatori e i navigatori nei loro viaggi marittimi e terrestri. Oltre alla sua utilit\u00e0 pratica, la bussola \u00e8 stata oggetto di curiosit\u00e0 e studio scientifico a causa della sua capacit\u00e0 di puntare verso il polo nord magnetico. In questa serie di articoli, esploreremo alcuni &#8230; <a title=\"Come usare la bussola da orientamento: Guida Completa 2022\" class=\"read-more\" href=\"https:\/\/onlinecompass.pro\/it\/come-orientarsi\/utilizzare-lorientamento-della-bussola\/\" aria-label=\"Per saperne di pi\u00f9 su Come usare la bussola da orientamento: Guida Completa 2022\">Leggi tutto<\/a><\/p>\n","protected":false},"author":1,"featured_media":0,"parent":0,"menu_order":0,"comment_status":"open","ping_status":"open","template":"","meta":{"yasr_overall_rating":0,"yasr_post_is_review":"","yasr_auto_insert_disabled":"","yasr_review_type":"","footnotes":""},"class_list":["post-39","page","type-page","status-publish","hentry"],"yoast_head":"<!-- This site is optimized with the Yoast SEO plugin v26.8 - https:\/\/yoast.com\/product\/yoast-seo-wordpress\/ -->\n<title>Impariamo l&#039;orientamento - Bussola in linea<\/title>\n<meta name=\"robots\" content=\"index, follow, max-snippet:-1, max-image-preview:large, max-video-preview:-1\" \/>\n<link rel=\"canonical\" href=\"https:\/\/onlinecompass.pro\/it\/sapere\/\" \/>\n<meta property=\"og:locale\" content=\"it_IT\" \/>\n<meta property=\"og:type\" content=\"article\" \/>\n<meta property=\"og:title\" content=\"Impariamo l&#039;orientamento - Bussola in linea\" \/>\n<meta property=\"og:description\" content=\"Durante la storia, la bussola \u00e8 stata utilizzata per guidare i viaggiatori e i navigatori nei loro viaggi marittimi e terrestri. Oltre alla sua utilit\u00e0 pratica, la bussola \u00e8 stata oggetto di curiosit\u00e0 e studio scientifico a causa della sua capacit\u00e0 di puntare verso il polo nord magnetico. In questa serie di articoli, esploreremo alcuni ... Leggi tutto\" \/>\n<meta property=\"og:url\" content=\"https:\/\/onlinecompass.pro\/it\/sapere\/\" \/>\n<meta property=\"og:site_name\" content=\"Bussola in linea\" \/>\n<meta name=\"twitter:card\" content=\"summary_large_image\" \/>\n<meta name=\"twitter:label1\" content=\"Tempo di lettura stimato\" \/>\n\t<meta name=\"twitter:data1\" content=\"1 minuto\" \/>\n<script type=\"application\/ld+json\" class=\"yoast-schema-graph\">{\"@context\":\"https:\/\/schema.org\",\"@graph\":[{\"@type\":\"WebPage\",\"@id\":\"https:\/\/onlinecompass.pro\/it\/sapere\/\",\"url\":\"https:\/\/onlinecompass.pro\/it\/sapere\/\",\"name\":\"Impariamo l'orientamento - Bussola in linea\",\"isPartOf\":{\"@id\":\"https:\/\/onlinecompass.pro\/it\/#website\"},\"primaryImageOfPage\":{\"@id\":\"https:\/\/onlinecompass.pro\/it\/sapere\/#primaryimage\"},\"image\":{\"@id\":\"https:\/\/onlinecompass.pro\/it\/sapere\/#primaryimage\"},\"thumbnailUrl\":\"https:\/\/onlinecompass.pro\/wp-content\/uploads\/curiosidades-invento-brujula.jpg\",\"datePublished\":\"2025-03-01T20:01:26+00:00\",\"breadcrumb\":{\"@id\":\"https:\/\/onlinecompass.pro\/it\/sapere\/#breadcrumb\"},\"inLanguage\":\"it-IT\",\"potentialAction\":[{\"@type\":\"ReadAction\",\"target\":[\"https:\/\/onlinecompass.pro\/it\/sapere\/\"]}]},{\"@type\":\"ImageObject\",\"inLanguage\":\"it-IT\",\"@id\":\"https:\/\/onlinecompass.pro\/it\/sapere\/#primaryimage\",\"url\":\"https:\/\/onlinecompass.pro\/wp-content\/uploads\/curiosidades-invento-brujula.jpg\",\"contentUrl\":\"https:\/\/onlinecompass.pro\/wp-content\/uploads\/curiosidades-invento-brujula.jpg\"},{\"@type\":\"BreadcrumbList\",\"@id\":\"https:\/\/onlinecompass.pro\/it\/sapere\/#breadcrumb\",\"itemListElement\":[{\"@type\":\"ListItem\",\"position\":1,\"name\":\"Portada\",\"item\":\"https:\/\/onlinecompass.pro\/it\/\"},{\"@type\":\"ListItem\",\"position\":2,\"name\":\"Impariamo l&#8217;orientamento\"}]},{\"@type\":\"WebSite\",\"@id\":\"https:\/\/onlinecompass.pro\/it\/#website\",\"url\":\"https:\/\/onlinecompass.pro\/it\/\",\"name\":\"Bussola in linea\",\"description\":\"La migliore app bussola online\",\"potentialAction\":[{\"@type\":\"SearchAction\",\"target\":{\"@type\":\"EntryPoint\",\"urlTemplate\":\"https:\/\/onlinecompass.pro\/it\/?s={search_term_string}\"},\"query-input\":{\"@type\":\"PropertyValueSpecification\",\"valueRequired\":true,\"valueName\":\"search_term_string\"}}],\"inLanguage\":\"it-IT\"},false]}<\/script>\n<!-- \/ Yoast SEO plugin. -->","yoast_head_json":{"title":"Impariamo l'orientamento - Bussola in linea","robots":{"index":"index","follow":"follow","max-snippet":"max-snippet:-1","max-image-preview":"max-image-preview:large","max-video-preview":"max-video-preview:-1"},"canonical":"https:\/\/onlinecompass.pro\/it\/sapere\/","og_locale":"it_IT","og_type":"article","og_title":"Impariamo l'orientamento - Bussola in linea","og_description":"Durante la storia, la bussola \u00e8 stata utilizzata per guidare i viaggiatori e i navigatori nei loro viaggi marittimi e terrestri. Oltre alla sua utilit\u00e0 pratica, la bussola \u00e8 stata oggetto di curiosit\u00e0 e studio scientifico a causa della sua capacit\u00e0 di puntare verso il polo nord magnetico. In questa serie di articoli, esploreremo alcuni ... Leggi tutto","og_url":"https:\/\/onlinecompass.pro\/it\/sapere\/","og_site_name":"Bussola in linea","twitter_card":"summary_large_image","twitter_misc":{"Tempo di lettura stimato":"1 minuto"},"schema":{"@context":"https:\/\/schema.org","@graph":[{"@type":"WebPage","@id":"https:\/\/onlinecompass.pro\/it\/sapere\/","url":"https:\/\/onlinecompass.pro\/it\/sapere\/","name":"Impariamo l'orientamento - Bussola in linea","isPartOf":{"@id":"https:\/\/onlinecompass.pro\/it\/#website"},"primaryImageOfPage":{"@id":"https:\/\/onlinecompass.pro\/it\/sapere\/#primaryimage"},"image":{"@id":"https:\/\/onlinecompass.pro\/it\/sapere\/#primaryimage"},"thumbnailUrl":"https:\/\/onlinecompass.pro\/wp-content\/uploads\/curiosidades-invento-brujula.jpg","datePublished":"2025-03-01T20:01:26+00:00","breadcrumb":{"@id":"https:\/\/onlinecompass.pro\/it\/sapere\/#breadcrumb"},"inLanguage":"it-IT","potentialAction":[{"@type":"ReadAction","target":["https:\/\/onlinecompass.pro\/it\/sapere\/"]}]},{"@type":"ImageObject","inLanguage":"it-IT","@id":"https:\/\/onlinecompass.pro\/it\/sapere\/#primaryimage","url":"https:\/\/onlinecompass.pro\/wp-content\/uploads\/curiosidades-invento-brujula.jpg","contentUrl":"https:\/\/onlinecompass.pro\/wp-content\/uploads\/curiosidades-invento-brujula.jpg"},{"@type":"BreadcrumbList","@id":"https:\/\/onlinecompass.pro\/it\/sapere\/#breadcrumb","itemListElement":[{"@type":"ListItem","position":1,"name":"Portada","item":"https:\/\/onlinecompass.pro\/it\/"},{"@type":"ListItem","position":2,"name":"Impariamo l&#8217;orientamento"}]},{"@type":"WebSite","@id":"https:\/\/onlinecompass.pro\/it\/#website","url":"https:\/\/onlinecompass.pro\/it\/","name":"Bussola in linea","description":"La migliore app bussola online","potentialAction":[{"@type":"SearchAction","target":{"@type":"EntryPoint","urlTemplate":"https:\/\/onlinecompass.pro\/it\/?s={search_term_string}"},"query-input":{"@type":"PropertyValueSpecification","valueRequired":true,"valueName":"search_term_string"}}],"inLanguage":"it-IT"},false]}},"yasr_visitor_votes":{"stars_attributes":{"read_only":false,"span_bottom":false},"number_of_votes":0,"sum_votes":0},"_links":{"self":[{"href":"https:\/\/onlinecompass.pro\/it\/wp-json\/wp\/v2\/pages\/39","targetHints":{"allow":["GET"]}}],"collection":[{"href":"https:\/\/onlinecompass.pro\/it\/wp-json\/wp\/v2\/pages"}],"about":[{"href":"https:\/\/onlinecompass.pro\/it\/wp-json\/wp\/v2\/types\/page"}],"author":[{"embeddable":true,"href":"https:\/\/onlinecompass.pro\/it\/wp-json\/wp\/v2\/users\/1"}],"replies":[{"embeddable":true,"href":"https:\/\/onlinecompass.pro\/it\/wp-json\/wp\/v2\/comments?post=39"}],"version-history":[{"count":0,"href":"https:\/\/onlinecompass.pro\/it\/wp-json\/wp\/v2\/pages\/39\/revisions"}],"wp:attachment":[{"href":"https:\/\/onlinecompass.pro\/it\/wp-json\/wp\/v2\/media?parent=39"}],"curies":[{"name":"wp","href":"https:\/\/api.w.org\/{rel}","templated":true}]}}