{"id":38,"date":"2025-03-01T21:01:26","date_gmt":"2025-03-01T20:01:26","guid":{"rendered":"https:\/\/onlinecompass.pro\/it\/politica-sulla-riservatezza\/"},"modified":"2025-03-01T21:01:26","modified_gmt":"2025-03-01T20:01:26","slug":"politica-sulla-riservatezza","status":"publish","type":"page","link":"https:\/\/onlinecompass.pro\/it\/politica-sulla-riservatezza\/","title":{"rendered":"politica sulla riservatezza"},"content":{"rendered":"<p>Come responsabile di questo sito web, desidero offrirti le massime garanzie legali in relazione alla tua privacy e spiegarti con la massima chiarezza e trasparenza possibile tutto ci\u00f2 che riguarda il trattamento delle informazioni personali all&#8217;interno di questo sito web.<\/p>\n\n<p>La presente Politica sulla Privacy sar\u00e0 valida esclusivamente per i dati personali ottenuti sul Sito Web, non applicabile alle informazioni raccolte da terzi su altri siti web, anche se collegati dal Sito Web.<\/p>\n<p>Le seguenti condizioni sono vincolanti per l&#8217;utente e per il responsabile di questo sito web, quindi \u00e8 importante dedicare qualche minuto alla lettura e, se non si \u00e8 d&#8217;accordo con quanto esposto, non inviare i propri dati personali su questo sito web.<\/p>\n<p><strong>Questa politica \u00e8 stata aggiornata il 22\/01\/2023<\/strong><\/p>\n<p>Ai fini di quanto previsto dalla citata Legge sulla Protezione dei Dati Personali, i dati personali che ci invierai saranno incorporati in un File di &#8220;UTENTI DEL SITO WEB e ISCRITTI&#8221;, di propriet\u00e0 di Juan Carlos Brun con sede in Calle Mart\u00ednez Maldonado, 24, 3\u00ba A &#8211; M\u00e1laga, M\u00e1laga. Questo file ha implementato tutte le misure tecniche e organizzative di sicurezza stabilite nel Decreto Reale 1720\/2007, di sviluppo della LOPD.<\/p>\n<h2><span id=\"Invio_e_registrazione_dei_dati_di_carattere_generale\">Invio e registrazione dei dati di carattere generale<\/span><\/h2>\n<p>Linvio di dati personali su questo sito web \u00e8 obbligatorio per contattare, commentare o iscriversi al blog onlinecompass.pro.<\/p>\n<p>Inoltre, non fornire i dati personali richiesti o non accettare la presente politica di protezione dei dati comporta l&#8217;impossibilit\u00e0 di iscriversi ai contenuti e di elaborare le richieste effettuate su questo sito web.<\/p>\n<p>Non \u00e8 necessario fornire alcun dato personale per la navigazione su questo sito web.<\/p>\n<p><strong>Quali dati richiede questo sito web e a quale scopo<\/strong><\/p>\n<p>onlinecompass.pro raccoglier\u00e0 i Dati Personali degli Utenti, tramite moduli online, via Internet. I Dati Personali raccolti, a seconda dei casi, potranno essere, tra gli altri: nome e indirizzo email.<\/p>\n<p>In questo sito web saranno richiesti solo dati strettamente adeguati alla finalit\u00e0 della raccolta e si punta a:<\/p>\n<ul>\n<li>Ridurre al minimo il trattamento dei dati personali.<\/li>\n<li>Pseudonimizzare, per quanto possibile, i dati personali.<\/li>\n<li>Garantire trasparenza sulle funzioni e il trattamento dei dati personali effettuato su questo sito web.<\/li>\n<li>Consentire a tutti gli utenti di monitorare il trattamento dei propri dati effettuato su questo sito web.<\/li>\n<li>Creare e migliorare elementi di sicurezza per offrirti le migliori condizioni di navigazione sicura.<\/li>\n<\/ul>\n<p><strong>Le finalit\u00e0 dei dati raccolti su questo portale sono le seguenti:<\/strong><\/p>\n<ol>\n<li>Per rispondere alle richieste degli utenti di es. Ad esempio, se l&#8217;utente lascia le proprie informazioni personali in uno dei moduli di contatto, possiamo utilizzare tali dati per rispondere alla tua richiesta e rispondere a dubbi, lamentele, commenti o preoccupazioni relative alle informazioni incluse sul Sito Web, ai servizi forniti attraverso il Sito Web, al trattamento dei tuoi dati personali, questioni relative ai testi legali inclusi sul Sito Web, nonch\u00e9 a qualsiasi altra richiesta che possa avere.<\/li>\n<li>Per gestire l&#8217;elenco delle iscrizioni, inviare newsletter, promozioni e offerte speciali, in questo caso, utilizzeremo solo l&#8217;indirizzo email e il nome forniti dall&#8217;utente al momento dell&#8217;iscrizione.<\/li>\n<li>Per moderare e rispondere ai commenti degli utenti sul blog.<\/li>\n<li>Per garantire il rispetto delle condizioni d&#8217;uso e della legge applicabile. Ci\u00f2 pu\u00f2 includere lo sviluppo di strumenti e algoritmi che aiutano questo sito web a garantire la riservatezza dei dati personali raccolti.<\/li>\n<li>Per sostenere e migliorare i servizi offerti da questo sito web.<\/li>\n<\/ol>\n<p>In alcuni casi, le informazioni sui visitatori di questo sito sono condivise in forma anonima o aggregata con terzi come inserzionisti, sponsor o affiliati al solo scopo di migliorare i servizi e monetizzare il sito. Tutte queste attivit\u00e0 di trattamento saranno regolate secondo le normative legali e verranno rispettati tutti i tuoi diritti in materia di protezione dei dati conformemente alla normativa vigente.<\/p>\n<p>In ciascun caso, l&#8217;utente ha pieni diritti sui propri dati personali e sul loro utilizzo e pu\u00f2 esercitarli in qualsiasi momento.<\/p>\n<p>In nessun caso questo sito web ceder\u00e0 i dati personali dei propri utenti a terzi senza informarli preventivamente e richiedere il loro consenso.<\/p>\n<p><strong>Servizi offerti da terzi su questo sito web<\/strong><\/p>\n<p>Per fornire servizi strettamente necessari per lo sviluppo della propria attivit\u00e0, Juan Carlos Brun condivide dati con i seguenti fornitori secondo le rispettive condizioni di privacy.<\/p>\n<ul>\n<li><strong>Hosting, archiviazione e backup:<\/strong> RaiolaNetworks.es<\/li>\n<li><strong>Piattaforma web<\/strong>: WordPress.org<\/li>\n<\/ul>\n<p><strong>Sistemi di acquisizione di dati personali raccolti su questo sito web<\/strong><\/p>\n<p>Questo sito web utilizza diversi sistemi di acquisizione di informazioni personali. Questo sito web richiede sempre il consenso preventivo degli utenti per trattare i loro dati personali per gli scopi indicati.<\/p>\n<p>L&#8217;utente ha il diritto di revocare il proprio consenso preventivo in qualsiasi momento.<\/p>\n<p><strong>Sistemi di acquisizione di informazioni personali utilizzati da onlinecompass.pro<\/strong> :<\/p>\n<ul>\n<li><strong>Modulo di commenti<\/strong>: Il sito include un modulo per commentare i post. L&#8217;utente pu\u00f2 pubblicare commenti sui post pubblicati. I dati personali inseriti nel modulo per inserire questi commenti saranno utilizzati esclusivamente per moderarli e pubblicarli.<\/li>\n<li><strong>Modulo di contatto:<\/strong> Esiste anche un modulo di contatto per domande, suggerimenti o contatti professionali. In questo caso verr\u00e0 utilizzato l&#8217;indirizzo email per rispondere e inviare le informazioni richieste dall&#8217;utente tramite il sito web.<\/li>\n<li><strong>Cookies:<\/strong> Quando l&#8217;utente si registra o naviga su questo sito web, vengono memorizzati &#8220;cookies&#8221;. L&#8217;utente pu\u00f2 consultare in qualsiasi momento la <a href=\"\/it\/politica-sui-cookie\/\">politica sui cookies<\/a> per ulteriori informazioni sull&#8217;uso dei cookies e su come disattivarli.<\/li>\n<\/ul>\n<p>Lutente trover\u00e0 all&#8217;interno di questo sito, pagine, promozioni, sponsorizzazioni, <strong>programmi di affiliazione<\/strong> che accedono alle abitudini di navigazione degli utenti per creare profili utente e mostrare annunci pubblicitari in base ai loro interessi e abitudini di navigazione. Queste informazioni sono sempre anonime e non identificano l&#8217;utente.<\/p>\n<p>Le informazioni fornite su questi siti sponsorizzati o collegamenti di affiliazione sono soggette alle politiche sulla privacy utilizzate su tali siti e non saranno soggette a questa politica sulla privacy. Pertanto, raccomandiamo vivamente agli utenti di esaminare attentamente le politiche sulla privacy dei collegamenti di affiliazione.<\/p>\n<p><strong>Politica sulla Privacy della pubblicit\u00e0 fornita da Adsense<\/strong>: <a href=\"\/ithttp:\/\/www.google.com\/intl\/es_ALL\/privacypolicy.html\" target=\"_blank\" rel=\"nofollow noopener noreferrer\">Google Adsense<\/a>.<\/p>\n<p><strong>Politica sulla privacy delle fonti di tracciamento utilizzate su questo sito<\/strong>: <a href=\"\/ithttp:\/\/www.google.com\/intl\/es_ALL\/privacypolicy.html\" target=\"_blank\" rel=\"nofollow noopener noreferrer\">Google (Analytics)<\/a><\/p>\n<p>Anche su onlinecompass.pro vengono studiate le preferenze dei propri utenti, le loro caratteristiche demografiche, i loro modelli di traffico e altre informazioni in generale per comprendere meglio chi costituisce la nostra audience e di cosa ha bisogno. Il tracciamento delle preferenze dei nostri utenti ci aiuta anche a mostrare loro gli annunci pubblicitari pi\u00f9 pertinenti.<\/p>\n<p>L&#8217;utente e, in generale, qualsiasi persona fisica o giuridica, pu\u00f2 stabilire un collegamento ipertestuale o un dispositivo tecnico di collegamento (ad esempio, link o pulsanti) dal proprio sito web a onlinecompass.pro (il &#8220;Collegamento ipertestuale&#8221;). L&#8217;istituzione del Collegamento ipertestuale non implica in alcun caso l&#8217;esistenza di relazioni tra onlinecompass.pro e il proprietario del sito o della pagina web in cui \u00e8 stabilito il Collegamento ipertestuale, n\u00e9 l&#8217;accettazione o l&#8217;approvazione da parte di onlinecompass.pro dei loro contenuti o servizi. In ogni caso, onlinecompass.pro si riserva il diritto di vietare o disattivare in qualsiasi momento qualsiasi collegamento ipertestuale al Sito Web.<\/p>\n<h2><span id=\"Esattezza_e_veridicit\u00e0_dei_dati\">Esattezza e veridicit\u00e0 dei dati<\/span><\/h2>\n<p>LUtente garantisce che i dati personali forniti attraverso i diversi moduli sono veritieri, impegnandosi a comunicare eventuali modifiche agli stessi. Inoltre, l&#8217;Utente garantisce che tutte le informazioni fornite corrispondono alla sua situazione reale, sono aggiornate ed esatte. Inoltre, l&#8217;Utente si impegna a mantenere sempre aggiornati i propri dati, essendo l&#8217;unico responsabile dell&#8217;inaccuratezza o falsit\u00e0 dei dati forniti e dei danni che potrebbero derivarne a Juan Carlos Brun come titolare del sito web onlinecompass.pro.<\/p>\n<h2><span id=\"Esercizio_dei_diritti_di_accesso_rectifica_cancellazione_o_opposizione\">Esercizio dei diritti di accesso, rettifica, cancellazione o opposizione<\/span><\/h2>\n<p>I diritti degli Utenti sono i seguenti:<\/p>\n<ul>\n<li>Diritto di chiedere quali dati personali conserviamo sull&#8217;Utente in qualsiasi momento.<\/li>\n<li>Diritto di chiederci di aggiornare o correggere gratuitamente dati errati o obsoleti che conserviamo sull&#8217;Utente.<\/li>\n<li>Diritto di disiscriversi da qualsiasi comunicazione di marketing che potremmo inviare all&#8217;Utente.<\/li>\n<\/ul>\n<p>Potrai inviare le tue comunicazioni ed esercitare i diritti di <strong>accesso, rettifica, cancellazione e opposizione<\/strong> tramite posta ordinaria a Calle Mart\u00ednez Maldonado, 24, 3\u00ba A &#8211; M\u00e1laga, M\u00e1laga o tramite email dal nostro <a href=\"\/it\/contatto\/\">modulo di contatto<\/a> per il quale successivamente potr\u00e0 essere richiesta una prova valida in diritto, come fotocopia del documento d&#8217;identit\u00e0 o equivalente, indicando nell&#8217;oggetto <strong>&#8220;PROTEZIONE DEI DATI&#8221;<\/strong>.<\/p>\n<h2><span id=\"Accettazione_e_consenso\">Accettazione e consenso<\/span><\/h2>\n<p>LUtente dichiara di essere stato informato sulle condizioni sulla protezione dei dati personali, accettando e acconsentendo al trattamento degli stessi da parte di Juan Carlos Brun nella forma e per le finalit\u00e0 indicate nell&#8217;<a href=\"\/it\/avviso-legale\/\" target=\"_blank\" rel=\"noopener noreferrer\">avviso legale<\/a>.<\/p>\n<h2><span id=\"Modifiche_nella_presente_politica_di_privacy\">Modifiche nella presente politica di privacy<\/span><\/h2>\n<p>Juan Carlos Brun si riserva il diritto di modificare la presente politica per adattarla a novit\u00e0 legislative o giurisprudenziali nonch\u00e9 a pratiche del settore. In tali casi, il Fornitore annuncer\u00e0 su questa pagina le modifiche apportate con ragionevole anticipo rispetto alla loro attuazione.<\/p>\n<h2><span id=\"Email_commerciali\">Email commerciali<\/span><\/h2>\n<p>In conformit\u00e0 alla LSSICE, Juan Carlos Brun non pratica lo SPAM, pertanto non invia email commerciali via elettronica che non siano state preventivamente richieste o autorizzate dall&#8217;Utente, in alcune occasioni, pu\u00f2 inviare promozioni e offerte puntuali proprie e di terzi, solo nei casi in cui abbia l&#8217;autorizzazione dei destinatari.<\/p>\n<div style='text-align:center' class='yasr-auto-insert-visitor'><\/div>","protected":false},"excerpt":{"rendered":"<p>Come responsabile di questo sito web, desidero offrirti le massime garanzie legali in relazione alla tua privacy e spiegarti con la massima chiarezza e trasparenza possibile tutto ci\u00f2 che riguarda il trattamento delle informazioni personali all&#8217;interno di questo sito web. La presente Politica sulla Privacy sar\u00e0 valida esclusivamente per i dati personali ottenuti sul Sito &#8230; <a title=\"politica sulla riservatezza\" class=\"read-more\" href=\"https:\/\/onlinecompass.pro\/it\/politica-sulla-riservatezza\/\" aria-label=\"Per saperne di pi\u00f9 su politica sulla riservatezza\">Leggi tutto<\/a><\/p>\n","protected":false},"author":1,"featured_media":0,"parent":0,"menu_order":0,"comment_status":"open","ping_status":"open","template":"","meta":{"yasr_overall_rating":0,"yasr_post_is_review":"","yasr_auto_insert_disabled":"","yasr_review_type":"","footnotes":""},"class_list":["post-38","page","type-page","status-publish"],"yoast_head":"<!-- This site is optimized with the Yoast SEO plugin v26.8 - https:\/\/yoast.com\/product\/yoast-seo-wordpress\/ -->\n<title>politica sulla riservatezza - Bussola in linea<\/title>\n<meta name=\"robots\" content=\"index, follow, max-snippet:-1, max-image-preview:large, max-video-preview:-1\" \/>\n<link rel=\"canonical\" href=\"https:\/\/onlinecompass.pro\/it\/politica-sulla-riservatezza\/\" \/>\n<meta property=\"og:locale\" content=\"it_IT\" \/>\n<meta property=\"og:type\" content=\"article\" \/>\n<meta property=\"og:title\" content=\"politica sulla riservatezza - Bussola in linea\" \/>\n<meta property=\"og:description\" content=\"Come responsabile di questo sito web, desidero offrirti le massime garanzie legali in relazione alla tua privacy e spiegarti con la massima chiarezza e trasparenza possibile tutto ci\u00f2 che riguarda il trattamento delle informazioni personali all&#8217;interno di questo sito web. La presente Politica sulla Privacy sar\u00e0 valida esclusivamente per i dati personali ottenuti sul Sito ... Leggi tutto\" \/>\n<meta property=\"og:url\" content=\"https:\/\/onlinecompass.pro\/it\/politica-sulla-riservatezza\/\" \/>\n<meta property=\"og:site_name\" content=\"Bussola in linea\" \/>\n<meta name=\"twitter:card\" content=\"summary_large_image\" \/>\n<meta name=\"twitter:label1\" content=\"Tempo di lettura stimato\" \/>\n\t<meta name=\"twitter:data1\" content=\"7 minuti\" \/>\n<script type=\"application\/ld+json\" class=\"yoast-schema-graph\">{\"@context\":\"https:\/\/schema.org\",\"@graph\":[{\"@type\":\"WebPage\",\"@id\":\"https:\/\/onlinecompass.pro\/it\/politica-sulla-riservatezza\/\",\"url\":\"https:\/\/onlinecompass.pro\/it\/politica-sulla-riservatezza\/\",\"name\":\"politica sulla riservatezza - Bussola in linea\",\"isPartOf\":{\"@id\":\"https:\/\/onlinecompass.pro\/it\/#website\"},\"datePublished\":\"2025-03-01T20:01:26+00:00\",\"breadcrumb\":{\"@id\":\"https:\/\/onlinecompass.pro\/it\/politica-sulla-riservatezza\/#breadcrumb\"},\"inLanguage\":\"it-IT\",\"potentialAction\":[{\"@type\":\"ReadAction\",\"target\":[\"https:\/\/onlinecompass.pro\/it\/politica-sulla-riservatezza\/\"]}]},{\"@type\":\"BreadcrumbList\",\"@id\":\"https:\/\/onlinecompass.pro\/it\/politica-sulla-riservatezza\/#breadcrumb\",\"itemListElement\":[{\"@type\":\"ListItem\",\"position\":1,\"name\":\"Portada\",\"item\":\"https:\/\/onlinecompass.pro\/it\/\"},{\"@type\":\"ListItem\",\"position\":2,\"name\":\"politica sulla riservatezza\"}]},{\"@type\":\"WebSite\",\"@id\":\"https:\/\/onlinecompass.pro\/it\/#website\",\"url\":\"https:\/\/onlinecompass.pro\/it\/\",\"name\":\"Bussola in linea\",\"description\":\"La migliore app bussola online\",\"potentialAction\":[{\"@type\":\"SearchAction\",\"target\":{\"@type\":\"EntryPoint\",\"urlTemplate\":\"https:\/\/onlinecompass.pro\/it\/?s={search_term_string}\"},\"query-input\":{\"@type\":\"PropertyValueSpecification\",\"valueRequired\":true,\"valueName\":\"search_term_string\"}}],\"inLanguage\":\"it-IT\"},false]}<\/script>\n<!-- \/ Yoast SEO plugin. -->","yoast_head_json":{"title":"politica sulla riservatezza - Bussola in linea","robots":{"index":"index","follow":"follow","max-snippet":"max-snippet:-1","max-image-preview":"max-image-preview:large","max-video-preview":"max-video-preview:-1"},"canonical":"https:\/\/onlinecompass.pro\/it\/politica-sulla-riservatezza\/","og_locale":"it_IT","og_type":"article","og_title":"politica sulla riservatezza - Bussola in linea","og_description":"Come responsabile di questo sito web, desidero offrirti le massime garanzie legali in relazione alla tua privacy e spiegarti con la massima chiarezza e trasparenza possibile tutto ci\u00f2 che riguarda il trattamento delle informazioni personali all&#8217;interno di questo sito web. La presente Politica sulla Privacy sar\u00e0 valida esclusivamente per i dati personali ottenuti sul Sito ... Leggi tutto","og_url":"https:\/\/onlinecompass.pro\/it\/politica-sulla-riservatezza\/","og_site_name":"Bussola in linea","twitter_card":"summary_large_image","twitter_misc":{"Tempo di lettura stimato":"7 minuti"},"schema":{"@context":"https:\/\/schema.org","@graph":[{"@type":"WebPage","@id":"https:\/\/onlinecompass.pro\/it\/politica-sulla-riservatezza\/","url":"https:\/\/onlinecompass.pro\/it\/politica-sulla-riservatezza\/","name":"politica sulla riservatezza - Bussola in linea","isPartOf":{"@id":"https:\/\/onlinecompass.pro\/it\/#website"},"datePublished":"2025-03-01T20:01:26+00:00","breadcrumb":{"@id":"https:\/\/onlinecompass.pro\/it\/politica-sulla-riservatezza\/#breadcrumb"},"inLanguage":"it-IT","potentialAction":[{"@type":"ReadAction","target":["https:\/\/onlinecompass.pro\/it\/politica-sulla-riservatezza\/"]}]},{"@type":"BreadcrumbList","@id":"https:\/\/onlinecompass.pro\/it\/politica-sulla-riservatezza\/#breadcrumb","itemListElement":[{"@type":"ListItem","position":1,"name":"Portada","item":"https:\/\/onlinecompass.pro\/it\/"},{"@type":"ListItem","position":2,"name":"politica sulla riservatezza"}]},{"@type":"WebSite","@id":"https:\/\/onlinecompass.pro\/it\/#website","url":"https:\/\/onlinecompass.pro\/it\/","name":"Bussola in linea","description":"La migliore app bussola online","potentialAction":[{"@type":"SearchAction","target":{"@type":"EntryPoint","urlTemplate":"https:\/\/onlinecompass.pro\/it\/?s={search_term_string}"},"query-input":{"@type":"PropertyValueSpecification","valueRequired":true,"valueName":"search_term_string"}}],"inLanguage":"it-IT"},false]}},"yasr_visitor_votes":{"stars_attributes":{"read_only":false,"span_bottom":false},"number_of_votes":0,"sum_votes":0},"_links":{"self":[{"href":"https:\/\/onlinecompass.pro\/it\/wp-json\/wp\/v2\/pages\/38","targetHints":{"allow":["GET"]}}],"collection":[{"href":"https:\/\/onlinecompass.pro\/it\/wp-json\/wp\/v2\/pages"}],"about":[{"href":"https:\/\/onlinecompass.pro\/it\/wp-json\/wp\/v2\/types\/page"}],"author":[{"embeddable":true,"href":"https:\/\/onlinecompass.pro\/it\/wp-json\/wp\/v2\/users\/1"}],"replies":[{"embeddable":true,"href":"https:\/\/onlinecompass.pro\/it\/wp-json\/wp\/v2\/comments?post=38"}],"version-history":[{"count":0,"href":"https:\/\/onlinecompass.pro\/it\/wp-json\/wp\/v2\/pages\/38\/revisions"}],"wp:attachment":[{"href":"https:\/\/onlinecompass.pro\/it\/wp-json\/wp\/v2\/media?parent=38"}],"curies":[{"name":"wp","href":"https:\/\/api.w.org\/{rel}","templated":true}]}}