{"id":121,"date":"2025-03-04T20:19:03","date_gmt":"2025-03-04T19:19:03","guid":{"rendered":"https:\/\/onlinecompass.pro\/fr\/philosophie\/"},"modified":"2025-03-04T20:19:03","modified_gmt":"2025-03-04T19:19:03","slug":"philosophie","status":"publish","type":"page","link":"https:\/\/onlinecompass.pro\/fr\/philosophie\/","title":{"rendered":"Philosophie et valeurs :"},"content":{"rendered":"<p>Ce projet a pour <strong>mission<\/strong> de faciliter l&rsquo;orientation des personnes en leur donnant acc\u00e8s \u00e0 un outil gratuit et accessible \u00e0 tous les publics, quel que soit le dispositif utilis\u00e9.<\/p>\n<p>Il repose sur une <strong>valeur unique<\/strong> \u00e0 laquelle est consacr\u00e9 tout l&rsquo;effort : la boussole en ligne que nous partageons avec la communaut\u00e9 et toute l&rsquo;aide que nous applicationortons de mani\u00e8re compl\u00e9mentaire.<\/p>\n<p>Nous <strong>maintenons notre engagement<\/strong> \u00e0 am\u00e9liorer la vitesse, la pr\u00e9cision et la qualit\u00e9 des boussoles en ligne existantes. Avec la valeur ajout\u00e9e de ne pas avoir \u00e0 t\u00e9l\u00e9charger d&rsquo;applicationlication native, c&rsquo;est-\u00e0-dire sans occuper d&rsquo;espace dans la m\u00e9moire du dispositif. Cela est particuli\u00e8rement important dans les cas d&rsquo;utilisation ponctuelle de l&rsquo;outil. Si vous pr\u00e9voyez de l&rsquo;utiliser r\u00e9guli\u00e8rement, vous pourriez y acc\u00e9der depuis Google ou en l&rsquo;ajoutant \u00e0 vos <em>Favoris<\/em> dans votre navigateur.<\/p>\n<div class=\"autor_post\">Juan Carlos est un sp\u00e9cialiste de l&rsquo;<a href=\"\/fr\/\">orientation<\/a> et le visage le plus visible de ce projet. Il poss\u00e8de plusieurs ann\u00e9es d&rsquo;exp\u00e9rience dans les courses d&rsquo;orientation et est sp\u00e9cialis\u00e9 dans l&rsquo;orientation en pleine nature.<\/div>\n<div style='text-align:center' class='yasr-auto-insert-visitor'><\/div>","protected":false},"excerpt":{"rendered":"<p>Ce projet a pour mission de faciliter l&rsquo;orientation des personnes en leur donnant acc\u00e8s \u00e0 un outil gratuit et accessible \u00e0 tous les publics, quel que soit le dispositif utilis\u00e9. Il repose sur une valeur unique \u00e0 laquelle est consacr\u00e9 tout l&rsquo;effort : la boussole en ligne que nous partageons avec la communaut\u00e9 et toute &#8230; <a title=\"Philosophie et valeurs :\" class=\"read-more\" href=\"https:\/\/onlinecompass.pro\/fr\/philosophie\/\" aria-label=\"En savoir plus sur Philosophie et valeurs :\">Lire la suite<\/a><\/p>\n","protected":false},"author":1,"featured_media":0,"parent":0,"menu_order":0,"comment_status":"open","ping_status":"open","template":"","meta":{"yasr_overall_rating":0,"yasr_post_is_review":"","yasr_auto_insert_disabled":"","yasr_review_type":"","footnotes":""},"class_list":["post-121","page","type-page","status-publish"],"yoast_head":"<!-- This site is optimized with the Yoast SEO plugin v26.8 - https:\/\/yoast.com\/product\/yoast-seo-wordpress\/ -->\n<title>Philosophie et valeurs : - Boussole en ligne<\/title>\n<meta name=\"robots\" content=\"index, follow, max-snippet:-1, max-image-preview:large, max-video-preview:-1\" \/>\n<link rel=\"canonical\" href=\"https:\/\/onlinecompass.pro\/fr\/philosophie\/\" \/>\n<meta property=\"og:locale\" content=\"fr_FR\" \/>\n<meta property=\"og:type\" content=\"article\" \/>\n<meta property=\"og:title\" content=\"Philosophie et valeurs : - Boussole en ligne\" \/>\n<meta property=\"og:description\" content=\"Ce projet a pour mission de faciliter l&rsquo;orientation des personnes en leur donnant acc\u00e8s \u00e0 un outil gratuit et accessible \u00e0 tous les publics, quel que soit le dispositif utilis\u00e9. Il repose sur une valeur unique \u00e0 laquelle est consacr\u00e9 tout l&rsquo;effort : la boussole en ligne que nous partageons avec la communaut\u00e9 et toute ... Lire la suite\" \/>\n<meta property=\"og:url\" content=\"https:\/\/onlinecompass.pro\/fr\/philosophie\/\" \/>\n<meta property=\"og:site_name\" content=\"Boussole en ligne\" \/>\n<meta name=\"twitter:card\" content=\"summary_large_image\" \/>\n<meta name=\"twitter:label1\" content=\"Dur\u00e9e de lecture estim\u00e9e\" \/>\n\t<meta name=\"twitter:data1\" content=\"1 minute\" \/>\n<script type=\"application\/ld+json\" class=\"yoast-schema-graph\">{\"@context\":\"https:\/\/schema.org\",\"@graph\":[{\"@type\":\"WebPage\",\"@id\":\"https:\/\/onlinecompass.pro\/fr\/philosophie\/\",\"url\":\"https:\/\/onlinecompass.pro\/fr\/philosophie\/\",\"name\":\"Philosophie et valeurs : - Boussole en ligne\",\"isPartOf\":{\"@id\":\"https:\/\/onlinecompass.pro\/fr\/#website\"},\"datePublished\":\"2025-03-04T19:19:03+00:00\",\"breadcrumb\":{\"@id\":\"https:\/\/onlinecompass.pro\/fr\/philosophie\/#breadcrumb\"},\"inLanguage\":\"fr-FR\",\"potentialAction\":[{\"@type\":\"ReadAction\",\"target\":[\"https:\/\/onlinecompass.pro\/fr\/philosophie\/\"]}]},{\"@type\":\"BreadcrumbList\",\"@id\":\"https:\/\/onlinecompass.pro\/fr\/philosophie\/#breadcrumb\",\"itemListElement\":[{\"@type\":\"ListItem\",\"position\":1,\"name\":\"Portada\",\"item\":\"https:\/\/onlinecompass.pro\/fr\/\"},{\"@type\":\"ListItem\",\"position\":2,\"name\":\"Philosophie et valeurs :\"}]},{\"@type\":\"WebSite\",\"@id\":\"https:\/\/onlinecompass.pro\/fr\/#website\",\"url\":\"https:\/\/onlinecompass.pro\/fr\/\",\"name\":\"Boussole en ligne\",\"description\":\"Best online compass app\",\"potentialAction\":[{\"@type\":\"SearchAction\",\"target\":{\"@type\":\"EntryPoint\",\"urlTemplate\":\"https:\/\/onlinecompass.pro\/fr\/?s={search_term_string}\"},\"query-input\":{\"@type\":\"PropertyValueSpecification\",\"valueRequired\":true,\"valueName\":\"search_term_string\"}}],\"inLanguage\":\"fr-FR\"},false]}<\/script>\n<!-- \/ Yoast SEO plugin. -->","yoast_head_json":{"title":"Philosophie et valeurs : - Boussole en ligne","robots":{"index":"index","follow":"follow","max-snippet":"max-snippet:-1","max-image-preview":"max-image-preview:large","max-video-preview":"max-video-preview:-1"},"canonical":"https:\/\/onlinecompass.pro\/fr\/philosophie\/","og_locale":"fr_FR","og_type":"article","og_title":"Philosophie et valeurs : - Boussole en ligne","og_description":"Ce projet a pour mission de faciliter l&rsquo;orientation des personnes en leur donnant acc\u00e8s \u00e0 un outil gratuit et accessible \u00e0 tous les publics, quel que soit le dispositif utilis\u00e9. Il repose sur une valeur unique \u00e0 laquelle est consacr\u00e9 tout l&rsquo;effort : la boussole en ligne que nous partageons avec la communaut\u00e9 et toute ... Lire la suite","og_url":"https:\/\/onlinecompass.pro\/fr\/philosophie\/","og_site_name":"Boussole en ligne","twitter_card":"summary_large_image","twitter_misc":{"Dur\u00e9e de lecture estim\u00e9e":"1 minute"},"schema":{"@context":"https:\/\/schema.org","@graph":[{"@type":"WebPage","@id":"https:\/\/onlinecompass.pro\/fr\/philosophie\/","url":"https:\/\/onlinecompass.pro\/fr\/philosophie\/","name":"Philosophie et valeurs : - Boussole en ligne","isPartOf":{"@id":"https:\/\/onlinecompass.pro\/fr\/#website"},"datePublished":"2025-03-04T19:19:03+00:00","breadcrumb":{"@id":"https:\/\/onlinecompass.pro\/fr\/philosophie\/#breadcrumb"},"inLanguage":"fr-FR","potentialAction":[{"@type":"ReadAction","target":["https:\/\/onlinecompass.pro\/fr\/philosophie\/"]}]},{"@type":"BreadcrumbList","@id":"https:\/\/onlinecompass.pro\/fr\/philosophie\/#breadcrumb","itemListElement":[{"@type":"ListItem","position":1,"name":"Portada","item":"https:\/\/onlinecompass.pro\/fr\/"},{"@type":"ListItem","position":2,"name":"Philosophie et valeurs :"}]},{"@type":"WebSite","@id":"https:\/\/onlinecompass.pro\/fr\/#website","url":"https:\/\/onlinecompass.pro\/fr\/","name":"Boussole en ligne","description":"Best online compass app","potentialAction":[{"@type":"SearchAction","target":{"@type":"EntryPoint","urlTemplate":"https:\/\/onlinecompass.pro\/fr\/?s={search_term_string}"},"query-input":{"@type":"PropertyValueSpecification","valueRequired":true,"valueName":"search_term_string"}}],"inLanguage":"fr-FR"},false]}},"yasr_visitor_votes":{"stars_attributes":{"read_only":false,"span_bottom":false},"number_of_votes":0,"sum_votes":0},"_links":{"self":[{"href":"https:\/\/onlinecompass.pro\/fr\/wp-json\/wp\/v2\/pages\/121","targetHints":{"allow":["GET"]}}],"collection":[{"href":"https:\/\/onlinecompass.pro\/fr\/wp-json\/wp\/v2\/pages"}],"about":[{"href":"https:\/\/onlinecompass.pro\/fr\/wp-json\/wp\/v2\/types\/page"}],"author":[{"embeddable":true,"href":"https:\/\/onlinecompass.pro\/fr\/wp-json\/wp\/v2\/users\/1"}],"replies":[{"embeddable":true,"href":"https:\/\/onlinecompass.pro\/fr\/wp-json\/wp\/v2\/comments?post=121"}],"version-history":[{"count":0,"href":"https:\/\/onlinecompass.pro\/fr\/wp-json\/wp\/v2\/pages\/121\/revisions"}],"wp:attachment":[{"href":"https:\/\/onlinecompass.pro\/fr\/wp-json\/wp\/v2\/media?parent=121"}],"curies":[{"name":"wp","href":"https:\/\/api.w.org\/{rel}","templated":true}]}}