{"id":120,"date":"2025-03-04T20:19:03","date_gmt":"2025-03-04T19:19:03","guid":{"rendered":"https:\/\/onlinecompass.pro\/fr\/comment-sorienter\/"},"modified":"2025-03-04T20:19:03","modified_gmt":"2025-03-04T19:19:03","slug":"comment-sorienter","status":"publish","type":"page","link":"https:\/\/onlinecompass.pro\/fr\/comment-sorienter\/","title":{"rendered":"Orientez-vous correctement"},"content":{"rendered":"<p>Dans cette s\u00e9rie d&rsquo;articles, vous applicationrendrez comment utiliser des cartes et des boussoles, ainsi que <strong>interpr\u00e9ter les signaux naturels<\/strong> pour savoir o\u00f9 nous nous trouvons. De plus, nous vous montrerons comment <strong>planifier un itin\u00e9raire<\/strong> et vous pr\u00e9parer \u00e0 toute situation impr\u00e9vue. <img loading=\"lazy\" decoding=\"async\" class=\"aligncenter wp-image-1533 size-full\" src=\"https:\/\/onlinecompass.pro\/wp-content\/uploads\/como-orientarse.jpg\" alt=\"comme-orientarse\" width=\"640\" height=\"480\" \/>Sorienter et trouver le nord peut vous sauver de plus d&rsquo;une situation inattendue, surtout lorsque vous vous trouvez en pleine nature et qu&rsquo;il ne vous reste plus qu&rsquo;\u00e0 faire applicationel \u00e0 vos bonnes comp\u00e9tences avec la boussole, ou \u00e0 vous orienter avec les \u00e9l\u00e9ments de votre environnement. <\/p>\n<h2 class=\"LC20lb MBeuO DKV0Md\">Commencez \u00e0 <strong>bien utiliser votre boussole<\/strong><\/h2>\n<p>Le but est que vous acqu\u00e9riez les <strong>comp\u00e9tences n\u00e9cessaires<\/strong> pour explorer la nature en toute s\u00e9curit\u00e9 et confiance. \u00cates-vous pr\u00eat pour votre aventure ? Ces articles sont super int\u00e9ressants et tr\u00e8s pratiques. Alors quand vous <strong>les mettrez en pratique<\/strong>, vous pouvez revenir ici si vous le souhaitez : <style>.wp-show-posts-columns#wpsp-889 {margin-left: -2em; }.wp-show-posts-columns#wpsp-889 .wp-show-posts-inner {margin: 0 0 2em 2em; }<\/style><section id=\"wpsp-889\" class=\" wp-show-posts-columns wp-show-posts\" style=\"\"><article class=\" wp-show-posts-single post-151 post type-post status-publish format-standard hentry category-comment-sorienter wpsp-col-6\" itemtype=\"http:\/\/schema.org\/CreativeWork\" itemscope><div class=\"wp-show-posts-inner\" style=\"\">\t\t\t\t\t\t<div class=\"wp-show-posts-entry-summary\" itemprop=\"text\">\n\t\t\t\t\t\t\t<p>Apprendre \u00e0 utiliser la boussole d&rsquo;orientation sportive et \u00e0 s&rsquo;orienter avec une carte et une boussole est indispensable pour aller dans la nature. Comment faire ?<\/p>\n\t\t\t\t\t\t<\/div><!-- .entry-summary -->\n\t\t\t\t\t<\/div><!-- wp-show-posts-inner --><\/article><article class=\" wp-show-posts-single post-150 post type-post status-publish format-standard hentry category-comment-sorienter wpsp-col-6\" itemtype=\"http:\/\/schema.org\/CreativeWork\" itemscope><div class=\"wp-show-posts-inner\" style=\"\">\t\t\t\t\t\t<div class=\"wp-show-posts-entry-summary\" itemprop=\"text\">\n\t\t\t\t\t\t\t<p>L&rsquo;aiguille magn\u00e9tique est plac\u00e9e sur le bouchon qui flotte dans l&rsquo;eau et rien n&rsquo;arr\u00eate son mouvement. Nous vous expliquons comment il pointera vers le Nord.<\/p>\n\t\t\t\t\t\t<\/div><!-- .entry-summary -->\n\t\t\t\t\t<\/div><!-- wp-show-posts-inner --><\/article><article class=\" wp-show-posts-single post-134 post type-post status-publish format-standard hentry category-types-de-boussole wpsp-col-6\" itemtype=\"http:\/\/schema.org\/CreativeWork\" itemscope><div class=\"wp-show-posts-inner\" style=\"\">\t\t\t\t\t\t<div class=\"wp-show-posts-entry-summary\" itemprop=\"text\">\n\t\t\t\t\t\t\t<p>Voulez-vous applicationrendre comment fonctionne la boussole Viking ? On vous raconte depuis combien de temps la boussole Viking est utilis\u00e9e et quelques conseils pour mieux l&rsquo;utiliser<\/p>\n\t\t\t\t\t\t<\/div><!-- .entry-summary -->\n\t\t\t\t\t<\/div><!-- wp-show-posts-inner --><\/article><article class=\" wp-show-posts-single post-133 post type-post status-publish format-standard hentry category-types-de-boussole wpsp-col-6\" itemtype=\"http:\/\/schema.org\/CreativeWork\" itemscope><div class=\"wp-show-posts-inner\" style=\"\">\t\t\t\t\t\t<div class=\"wp-show-posts-entry-summary\" itemprop=\"text\">\n\t\t\t\t\t\t\t<p>Si vous ne savez toujours pas comment utiliser votre boussole de plong\u00e9e, nous vous expliquerons comment le faire et vous applicationrendrez les astuces n\u00e9cessaires pour vous orienter sous la mer.<\/p>\n\t\t\t\t\t\t<\/div><!-- .entry-summary -->\n\t\t\t\t\t<\/div><!-- wp-show-posts-inner --><\/article><article class=\" wp-show-posts-single post-124 post type-post status-publish format-standard hentry category-types-de-boussole wpsp-col-6\" itemtype=\"http:\/\/schema.org\/CreativeWork\" itemscope><div class=\"wp-show-posts-inner\" style=\"\">\t\t\t\t\t\t<div class=\"wp-show-posts-entry-summary\" itemprop=\"text\">\n\t\t\t\t\t\t\t<p>Pourquoi une boussole jouet pourrait-elle \u00eatre une bonne id\u00e9e\u00a0? Les enfants doivent d\u00e9couvrir leurs capacit\u00e9s par le jeu, nous vous montrons comment !<\/p>\n\t\t\t\t\t\t<\/div><!-- .entry-summary -->\n\t\t\t\t\t<\/div><!-- wp-show-posts-inner --><\/article><article class=\" wp-show-posts-single post-123 post type-post status-publish format-standard hentry category-orientation-vers-lapplicationrentissage wpsp-col-6\" itemtype=\"http:\/\/schema.org\/CreativeWork\" itemscope><div class=\"wp-show-posts-inner\" style=\"\">\t\t\t\t\t\t<div class=\"wp-show-posts-entry-summary\" itemprop=\"text\">\n\t\t\t\t\t\t\t<p>Nous vous expliquons tous les d\u00e9tails sur le fonctionnement de la boussole sur la Lune. Comment cet applicationareil peut compenser son champ magn\u00e9tique<\/p>\n\t\t\t\t\t\t<\/div><!-- .entry-summary -->\n\t\t\t\t\t<\/div><!-- wp-show-posts-inner --><\/article><article class=\" wp-show-posts-single post-160 post type-post status-publish format-standard hentry category-orientation-vers-lapplicationrentissage wpsp-col-6\" itemtype=\"http:\/\/schema.org\/CreativeWork\" itemscope><div class=\"wp-show-posts-inner\" style=\"\">\t\t\t\t\t\t<div class=\"wp-show-posts-entry-summary\" itemprop=\"text\">\n\t\t\t\t\t\t\t<p>Savez-vous d\u00e9j\u00e0 quels sont les points cardinaux ? Je vous r\u00e9v\u00e8le comment les retrouver m\u00eame sans utiliser de boussole. Par exemple, nous guider avec les \u00e9toiles.<\/p>\n\t\t\t\t\t\t<\/div><!-- .entry-summary -->\n\t\t\t\t\t<\/div><!-- wp-show-posts-inner --><\/article><article class=\" wp-show-posts-single post-156 post type-post status-publish format-standard hentry category-orientation-vers-lapplicationrentissage wpsp-col-6\" itemtype=\"http:\/\/schema.org\/CreativeWork\" itemscope><div class=\"wp-show-posts-inner\" style=\"\">\t\t\t\t\t\t<div class=\"wp-show-posts-entry-summary\" itemprop=\"text\">\n\t\t\t\t\t\t\t<p>Comprenez imm\u00e9diatement la signification de la boussole solaire et son fonctionnement. \u00c0 quoi sert une boussole solaire\u00a0: d\u00e9couvrez-le ici. \u2705<\/p>\n\t\t\t\t\t\t<\/div><!-- .entry-summary -->\n\t\t\t\t\t<\/div><!-- wp-show-posts-inner --><\/article><article class=\" wp-show-posts-single post-155 post type-post status-publish format-standard hentry category-orientation-vers-lapplicationrentissage wpsp-col-6\" itemtype=\"http:\/\/schema.org\/CreativeWork\" itemscope><div class=\"wp-show-posts-inner\" style=\"\">\t\t\t\t\t\t<div class=\"wp-show-posts-entry-summary\" itemprop=\"text\">\n\t\t\t\t\t\t\t<p>La boussole a permis de d\u00e9couvrir des routes et des civilisations historiques par mer. D\u00e9couvrez qui a invent\u00e9 la boussole, o\u00f9 et quand. \u2705<\/p>\n\t\t\t\t\t\t<\/div><!-- .entry-summary -->\n\t\t\t\t\t<\/div><!-- wp-show-posts-inner --><\/article><article class=\" wp-show-posts-single post-153 post type-post status-publish format-standard hentry category-comment-sorienter wpsp-col-6\" itemtype=\"http:\/\/schema.org\/CreativeWork\" itemscope><div class=\"wp-show-posts-inner\" style=\"\">\t\t\t\t\t\t<div class=\"wp-show-posts-entry-summary\" itemprop=\"text\">\n\t\t\t\t\t\t\t<p>Pour que vous puissiez utiliser une boussole en ligne sur votre mobile, celle-ci doit inclure un magn\u00e9tom\u00e8tre qui mesure la force et la direction des champs magn\u00e9tiques.<\/p>\n\t\t\t\t\t\t<\/div><!-- .entry-summary -->\n\t\t\t\t\t<\/div><!-- wp-show-posts-inner --><\/article><div class=\"wpsp-clear\"><\/div><\/section><!-- .wp-show-posts -->\n<div style='text-align:center' class='yasr-auto-insert-visitor'><\/div>","protected":false},"excerpt":{"rendered":"<p>Dans cette s\u00e9rie d&rsquo;articles, vous applicationrendrez comment utiliser des cartes et des boussoles, ainsi que interpr\u00e9ter les signaux naturels pour savoir o\u00f9 nous nous trouvons. De plus, nous vous montrerons comment planifier un itin\u00e9raire et vous pr\u00e9parer \u00e0 toute situation impr\u00e9vue. Sorienter et trouver le nord peut vous sauver de plus d&rsquo;une situation inattendue, surtout &#8230; <a title=\"Comment utiliser la boussole en ligne\u00a0: guide rapide\" class=\"read-more\" href=\"https:\/\/onlinecompass.pro\/fr\/comment-sorienter\/utiliser-boussole-en-ligne\/\" aria-label=\"En savoir plus sur Comment utiliser la boussole en ligne\u00a0: guide rapide\">Lire la suite<\/a><\/p>\n","protected":false},"author":1,"featured_media":0,"parent":0,"menu_order":0,"comment_status":"open","ping_status":"open","template":"","meta":{"yasr_overall_rating":0,"yasr_post_is_review":"","yasr_auto_insert_disabled":"","yasr_review_type":"","footnotes":""},"class_list":["post-120","page","type-page","status-publish","hentry"],"yoast_head":"<!-- This site is optimized with the Yoast SEO plugin v26.8 - https:\/\/yoast.com\/product\/yoast-seo-wordpress\/ -->\n<title>Orientez-vous correctement - Boussole en ligne<\/title>\n<meta name=\"robots\" content=\"index, follow, max-snippet:-1, max-image-preview:large, max-video-preview:-1\" \/>\n<link rel=\"canonical\" href=\"https:\/\/onlinecompass.pro\/fr\/comment-sorienter\/\" \/>\n<meta property=\"og:locale\" content=\"fr_FR\" \/>\n<meta property=\"og:type\" content=\"article\" \/>\n<meta property=\"og:title\" content=\"Orientez-vous correctement - Boussole en ligne\" \/>\n<meta property=\"og:description\" content=\"Dans cette s\u00e9rie d&rsquo;articles, vous applicationrendrez comment utiliser des cartes et des boussoles, ainsi que interpr\u00e9ter les signaux naturels pour savoir o\u00f9 nous nous trouvons. De plus, nous vous montrerons comment planifier un itin\u00e9raire et vous pr\u00e9parer \u00e0 toute situation impr\u00e9vue. Sorienter et trouver le nord peut vous sauver de plus d&rsquo;une situation inattendue, surtout ... Lire la suite\" \/>\n<meta property=\"og:url\" content=\"https:\/\/onlinecompass.pro\/fr\/comment-sorienter\/\" \/>\n<meta property=\"og:site_name\" content=\"Boussole en ligne\" \/>\n<meta name=\"twitter:card\" content=\"summary_large_image\" \/>\n<meta name=\"twitter:label1\" content=\"Dur\u00e9e de lecture estim\u00e9e\" \/>\n\t<meta name=\"twitter:data1\" content=\"1 minute\" \/>\n<script type=\"application\/ld+json\" class=\"yoast-schema-graph\">{\"@context\":\"https:\/\/schema.org\",\"@graph\":[{\"@type\":\"WebPage\",\"@id\":\"https:\/\/onlinecompass.pro\/fr\/comment-sorienter\/\",\"url\":\"https:\/\/onlinecompass.pro\/fr\/comment-sorienter\/\",\"name\":\"Orientez-vous correctement - Boussole en ligne\",\"isPartOf\":{\"@id\":\"https:\/\/onlinecompass.pro\/fr\/#website\"},\"primaryImageOfPage\":{\"@id\":\"https:\/\/onlinecompass.pro\/fr\/comment-sorienter\/#primaryimage\"},\"image\":{\"@id\":\"https:\/\/onlinecompass.pro\/fr\/comment-sorienter\/#primaryimage\"},\"thumbnailUrl\":\"https:\/\/onlinecompass.pro\/wp-content\/uploads\/como-orientarse.jpg\",\"datePublished\":\"2025-03-04T19:19:03+00:00\",\"breadcrumb\":{\"@id\":\"https:\/\/onlinecompass.pro\/fr\/comment-sorienter\/#breadcrumb\"},\"inLanguage\":\"fr-FR\",\"potentialAction\":[{\"@type\":\"ReadAction\",\"target\":[\"https:\/\/onlinecompass.pro\/fr\/comment-sorienter\/\"]}]},{\"@type\":\"ImageObject\",\"inLanguage\":\"fr-FR\",\"@id\":\"https:\/\/onlinecompass.pro\/fr\/comment-sorienter\/#primaryimage\",\"url\":\"https:\/\/onlinecompass.pro\/wp-content\/uploads\/como-orientarse.jpg\",\"contentUrl\":\"https:\/\/onlinecompass.pro\/wp-content\/uploads\/como-orientarse.jpg\"},{\"@type\":\"BreadcrumbList\",\"@id\":\"https:\/\/onlinecompass.pro\/fr\/comment-sorienter\/#breadcrumb\",\"itemListElement\":[{\"@type\":\"ListItem\",\"position\":1,\"name\":\"Portada\",\"item\":\"https:\/\/onlinecompass.pro\/fr\/\"},{\"@type\":\"ListItem\",\"position\":2,\"name\":\"Orientez-vous correctement\"}]},{\"@type\":\"WebSite\",\"@id\":\"https:\/\/onlinecompass.pro\/fr\/#website\",\"url\":\"https:\/\/onlinecompass.pro\/fr\/\",\"name\":\"Boussole en ligne\",\"description\":\"Best online compass app\",\"potentialAction\":[{\"@type\":\"SearchAction\",\"target\":{\"@type\":\"EntryPoint\",\"urlTemplate\":\"https:\/\/onlinecompass.pro\/fr\/?s={search_term_string}\"},\"query-input\":{\"@type\":\"PropertyValueSpecification\",\"valueRequired\":true,\"valueName\":\"search_term_string\"}}],\"inLanguage\":\"fr-FR\"},false]}<\/script>\n<!-- \/ Yoast SEO plugin. -->","yoast_head_json":{"title":"Orientez-vous correctement - Boussole en ligne","robots":{"index":"index","follow":"follow","max-snippet":"max-snippet:-1","max-image-preview":"max-image-preview:large","max-video-preview":"max-video-preview:-1"},"canonical":"https:\/\/onlinecompass.pro\/fr\/comment-sorienter\/","og_locale":"fr_FR","og_type":"article","og_title":"Orientez-vous correctement - Boussole en ligne","og_description":"Dans cette s\u00e9rie d&rsquo;articles, vous applicationrendrez comment utiliser des cartes et des boussoles, ainsi que interpr\u00e9ter les signaux naturels pour savoir o\u00f9 nous nous trouvons. De plus, nous vous montrerons comment planifier un itin\u00e9raire et vous pr\u00e9parer \u00e0 toute situation impr\u00e9vue. Sorienter et trouver le nord peut vous sauver de plus d&rsquo;une situation inattendue, surtout ... Lire la suite","og_url":"https:\/\/onlinecompass.pro\/fr\/comment-sorienter\/","og_site_name":"Boussole en ligne","twitter_card":"summary_large_image","twitter_misc":{"Dur\u00e9e de lecture estim\u00e9e":"1 minute"},"schema":{"@context":"https:\/\/schema.org","@graph":[{"@type":"WebPage","@id":"https:\/\/onlinecompass.pro\/fr\/comment-sorienter\/","url":"https:\/\/onlinecompass.pro\/fr\/comment-sorienter\/","name":"Orientez-vous correctement - Boussole en ligne","isPartOf":{"@id":"https:\/\/onlinecompass.pro\/fr\/#website"},"primaryImageOfPage":{"@id":"https:\/\/onlinecompass.pro\/fr\/comment-sorienter\/#primaryimage"},"image":{"@id":"https:\/\/onlinecompass.pro\/fr\/comment-sorienter\/#primaryimage"},"thumbnailUrl":"https:\/\/onlinecompass.pro\/wp-content\/uploads\/como-orientarse.jpg","datePublished":"2025-03-04T19:19:03+00:00","breadcrumb":{"@id":"https:\/\/onlinecompass.pro\/fr\/comment-sorienter\/#breadcrumb"},"inLanguage":"fr-FR","potentialAction":[{"@type":"ReadAction","target":["https:\/\/onlinecompass.pro\/fr\/comment-sorienter\/"]}]},{"@type":"ImageObject","inLanguage":"fr-FR","@id":"https:\/\/onlinecompass.pro\/fr\/comment-sorienter\/#primaryimage","url":"https:\/\/onlinecompass.pro\/wp-content\/uploads\/como-orientarse.jpg","contentUrl":"https:\/\/onlinecompass.pro\/wp-content\/uploads\/como-orientarse.jpg"},{"@type":"BreadcrumbList","@id":"https:\/\/onlinecompass.pro\/fr\/comment-sorienter\/#breadcrumb","itemListElement":[{"@type":"ListItem","position":1,"name":"Portada","item":"https:\/\/onlinecompass.pro\/fr\/"},{"@type":"ListItem","position":2,"name":"Orientez-vous correctement"}]},{"@type":"WebSite","@id":"https:\/\/onlinecompass.pro\/fr\/#website","url":"https:\/\/onlinecompass.pro\/fr\/","name":"Boussole en ligne","description":"Best online compass app","potentialAction":[{"@type":"SearchAction","target":{"@type":"EntryPoint","urlTemplate":"https:\/\/onlinecompass.pro\/fr\/?s={search_term_string}"},"query-input":{"@type":"PropertyValueSpecification","valueRequired":true,"valueName":"search_term_string"}}],"inLanguage":"fr-FR"},false]}},"yasr_visitor_votes":{"stars_attributes":{"read_only":false,"span_bottom":false},"number_of_votes":0,"sum_votes":0},"_links":{"self":[{"href":"https:\/\/onlinecompass.pro\/fr\/wp-json\/wp\/v2\/pages\/120","targetHints":{"allow":["GET"]}}],"collection":[{"href":"https:\/\/onlinecompass.pro\/fr\/wp-json\/wp\/v2\/pages"}],"about":[{"href":"https:\/\/onlinecompass.pro\/fr\/wp-json\/wp\/v2\/types\/page"}],"author":[{"embeddable":true,"href":"https:\/\/onlinecompass.pro\/fr\/wp-json\/wp\/v2\/users\/1"}],"replies":[{"embeddable":true,"href":"https:\/\/onlinecompass.pro\/fr\/wp-json\/wp\/v2\/comments?post=120"}],"version-history":[{"count":0,"href":"https:\/\/onlinecompass.pro\/fr\/wp-json\/wp\/v2\/pages\/120\/revisions"}],"wp:attachment":[{"href":"https:\/\/onlinecompass.pro\/fr\/wp-json\/wp\/v2\/media?parent=120"}],"curies":[{"name":"wp","href":"https:\/\/api.w.org\/{rel}","templated":true}]}}