{"id":42,"date":"2025-03-10T22:34:50","date_gmt":"2025-03-10T21:34:50","guid":{"rendered":"https:\/\/onlinecompass.pro\/fi\/filosofia\/"},"modified":"2025-03-10T22:34:50","modified_gmt":"2025-03-10T21:34:50","slug":"filosofia","status":"publish","type":"page","link":"https:\/\/onlinecompass.pro\/fi\/filosofia\/","title":{"rendered":"Filosofia ja arvot:"},"content":{"rendered":"<p>T\u00e4m\u00e4 projekti on <strong>teht\u00e4v\u00e4<\/strong>: helpottaa ihmisten suunnistamista tarjoamalla ilmainen ja kaikille saatavilla oleva ty\u00f6kalu. Riippumatta siit\u00e4, mit\u00e4 laitetta he k\u00e4ytt\u00e4v\u00e4t.<\/p>\n<p>Siin\u00e4 on <strong>yksi arvo<\/strong>, johon kaikki ponnistelut kohdistuvat: Verkossa jaetun kompassin, jonka jaamme yhteis\u00f6n kanssa, sek\u00e4 kaiken lis\u00e4avun, jonka tarjoamme t\u00e4ydent\u00e4v\u00e4sti.<\/p>\n<p>Pid\u00e4mme yll\u00e4 sitoumusta parantaa olemassa olevien verkkokompassien nopeutta, tarkkuutta ja laatua. Lis\u00e4arvona on se, ett\u00e4 sinun ei tarvitse ladata mit\u00e4\u00e4n sovellusta, eli se ei vie tilaa laitteen muistista. T\u00e4m\u00e4 on erityisen t\u00e4rke\u00e4\u00e4 silloin, kun ty\u00f6kalua k\u00e4ytet\u00e4\u00e4n satunnaisesti. Jos aiot k\u00e4ytt\u00e4\u00e4 sit\u00e4 s\u00e4\u00e4nn\u00f6llisesti, voit k\u00e4ytt\u00e4\u00e4 sit\u00e4 Googlesta tai tallentaa sen <em>Suosikkeihin<\/em> selaimeesi.<\/p>\n<div class=\"autor_post\">Juan Carlos on erikoistunut <a href=\"\/fi\/\">suunnistukseen<\/a> ja t\u00e4m\u00e4n projektin n\u00e4kyvin hahmo. H\u00e4nell\u00e4 on usean vuoden kokemus suunnistuskilpailuista ja h\u00e4n on erikoistunut luonnossa suunnistamiseen.<\/div>\n<div style='text-align:center' class='yasr-auto-insert-visitor'><\/div>","protected":false},"excerpt":{"rendered":"<p>T\u00e4m\u00e4 projekti on teht\u00e4v\u00e4: helpottaa ihmisten suunnistamista tarjoamalla ilmainen ja kaikille saatavilla oleva ty\u00f6kalu. Riippumatta siit\u00e4, mit\u00e4 laitetta he k\u00e4ytt\u00e4v\u00e4t. Siin\u00e4 on yksi arvo, johon kaikki ponnistelut kohdistuvat: Verkossa jaetun kompassin, jonka jaamme yhteis\u00f6n kanssa, sek\u00e4 kaiken lis\u00e4avun, jonka tarjoamme t\u00e4ydent\u00e4v\u00e4sti. Pid\u00e4mme yll\u00e4 sitoumusta parantaa olemassa olevien verkkokompassien nopeutta, tarkkuutta ja laatua. Lis\u00e4arvona on se, &#8230; <a title=\"Filosofia ja arvot:\" class=\"read-more\" href=\"https:\/\/onlinecompass.pro\/fi\/filosofia\/\" aria-label=\"Lue lis\u00e4\u00e4 aiheesta Filosofia ja arvot:\">Lue lis\u00e4\u00e4<\/a><\/p>\n","protected":false},"author":1,"featured_media":0,"parent":0,"menu_order":0,"comment_status":"open","ping_status":"open","template":"","meta":{"yasr_overall_rating":0,"yasr_post_is_review":"","yasr_auto_insert_disabled":"","yasr_review_type":"","footnotes":""},"class_list":["post-42","page","type-page","status-publish"],"yoast_head":"<!-- This site is optimized with the Yoast SEO plugin v26.8 - https:\/\/yoast.com\/product\/yoast-seo-wordpress\/ -->\n<title>Filosofia ja arvot: - Online kompassi<\/title>\n<meta name=\"robots\" content=\"index, follow, max-snippet:-1, max-image-preview:large, max-video-preview:-1\" \/>\n<link rel=\"canonical\" href=\"https:\/\/onlinecompass.pro\/fi\/filosofia\/\" \/>\n<meta property=\"og:locale\" content=\"fi_FI\" \/>\n<meta property=\"og:type\" content=\"article\" \/>\n<meta property=\"og:title\" content=\"Filosofia ja arvot: - Online kompassi\" \/>\n<meta property=\"og:description\" content=\"T\u00e4m\u00e4 projekti on teht\u00e4v\u00e4: helpottaa ihmisten suunnistamista tarjoamalla ilmainen ja kaikille saatavilla oleva ty\u00f6kalu. Riippumatta siit\u00e4, mit\u00e4 laitetta he k\u00e4ytt\u00e4v\u00e4t. Siin\u00e4 on yksi arvo, johon kaikki ponnistelut kohdistuvat: Verkossa jaetun kompassin, jonka jaamme yhteis\u00f6n kanssa, sek\u00e4 kaiken lis\u00e4avun, jonka tarjoamme t\u00e4ydent\u00e4v\u00e4sti. Pid\u00e4mme yll\u00e4 sitoumusta parantaa olemassa olevien verkkokompassien nopeutta, tarkkuutta ja laatua. Lis\u00e4arvona on se, ... Lue lis\u00e4\u00e4\" \/>\n<meta property=\"og:url\" content=\"https:\/\/onlinecompass.pro\/fi\/filosofia\/\" \/>\n<meta property=\"og:site_name\" content=\"Online kompassi\" \/>\n<meta name=\"twitter:card\" content=\"summary_large_image\" \/>\n<meta name=\"twitter:label1\" content=\"Arvioitu lukuaika\" \/>\n\t<meta name=\"twitter:data1\" content=\"1 minuutti\" \/>\n<script type=\"application\/ld+json\" class=\"yoast-schema-graph\">{\"@context\":\"https:\/\/schema.org\",\"@graph\":[{\"@type\":\"WebPage\",\"@id\":\"https:\/\/onlinecompass.pro\/fi\/filosofia\/\",\"url\":\"https:\/\/onlinecompass.pro\/fi\/filosofia\/\",\"name\":\"Filosofia ja arvot: - Online kompassi\",\"isPartOf\":{\"@id\":\"https:\/\/onlinecompass.pro\/fi\/#website\"},\"datePublished\":\"2025-03-10T21:34:50+00:00\",\"breadcrumb\":{\"@id\":\"https:\/\/onlinecompass.pro\/fi\/filosofia\/#breadcrumb\"},\"inLanguage\":\"fi\",\"potentialAction\":[{\"@type\":\"ReadAction\",\"target\":[\"https:\/\/onlinecompass.pro\/fi\/filosofia\/\"]}]},{\"@type\":\"BreadcrumbList\",\"@id\":\"https:\/\/onlinecompass.pro\/fi\/filosofia\/#breadcrumb\",\"itemListElement\":[{\"@type\":\"ListItem\",\"position\":1,\"name\":\"Portada\",\"item\":\"https:\/\/onlinecompass.pro\/fi\/\"},{\"@type\":\"ListItem\",\"position\":2,\"name\":\"Filosofia ja arvot:\"}]},{\"@type\":\"WebSite\",\"@id\":\"https:\/\/onlinecompass.pro\/fi\/#website\",\"url\":\"https:\/\/onlinecompass.pro\/fi\/\",\"name\":\"Online kompassi\",\"description\":\"Paras kompassisovellus\",\"potentialAction\":[{\"@type\":\"SearchAction\",\"target\":{\"@type\":\"EntryPoint\",\"urlTemplate\":\"https:\/\/onlinecompass.pro\/fi\/?s={search_term_string}\"},\"query-input\":{\"@type\":\"PropertyValueSpecification\",\"valueRequired\":true,\"valueName\":\"search_term_string\"}}],\"inLanguage\":\"fi\"},false]}<\/script>\n<!-- \/ Yoast SEO plugin. -->","yoast_head_json":{"title":"Filosofia ja arvot: - Online kompassi","robots":{"index":"index","follow":"follow","max-snippet":"max-snippet:-1","max-image-preview":"max-image-preview:large","max-video-preview":"max-video-preview:-1"},"canonical":"https:\/\/onlinecompass.pro\/fi\/filosofia\/","og_locale":"fi_FI","og_type":"article","og_title":"Filosofia ja arvot: - Online kompassi","og_description":"T\u00e4m\u00e4 projekti on teht\u00e4v\u00e4: helpottaa ihmisten suunnistamista tarjoamalla ilmainen ja kaikille saatavilla oleva ty\u00f6kalu. Riippumatta siit\u00e4, mit\u00e4 laitetta he k\u00e4ytt\u00e4v\u00e4t. Siin\u00e4 on yksi arvo, johon kaikki ponnistelut kohdistuvat: Verkossa jaetun kompassin, jonka jaamme yhteis\u00f6n kanssa, sek\u00e4 kaiken lis\u00e4avun, jonka tarjoamme t\u00e4ydent\u00e4v\u00e4sti. Pid\u00e4mme yll\u00e4 sitoumusta parantaa olemassa olevien verkkokompassien nopeutta, tarkkuutta ja laatua. Lis\u00e4arvona on se, ... Lue lis\u00e4\u00e4","og_url":"https:\/\/onlinecompass.pro\/fi\/filosofia\/","og_site_name":"Online kompassi","twitter_card":"summary_large_image","twitter_misc":{"Arvioitu lukuaika":"1 minuutti"},"schema":{"@context":"https:\/\/schema.org","@graph":[{"@type":"WebPage","@id":"https:\/\/onlinecompass.pro\/fi\/filosofia\/","url":"https:\/\/onlinecompass.pro\/fi\/filosofia\/","name":"Filosofia ja arvot: - Online kompassi","isPartOf":{"@id":"https:\/\/onlinecompass.pro\/fi\/#website"},"datePublished":"2025-03-10T21:34:50+00:00","breadcrumb":{"@id":"https:\/\/onlinecompass.pro\/fi\/filosofia\/#breadcrumb"},"inLanguage":"fi","potentialAction":[{"@type":"ReadAction","target":["https:\/\/onlinecompass.pro\/fi\/filosofia\/"]}]},{"@type":"BreadcrumbList","@id":"https:\/\/onlinecompass.pro\/fi\/filosofia\/#breadcrumb","itemListElement":[{"@type":"ListItem","position":1,"name":"Portada","item":"https:\/\/onlinecompass.pro\/fi\/"},{"@type":"ListItem","position":2,"name":"Filosofia ja arvot:"}]},{"@type":"WebSite","@id":"https:\/\/onlinecompass.pro\/fi\/#website","url":"https:\/\/onlinecompass.pro\/fi\/","name":"Online kompassi","description":"Paras kompassisovellus","potentialAction":[{"@type":"SearchAction","target":{"@type":"EntryPoint","urlTemplate":"https:\/\/onlinecompass.pro\/fi\/?s={search_term_string}"},"query-input":{"@type":"PropertyValueSpecification","valueRequired":true,"valueName":"search_term_string"}}],"inLanguage":"fi"},false]}},"yasr_visitor_votes":{"stars_attributes":{"read_only":false,"span_bottom":false},"number_of_votes":0,"sum_votes":0},"_links":{"self":[{"href":"https:\/\/onlinecompass.pro\/fi\/wp-json\/wp\/v2\/pages\/42","targetHints":{"allow":["GET"]}}],"collection":[{"href":"https:\/\/onlinecompass.pro\/fi\/wp-json\/wp\/v2\/pages"}],"about":[{"href":"https:\/\/onlinecompass.pro\/fi\/wp-json\/wp\/v2\/types\/page"}],"author":[{"embeddable":true,"href":"https:\/\/onlinecompass.pro\/fi\/wp-json\/wp\/v2\/users\/1"}],"replies":[{"embeddable":true,"href":"https:\/\/onlinecompass.pro\/fi\/wp-json\/wp\/v2\/comments?post=42"}],"version-history":[{"count":0,"href":"https:\/\/onlinecompass.pro\/fi\/wp-json\/wp\/v2\/pages\/42\/revisions"}],"wp:attachment":[{"href":"https:\/\/onlinecompass.pro\/fi\/wp-json\/wp\/v2\/media?parent=42"}],"curies":[{"name":"wp","href":"https:\/\/api.w.org\/{rel}","templated":true}]}}