{"id":5,"date":"2025-04-03T17:51:53","date_gmt":"2025-04-03T15:51:53","guid":{"rendered":"https:\/\/onlinecompass.pro\/da\/gratis-online-kompas-uden-download-til-din-mobil\/"},"modified":"2025-04-03T17:51:53","modified_gmt":"2025-04-03T15:51:53","slug":"gratis-online-kompas-uden-download-til-din-mobil","status":"publish","type":"page","link":"https:\/\/onlinecompass.pro\/da\/","title":{"rendered":"Gratis online kompas uden download til din mobil"},"content":{"rendered":"<p>Pr\u00f8v den eneste online kompas, der kan pege mod nord. En <strong>kompass uden at downloade<\/strong> nogen applikation. <strong>100% gratis<\/strong>:<\/p>\n<div style=\"margin: 0 15%;\"><\/div>\n<div class=\"call-to-action\">\n<h2><button><a href=\"\/da\/app-fri\/\">Brug online kompas<\/a><\/button><\/h2>\n<\/div>\n<p>Er du klar til at finde Nord?! Med din Android, Apple eller lignende mobil har du ogs\u00e5 <strong>en indbygget kompas<\/strong>! Og det bedste af det hele er, at du ikke beh\u00f8ver at downloade nogen applikationer eller foretage \u00e6ndringer p\u00e5 din telefon!Med det online kompas kan du <strong>finde Nord<\/strong> i din h\u00e5ndflade ved blot at \u00e5bne din browser og s\u00f8ge efter onlinecompass.pro. S\u00e5 nemt er det! Hvad venter du p\u00e5? Start dit eventyr nu!<\/p>\n<h2>S\u00e5dan bruger du det online kompas uden at downloade?<\/h2>\n<div class=\"su-list\" style=\"margin-left:0px\">\n<ul>\n<li><i class=\"sui sui-check\" style=\"color:#06ff23\"><\/i> Dette online kompas viser Nord i r\u00f8dt, men ogs\u00e5 syd, \u00f8st og vest, med pr\u00e6cision i grader.<\/li>\n<li><i class=\"sui sui-check\" style=\"color:#06ff23\"><\/i> Nord svarer til 0\u00b0, \u00f8st til 90\u00b0, syd til 180\u00b0 og vest til 270\u00b0.<\/li>\n<li><i class=\"sui sui-check\" style=\"color:#06ff23\"><\/i> Det online kompas med grader er nemt at bruge, og du beh\u00f8ver ikke at downloade noget.<\/li>\n<li><i class=\"sui sui-check\" style=\"color:#06ff23\"><\/i> Placer din mobil p\u00e5 en overflade, og den vil vise dig, hvor Nord er.<\/li>\n<li><i class=\"sui sui-check\" style=\"color:#06ff23\"><\/i> For at begynde at bruge det <a href=\"\/da\/app-fri\/\">tryk her<\/a>.<\/li>\n<\/ul>\n<\/div>\n<h2>Prim\u00e6re <strong>kategorier<\/strong><\/h2>\n<p>Er I klar?! Her vil vi tale om forskellige typer kompasser, de bedste teknikker til at orientere sig og dele nogle interessante tips og tricks om orientering. F\u00f8lg med p\u00e5 dette eventyr og opdag alt om orientering!<style>.wp-show-posts-columns#wpsp-895 {margin-left: -2em; }.wp-show-posts-columns#wpsp-895 .wp-show-posts-inner {margin: 0 0 2em 2em; }<\/style><section id=\"wpsp-895\" class=\" wp-show-posts-columns wp-show-posts\" style=\"\"><article class=\" wp-show-posts-single post-56 post type-post status-publish format-standard hentry category-laere-orientering wpsp-col-6\" itemtype=\"http:\/\/schema.org\/CreativeWork\" itemscope><div class=\"wp-show-posts-inner\" style=\"\">\t\t\t\t\t\t<div class=\"wp-show-posts-entry-summary\" itemprop=\"text\">\n\t\t\t\t\t\t\t<p>Ved du allerede, hvad kardinalpunkterne er? Jeg afsl\u00f8rer for dig, hvordan du finder dem selv uden at bruge et kompas. For eksempel at guide os med stjernerne.<\/p>\n\t\t\t\t\t\t<\/div><!-- .entry-summary -->\n\t\t\t\t\t<\/div><!-- wp-show-posts-inner --><\/article><article class=\" wp-show-posts-single post-55 post type-post status-publish format-standard hentry category-laere-orientering wpsp-col-6\" itemtype=\"http:\/\/schema.org\/CreativeWork\" itemscope><div class=\"wp-show-posts-inner\" style=\"\">\t\t\t\t\t\t<div class=\"wp-show-posts-entry-summary\" itemprop=\"text\">\n\t\t\t\t\t\t\t<p>P\u00e5 et generelt plan bruges kompasset til at orientere dig&#8230; ikke? Jeg forklarer 3 forskellige VERSIONER af, hvad et kompas er. Oplev dens virkelige brug \u2705<\/p>\n\t\t\t\t\t\t<\/div><!-- .entry-summary -->\n\t\t\t\t\t<\/div><!-- wp-show-posts-inner --><\/article><article class=\" wp-show-posts-single post-54 post type-post status-publish format-standard hentry category-laere-orientering wpsp-col-6\" itemtype=\"http:\/\/schema.org\/CreativeWork\" itemscope><div class=\"wp-show-posts-inner\" style=\"\">\t\t\t\t\t\t<div class=\"wp-show-posts-entry-summary\" itemprop=\"text\">\n\t\t\t\t\t\t\t<p>Er du nysgerrig efter, hvorfor solen skinner? Eller hvordan det egentlig s\u00e6tter sig om natten? Hvis du vil vide, hvor solen st\u00e5r op og meget mere&#8230;<\/p>\n\t\t\t\t\t\t<\/div><!-- .entry-summary -->\n\t\t\t\t\t<\/div><!-- wp-show-posts-inner --><\/article><article class=\" wp-show-posts-single post-53 post type-post status-publish format-standard hentry category-laere-orientering wpsp-col-6\" itemtype=\"http:\/\/schema.org\/CreativeWork\" itemscope><div class=\"wp-show-posts-inner\" style=\"\">\t\t\t\t\t\t<div class=\"wp-show-posts-entry-summary\" itemprop=\"text\">\n\t\t\t\t\t\t\t<p>Kompasset er et instrument til orientering, der viser nord gennem en magnetn\u00e5l. Den best\u00e5r af 7 dele. \u2705 OPDAG DEM<\/p>\n\t\t\t\t\t\t<\/div><!-- .entry-summary -->\n\t\t\t\t\t<\/div><!-- wp-show-posts-inner --><\/article><article class=\" wp-show-posts-single post-52 post type-post status-publish format-standard hentry category-laere-orientering wpsp-col-6\" itemtype=\"http:\/\/schema.org\/CreativeWork\" itemscope><div class=\"wp-show-posts-inner\" style=\"\">\t\t\t\t\t\t<div class=\"wp-show-posts-entry-summary\" itemprop=\"text\">\n\t\t\t\t\t\t\t<p>Forst\u00e5 med det samme betydningen af \u200b\u200bsolkompasset og dets funktion. Hvad et solkompas er til: Find ud af det her. \u2705<\/p>\n\t\t\t\t\t\t<\/div><!-- .entry-summary -->\n\t\t\t\t\t<\/div><!-- wp-show-posts-inner --><\/article><article class=\" wp-show-posts-single post-51 post type-post status-publish format-standard hentry category-laere-orientering wpsp-col-6\" itemtype=\"http:\/\/schema.org\/CreativeWork\" itemscope><div class=\"wp-show-posts-inner\" style=\"\">\t\t\t\t\t\t<div class=\"wp-show-posts-entry-summary\" itemprop=\"text\">\n\t\t\t\t\t\t\t<p>Kompasset har givet os mulighed for at opdage ruter og historiske civilisationer til s\u00f8s. Find ud af, hvem der opfandt kompasset, hvor og hvorn\u00e5r. \u2705<\/p>\n\t\t\t\t\t\t<\/div><!-- .entry-summary -->\n\t\t\t\t\t<\/div><!-- wp-show-posts-inner --><\/article><article class=\" wp-show-posts-single post-50 post type-post status-publish format-standard hentry category-hvordan-man-orienterer-sig wpsp-col-6\" itemtype=\"http:\/\/schema.org\/CreativeWork\" itemscope><div class=\"wp-show-posts-inner\" style=\"\">\t\t\t\t\t\t<div class=\"wp-show-posts-entry-summary\" itemprop=\"text\">\n\t\t\t\t\t\t\t<p>Jeg l\u00e6rer dig at kende orienteringen af \u200b\u200bmit hus og f\u00e5 det rigtigt. Hvad skal man tage h\u00f8jde for, hvis det er fugtigt, varmt, t\u00f8rt, koldt klima osv. \u2705 Find ud af det<\/p>\n\t\t\t\t\t\t<\/div><!-- .entry-summary -->\n\t\t\t\t\t<\/div><!-- wp-show-posts-inner --><\/article><article class=\" wp-show-posts-single post-49 post type-post status-publish format-standard hentry category-hvordan-man-orienterer-sig wpsp-col-6\" itemtype=\"http:\/\/schema.org\/CreativeWork\" itemscope><div class=\"wp-show-posts-inner\" style=\"\">\t\t\t\t\t\t<div class=\"wp-show-posts-entry-summary\" itemprop=\"text\">\n\t\t\t\t\t\t\t<p>For at du kan bruge et online kompas p\u00e5 din mobil, skal det indeholde et magnetometer, der m\u00e5ler styrken og retningen af \u200b\u200bmagnetiske felter.<\/p>\n\t\t\t\t\t\t<\/div><!-- .entry-summary -->\n\t\t\t\t\t<\/div><!-- wp-show-posts-inner --><\/article><article class=\" wp-show-posts-single post-48 post type-post status-publish format-standard hentry category-hvordan-man-orienterer-sig wpsp-col-6\" itemtype=\"http:\/\/schema.org\/CreativeWork\" itemscope><div class=\"wp-show-posts-inner\" style=\"\">\t\t\t\t\t\t<div class=\"wp-show-posts-entry-summary\" itemprop=\"text\">\n\t\t\t\t\t\t\t<p>Google Maps inkluderer et kompasikon lige under indstillingen for lydl\u00f8s stemme. Det giver dig mulighed for at vide, hvor nord er. Hvordan aktiverer man det?<\/p>\n\t\t\t\t\t\t<\/div><!-- .entry-summary -->\n\t\t\t\t\t<\/div><!-- wp-show-posts-inner --><\/article><article class=\" wp-show-posts-single post-47 post type-post status-publish format-standard hentry category-hvordan-man-orienterer-sig wpsp-col-6\" itemtype=\"http:\/\/schema.org\/CreativeWork\" itemscope><div class=\"wp-show-posts-inner\" style=\"\">\t\t\t\t\t\t<div class=\"wp-show-posts-entry-summary\" itemprop=\"text\">\n\t\t\t\t\t\t\t<p>At l\u00e6re at bruge sportsorienteringskompasset og orientere sig med kort og kompas er afg\u00f8rende for at komme ud i naturen. Hvordan g\u00f8r man det?<\/p>\n\t\t\t\t\t\t<\/div><!-- .entry-summary -->\n\t\t\t\t\t<\/div><!-- wp-show-posts-inner --><\/article><div class=\"wpsp-clear\"><\/div><\/section><!-- .wp-show-posts -->Du vil l\u00e6re om forskellene mellem mekaniske og digitale kompasser, hvordan man bruger et kompas effektivt, og hvordan man navigerer i naturen ved hj\u00e6lp af stjernerne og terr\u00e6nreferencer. Derudover vil vi ogs\u00e5 vise dig nogle tricks og <strong>tips til at forbedre din orientering<\/strong> i vanskelige situationer.<div class=\"su-box su-box-style-glass\" id=\"\" style=\"border-color:#0029b7;border-radius:3px;max-width:none\"><div class=\"su-box-title\" style=\"background-color:#2a5cea;color:#FFFFFF;border-top-left-radius:1px;border-top-right-radius:1px\">Ofte stillede sp\u00f8rgsm\u00e5l:<\/div><div class=\"su-box-content su-u-clearfix su-u-trim\" style=\"border-bottom-left-radius:1px;border-bottom-right-radius:1px\"><div class=\"su-accordion su-u-trim\">\n<h3>Er der et kompas p\u00e5 min telefon til at finde Nord?<\/h3>\n<p>Hvis du har en <strong>Android, Apple eller lignende<\/strong> mobil, har den ogs\u00e5 en magnetometer! Selv hvis din mobil er lidt gammel eller billig, kan du bruge dette online kompas\/kompas helt gratis.<\/p>\n<h3>Er det en 100% \u00e6gte virtuel kompas eller en simulator?<\/h3>\n<p><span style=\"font-size: inherit;\">Dette er <strong>ikke en simulator<\/strong> af online kompasser, det er et <strong>rigtigt kompas<\/strong>, der fungerer mere flydende end resten. Og du kan bruge dette virtuelle kompas i din h\u00e5ndflade med din mobiltelefon uden at foretage nogen \u00e6ndringer p\u00e5 din telefon eller downloade nogen applikationer.<\/span><\/p>\n<h3>Hvordan ser jeg Nord p\u00e5 det online kompas?<\/h3>\n<p>Hvis du kunne se dette online kompas, kunne du se mod solen, der st\u00e5r op i \u00f8st og g\u00e5r ned i vest. I den sydlige halvkugle er det omvendt. Med dette kompas p\u00e5 din mobil kan du <strong>se, hvor Nord er<\/strong> ved at kigge p\u00e5 den r\u00f8de N. Den er p\u00e5 spansk, og du kan s\u00f8ge efter den p\u00e5 google som onlinecompass.pro.<\/p>\n<h3>Skal jeg downloade noget?<\/h3>\n<p>Du beh\u00f8ver ikke at <strong>downloade noget<\/strong>. Dette virtuelle kompas k\u00f8rer direkte i din mobils browser. Det vil fungere automatisk uden at trykke p\u00e5 nogen knapper.<\/div><\/div><\/div>\n<h2><strong>Udvalgte artikler<\/strong>:<\/h2>\n<p>Er du interesseret i at l\u00e6re, hvordan man bruger et kompas effektivt? S\u00e5 er disse artikler perfekte til dig!<style>.wp-show-posts-columns#wpsp-1449 {margin-left: -2em; }.wp-show-posts-columns#wpsp-1449 .wp-show-posts-inner {margin: 0 0 2em 2em; }<\/style><section id=\"wpsp-1449\" class=\" wp-show-posts-columns wp-show-posts\" style=\"\"><article class=\" wp-show-posts-single post-56 post type-post status-publish format-standard hentry category-laere-orientering wpsp-col-6\" itemtype=\"http:\/\/schema.org\/CreativeWork\" itemscope><div class=\"wp-show-posts-inner\" style=\"\">\t\t\t\t\t\t<div class=\"wp-show-posts-entry-summary\" itemprop=\"text\">\n\t\t\t\t\t\t\t<p>Ved du allerede, hvad kardinalpunkterne er? Jeg afsl\u00f8rer for dig, hvordan du finder dem selv uden at bruge et kompas. For eksempel at guide os med stjernerne.<\/p>\n\t\t\t\t\t\t<\/div><!-- .entry-summary -->\n\t\t\t\t\t<\/div><!-- wp-show-posts-inner --><\/article><article class=\" wp-show-posts-single post-55 post type-post status-publish format-standard hentry category-laere-orientering wpsp-col-6\" itemtype=\"http:\/\/schema.org\/CreativeWork\" itemscope><div class=\"wp-show-posts-inner\" style=\"\">\t\t\t\t\t\t<div class=\"wp-show-posts-entry-summary\" itemprop=\"text\">\n\t\t\t\t\t\t\t<p>P\u00e5 et generelt plan bruges kompasset til at orientere dig&#8230; ikke? Jeg forklarer 3 forskellige VERSIONER af, hvad et kompas er. Oplev dens virkelige brug \u2705<\/p>\n\t\t\t\t\t\t<\/div><!-- .entry-summary -->\n\t\t\t\t\t<\/div><!-- wp-show-posts-inner --><\/article><article class=\" wp-show-posts-single post-54 post type-post status-publish format-standard hentry category-laere-orientering wpsp-col-6\" itemtype=\"http:\/\/schema.org\/CreativeWork\" itemscope><div class=\"wp-show-posts-inner\" style=\"\">\t\t\t\t\t\t<div class=\"wp-show-posts-entry-summary\" itemprop=\"text\">\n\t\t\t\t\t\t\t<p>Er du nysgerrig efter, hvorfor solen skinner? Eller hvordan det egentlig s\u00e6tter sig om natten? Hvis du vil vide, hvor solen st\u00e5r op og meget mere&#8230;<\/p>\n\t\t\t\t\t\t<\/div><!-- .entry-summary -->\n\t\t\t\t\t<\/div><!-- wp-show-posts-inner --><\/article><article class=\" wp-show-posts-single post-53 post type-post status-publish format-standard hentry category-laere-orientering wpsp-col-6\" itemtype=\"http:\/\/schema.org\/CreativeWork\" itemscope><div class=\"wp-show-posts-inner\" style=\"\">\t\t\t\t\t\t<div class=\"wp-show-posts-entry-summary\" itemprop=\"text\">\n\t\t\t\t\t\t\t<p>Kompasset er et instrument til orientering, der viser nord gennem en magnetn\u00e5l. Den best\u00e5r af 7 dele. \u2705 OPDAG DEM<\/p>\n\t\t\t\t\t\t<\/div><!-- .entry-summary -->\n\t\t\t\t\t<\/div><!-- wp-show-posts-inner --><\/article><article class=\" wp-show-posts-single post-52 post type-post status-publish format-standard hentry category-laere-orientering wpsp-col-6\" itemtype=\"http:\/\/schema.org\/CreativeWork\" itemscope><div class=\"wp-show-posts-inner\" style=\"\">\t\t\t\t\t\t<div class=\"wp-show-posts-entry-summary\" itemprop=\"text\">\n\t\t\t\t\t\t\t<p>Forst\u00e5 med det samme betydningen af \u200b\u200bsolkompasset og dets funktion. Hvad et solkompas er til: Find ud af det her. \u2705<\/p>\n\t\t\t\t\t\t<\/div><!-- .entry-summary -->\n\t\t\t\t\t<\/div><!-- wp-show-posts-inner --><\/article><article class=\" wp-show-posts-single post-51 post type-post status-publish format-standard hentry category-laere-orientering wpsp-col-6\" itemtype=\"http:\/\/schema.org\/CreativeWork\" itemscope><div class=\"wp-show-posts-inner\" style=\"\">\t\t\t\t\t\t<div class=\"wp-show-posts-entry-summary\" itemprop=\"text\">\n\t\t\t\t\t\t\t<p>Kompasset har givet os mulighed for at opdage ruter og historiske civilisationer til s\u00f8s. Find ud af, hvem der opfandt kompasset, hvor og hvorn\u00e5r. \u2705<\/p>\n\t\t\t\t\t\t<\/div><!-- .entry-summary -->\n\t\t\t\t\t<\/div><!-- wp-show-posts-inner --><\/article><article class=\" wp-show-posts-single post-50 post type-post status-publish format-standard hentry category-hvordan-man-orienterer-sig wpsp-col-6\" itemtype=\"http:\/\/schema.org\/CreativeWork\" itemscope><div class=\"wp-show-posts-inner\" style=\"\">\t\t\t\t\t\t<div class=\"wp-show-posts-entry-summary\" itemprop=\"text\">\n\t\t\t\t\t\t\t<p>Jeg l\u00e6rer dig at kende orienteringen af \u200b\u200bmit hus og f\u00e5 det rigtigt. Hvad skal man tage h\u00f8jde for, hvis det er fugtigt, varmt, t\u00f8rt, koldt klima osv. \u2705 Find ud af det<\/p>\n\t\t\t\t\t\t<\/div><!-- .entry-summary -->\n\t\t\t\t\t<\/div><!-- wp-show-posts-inner --><\/article><article class=\" wp-show-posts-single post-49 post type-post status-publish format-standard hentry category-hvordan-man-orienterer-sig wpsp-col-6\" itemtype=\"http:\/\/schema.org\/CreativeWork\" itemscope><div class=\"wp-show-posts-inner\" style=\"\">\t\t\t\t\t\t<div class=\"wp-show-posts-entry-summary\" itemprop=\"text\">\n\t\t\t\t\t\t\t<p>For at du kan bruge et online kompas p\u00e5 din mobil, skal det indeholde et magnetometer, der m\u00e5ler styrken og retningen af \u200b\u200bmagnetiske felter.<\/p>\n\t\t\t\t\t\t<\/div><!-- .entry-summary -->\n\t\t\t\t\t<\/div><!-- wp-show-posts-inner --><\/article><article class=\" wp-show-posts-single post-48 post type-post status-publish format-standard hentry category-hvordan-man-orienterer-sig wpsp-col-6\" itemtype=\"http:\/\/schema.org\/CreativeWork\" itemscope><div class=\"wp-show-posts-inner\" style=\"\">\t\t\t\t\t\t<div class=\"wp-show-posts-entry-summary\" itemprop=\"text\">\n\t\t\t\t\t\t\t<p>Google Maps inkluderer et kompasikon lige under indstillingen for lydl\u00f8s stemme. Det giver dig mulighed for at vide, hvor nord er. Hvordan aktiverer man det?<\/p>\n\t\t\t\t\t\t<\/div><!-- .entry-summary -->\n\t\t\t\t\t<\/div><!-- wp-show-posts-inner --><\/article><article class=\" wp-show-posts-single post-47 post type-post status-publish format-standard hentry category-hvordan-man-orienterer-sig wpsp-col-6\" itemtype=\"http:\/\/schema.org\/CreativeWork\" itemscope><div class=\"wp-show-posts-inner\" style=\"\">\t\t\t\t\t\t<div class=\"wp-show-posts-entry-summary\" itemprop=\"text\">\n\t\t\t\t\t\t\t<p>At l\u00e6re at bruge sportsorienteringskompasset og orientere sig med kort og kompas er afg\u00f8rende for at komme ud i naturen. Hvordan g\u00f8r man det?<\/p>\n\t\t\t\t\t\t<\/div><!-- .entry-summary -->\n\t\t\t\t\t<\/div><!-- wp-show-posts-inner --><\/article><div class=\"wpsp-clear\"><\/div><\/section><!-- .wp-show-posts -->Disse artikler vil give dig masser af information om, hvordan du bruger et kompas, lige fra hvordan det fungerer til hvordan du bruger det i forskellige situationer og steder. Grib chancen for at l\u00e6re!Hvis du kunne lide det, <strong>kan du dele<\/strong>\u00a0\ud83d\ude42<\/p>\n<div style='text-align:center' class='yasr-auto-insert-visitor'><\/div>","protected":false},"excerpt":{"rendered":"<p>Pr\u00f8v den eneste online kompas, der kan pege mod nord. En kompass uden at downloade nogen applikation. 100% gratis: Brug online kompas Er du klar til at finde Nord?! Med din Android, Apple eller lignende mobil har du ogs\u00e5 en indbygget kompas! Og det bedste af det hele er, at du ikke beh\u00f8ver at downloade &#8230; <a title=\"S\u00e5dan bruger du orienteringskompasset: Komplet vejledning 2022\" class=\"read-more\" href=\"https:\/\/onlinecompass.pro\/da\/hvordan-man-orienterer-sig\/brug-kompas-orientering\/\" aria-label=\"Read more about S\u00e5dan bruger du orienteringskompasset: Komplet vejledning 2022\">L\u00e6s mere <\/a><\/p>\n","protected":false},"author":1,"featured_media":0,"parent":0,"menu_order":0,"comment_status":"open","ping_status":"open","template":"","meta":{"yasr_overall_rating":0,"yasr_post_is_review":"","yasr_auto_insert_disabled":"","yasr_review_type":"","footnotes":""},"class_list":["post-5","page","type-page","status-publish","hentry"],"yoast_head":"<!-- This site is optimized with the Yoast SEO plugin v26.8 - https:\/\/yoast.com\/product\/yoast-seo-wordpress\/ -->\n<title>Gratis online kompas uden download til din mobil - Online kompas<\/title>\n<meta name=\"robots\" content=\"index, follow, max-snippet:-1, max-image-preview:large, max-video-preview:-1\" \/>\n<link rel=\"canonical\" href=\"https:\/\/onlinecompass.pro\/da\/\" \/>\n<meta property=\"og:locale\" content=\"da_DK\" \/>\n<meta property=\"og:type\" content=\"article\" \/>\n<meta property=\"og:title\" content=\"Gratis online kompas uden download til din mobil - Online kompas\" \/>\n<meta property=\"og:description\" content=\"Pr\u00f8v den eneste online kompas, der kan pege mod nord. En kompass uden at downloade nogen applikation. 100% gratis: Brug online kompas Er du klar til at finde Nord?! Med din Android, Apple eller lignende mobil har du ogs\u00e5 en indbygget kompas! Og det bedste af det hele er, at du ikke beh\u00f8ver at downloade ... L\u00e6s mere\" \/>\n<meta property=\"og:url\" content=\"https:\/\/onlinecompass.pro\/da\/\" \/>\n<meta property=\"og:site_name\" content=\"Online kompas\" \/>\n<meta name=\"twitter:card\" content=\"summary_large_image\" \/>\n<meta name=\"twitter:label1\" content=\"Estimeret l\u00e6setid\" \/>\n\t<meta name=\"twitter:data1\" content=\"3 minutter\" \/>\n<script type=\"application\/ld+json\" class=\"yoast-schema-graph\">{\"@context\":\"https:\/\/schema.org\",\"@graph\":[{\"@type\":\"WebPage\",\"@id\":\"https:\/\/onlinecompass.pro\/da\/\",\"url\":\"https:\/\/onlinecompass.pro\/da\/\",\"name\":\"Gratis online kompas uden download til din mobil - Online kompas\",\"isPartOf\":{\"@id\":\"https:\/\/onlinecompass.pro\/da\/#website\"},\"datePublished\":\"2025-04-03T15:51:53+00:00\",\"breadcrumb\":{\"@id\":\"https:\/\/onlinecompass.pro\/da\/#breadcrumb\"},\"inLanguage\":\"da-DK\",\"potentialAction\":[{\"@type\":\"ReadAction\",\"target\":[\"https:\/\/onlinecompass.pro\/da\/\"]}]},{\"@type\":\"BreadcrumbList\",\"@id\":\"https:\/\/onlinecompass.pro\/da\/#breadcrumb\",\"itemListElement\":[{\"@type\":\"ListItem\",\"position\":1,\"name\":\"Portada\",\"item\":\"https:\/\/onlinecompass.pro\/da\/\"},{\"@type\":\"ListItem\",\"position\":2,\"name\":\"Gratis online kompas uden download til din mobil\"}]},{\"@type\":\"WebSite\",\"@id\":\"https:\/\/onlinecompass.pro\/da\/#website\",\"url\":\"https:\/\/onlinecompass.pro\/da\/\",\"name\":\"Online kompas\",\"description\":\"Best Online kompas\",\"potentialAction\":[{\"@type\":\"SearchAction\",\"target\":{\"@type\":\"EntryPoint\",\"urlTemplate\":\"https:\/\/onlinecompass.pro\/da\/?s={search_term_string}\"},\"query-input\":{\"@type\":\"PropertyValueSpecification\",\"valueRequired\":true,\"valueName\":\"search_term_string\"}}],\"inLanguage\":\"da-DK\"},false]}<\/script>\n<!-- \/ Yoast SEO plugin. -->","yoast_head_json":{"title":"Gratis online kompas uden download til din mobil - Online kompas","robots":{"index":"index","follow":"follow","max-snippet":"max-snippet:-1","max-image-preview":"max-image-preview:large","max-video-preview":"max-video-preview:-1"},"canonical":"https:\/\/onlinecompass.pro\/da\/","og_locale":"da_DK","og_type":"article","og_title":"Gratis online kompas uden download til din mobil - Online kompas","og_description":"Pr\u00f8v den eneste online kompas, der kan pege mod nord. En kompass uden at downloade nogen applikation. 100% gratis: Brug online kompas Er du klar til at finde Nord?! Med din Android, Apple eller lignende mobil har du ogs\u00e5 en indbygget kompas! Og det bedste af det hele er, at du ikke beh\u00f8ver at downloade ... L\u00e6s mere","og_url":"https:\/\/onlinecompass.pro\/da\/","og_site_name":"Online kompas","twitter_card":"summary_large_image","twitter_misc":{"Estimeret l\u00e6setid":"3 minutter"},"schema":{"@context":"https:\/\/schema.org","@graph":[{"@type":"WebPage","@id":"https:\/\/onlinecompass.pro\/da\/","url":"https:\/\/onlinecompass.pro\/da\/","name":"Gratis online kompas uden download til din mobil - Online kompas","isPartOf":{"@id":"https:\/\/onlinecompass.pro\/da\/#website"},"datePublished":"2025-04-03T15:51:53+00:00","breadcrumb":{"@id":"https:\/\/onlinecompass.pro\/da\/#breadcrumb"},"inLanguage":"da-DK","potentialAction":[{"@type":"ReadAction","target":["https:\/\/onlinecompass.pro\/da\/"]}]},{"@type":"BreadcrumbList","@id":"https:\/\/onlinecompass.pro\/da\/#breadcrumb","itemListElement":[{"@type":"ListItem","position":1,"name":"Portada","item":"https:\/\/onlinecompass.pro\/da\/"},{"@type":"ListItem","position":2,"name":"Gratis online kompas uden download til din mobil"}]},{"@type":"WebSite","@id":"https:\/\/onlinecompass.pro\/da\/#website","url":"https:\/\/onlinecompass.pro\/da\/","name":"Online kompas","description":"Best Online kompas","potentialAction":[{"@type":"SearchAction","target":{"@type":"EntryPoint","urlTemplate":"https:\/\/onlinecompass.pro\/da\/?s={search_term_string}"},"query-input":{"@type":"PropertyValueSpecification","valueRequired":true,"valueName":"search_term_string"}}],"inLanguage":"da-DK"},false]}},"yasr_visitor_votes":{"stars_attributes":{"read_only":false,"span_bottom":false},"number_of_votes":0,"sum_votes":0},"_links":{"self":[{"href":"https:\/\/onlinecompass.pro\/da\/wp-json\/wp\/v2\/pages\/5","targetHints":{"allow":["GET"]}}],"collection":[{"href":"https:\/\/onlinecompass.pro\/da\/wp-json\/wp\/v2\/pages"}],"about":[{"href":"https:\/\/onlinecompass.pro\/da\/wp-json\/wp\/v2\/types\/page"}],"author":[{"embeddable":true,"href":"https:\/\/onlinecompass.pro\/da\/wp-json\/wp\/v2\/users\/1"}],"replies":[{"embeddable":true,"href":"https:\/\/onlinecompass.pro\/da\/wp-json\/wp\/v2\/comments?post=5"}],"version-history":[{"count":0,"href":"https:\/\/onlinecompass.pro\/da\/wp-json\/wp\/v2\/pages\/5\/revisions"}],"wp:attachment":[{"href":"https:\/\/onlinecompass.pro\/da\/wp-json\/wp\/v2\/media?parent=5"}],"curies":[{"name":"wp","href":"https:\/\/api.w.org\/{rel}","templated":true}]}}