{"id":13,"date":"2025-04-03T17:51:53","date_gmt":"2025-04-03T15:51:53","guid":{"rendered":"https:\/\/onlinecompass.pro\/da\/juridisk-meddelelse\/"},"modified":"2025-04-03T17:51:53","modified_gmt":"2025-04-03T15:51:53","slug":"juridisk-meddelelse","status":"publish","type":"page","link":"https:\/\/onlinecompass.pro\/da\/juridisk-meddelelse\/","title":{"rendered":"Juridisk meddelelse og brugsbetingelser"},"content":{"rendered":"<p><strong>Dokument revideret den 22\/01\/2023<\/strong><\/p>\n<p>Hvis du er kommet s\u00e5 langt, betyder det, at du bekymrer dig om bagrummet p\u00e5 denne hjemmeside og de vilk\u00e5r, som jeg v\u00e6lger at forholde mig til dig i, og det er gode nyheder for mig, som er ansvarlig for denne hjemmeside.<\/p>\n\n<p>Grunden til denne tekst er at forklare i detaljer funktionerne p\u00e5 denne hjemmeside og give alle oplysninger relateret til den ansvarlige person og form\u00e5let med indholdet, der er inkluderet i det.<\/p>\n<p>Dine data og privatliv er af yderste vigtighed p\u00e5 denne hjemmeside, og derfor anbefaler jeg, at du ogs\u00e5 l\u00e6ser min <a href=\"\/da\/privatlivspolitik\/\" target=\"_blank\" rel=\"noopener noreferrer\">privatlivspolitik<\/a>.<\/p>\n<p>Ansvarlig identifikator<\/p>\n<p>Den f\u00f8rste ting du skal g\u00f8re er at vide, hvem der er ansvarlig for denne hjemmeside. I overensstemmelse med lov 34\/2002 af 11. juli om informationssamfundstjenester og elektronisk handel informerer vi dig om, at:<\/p>\n<ul>\n<li>Dets firmanavn er: Juan Carlos Brun<\/li>\n<li>Dets registrerede kontor er p\u00e5 Calle Mart\u00ednez Maldonado, 24, 3 A \u2013 M\u00e1laga, M\u00e1laga<\/li>\n<li>Hans sociale aktivitet er: Kandidat i fysisk aktivitetsvidenskab og webredakt\u00f8r med speciale i forskellige sportsdiscipliner og ekspert i sportsorientering.<\/li>\n<\/ul>\n<h2><span id=\"The_purpose_of_this_web_page\">Form\u00e5let med denne webside<\/span><\/h2>\n<ul>\n<li>Lav indhold relateret til min aktivitet og sportsoplevelse.<\/li>\n<li>Administrer listen over blog-abonnenter og moderer kommentarer.<\/li>\n<\/ul>\n<h2><span id=\"Utilizacion_de_la_web\">Brug af internettet<\/span><\/h2>\n<p>Ved brug af onlinecompass.pro-webstedet forpligter brugeren sig til ikke at udf\u00f8re nogen adf\u00e6rd, der kan skade onlinecompass.pros eller tredjeparters billede, interesser og rettigheder, eller som kan beskadige, deaktivere eller overbelaste onlinecompass.pro-webstedet, eller som p\u00e5 nogen m\u00e5de ville forhindre normal brug af webstedet.<\/p>\n<p>onlinecompass.pro vedtager rimeligt passende sikkerhedsforanstaltninger for at opdage eksistensen af \u200b\u200bvira. Brugeren skal dog v\u00e6re opm\u00e6rksom p\u00e5, at sikkerhedsforanstaltningerne for computersystemer p\u00e5 internettet ikke er helt p\u00e5lidelige, og at onlinecompass.pro derfor ikke kan garantere frav\u00e6ret af vira eller andre elementer, der kan for\u00e5rsage \u00e6ndringer i Brugerens computersystemer (software og hardware) eller i deres elektroniske dokumenter og filer indeholdt deri.<\/p>\n<p>Under alle omst\u00e6ndigheder er det forbudt for BRUGERE (og PORTALEN kan slette indholdet og kommentarerne, som den finder passende) at udf\u00f8re adf\u00e6rd, der involverer:<\/p>\n<ul>\n<li>Opbevar, udgiv og\/eller transmitter data, tekster, billeder, filer, links, software eller andet indhold, der er st\u00f8dende i henhold til de g\u00e6ldende lovbestemmelser, eller som, efter onlinecompass.pro&#8217;s vurdering, er ulovligt, voldeligt, truende, kr\u00e6nkende, \u00e6rekr\u00e6nkende, vulg\u00e6rt, uanst\u00e6ndigt, racistisk, fremmedfjendtligt eller p\u00e5 anden m\u00e5de kan for\u00e5rsage skade, fremmedfjendtlig eller p\u00e5 anden m\u00e5de for\u00e5rsage skade indhold.<\/li>\n<\/ul>\n<h2><span id=\"User_Obligations\">Brugerforpligtelser<\/span><\/h2>\n<p>Som bruger er du informeret om, at adgang til denne hjemmeside ikke p\u00e5 nogen m\u00e5de indeb\u00e6rer begyndelsen p\u00e5 et kommercielt forhold med Juan Carlos Brun. P\u00e5 denne m\u00e5de accepterer brugeren at bruge hjemmesiden, dens tjenester og indhold uden at stride mod g\u00e6ldende lovgivning, god tro og offentlig orden. Brug af hjemmesiden til ulovlige eller skadelige form\u00e5l, eller som p\u00e5 nogen m\u00e5de kan for\u00e5rsage skade eller forhindre hjemmesidens normale funktion, er forbudt.<\/p>\n<p>Hvad ang\u00e5r indholdet af denne hjemmeside, er det forbudt:<\/p>\n<ul>\n<li>Dets reproduktion, distribution eller \u00e6ndring, helt eller delvist, medmindre det har tilladelse fra sine legitime ejere;<\/li>\n<li>Enhver kr\u00e6nkelse af udbyderens eller de legitime ejeres rettigheder;<\/li>\n<li>Dets brug til kommercielle eller reklamem\u00e6ssige form\u00e5l.<\/li>\n<\/ul>\n<h2><span id=\"Databeskyttelses- og fortrolighedspolitik\">Databeskyttelses- og fortrolighedspolitik<\/span><\/h2>\n<p>Juan Carlos Brun garanterer fortroligheden af \u200b\u200bpersonlige data leveret af BRUGERNE og deres behandling i overensstemmelse med g\u00e6ldende lovgivning om beskyttelse af persondata, efter at have vedtaget sikkerhedsniveauerne for beskyttelse af persondata, der er lovpligtigt.<\/p>\n<p>Juan Carlos Brun forpligter sig til at bruge de data, der er inkluderet i filen &#8220;WEBRUGERS OG ABONNENTER&#8221;, at respektere dens fortrolighed og at bruge dem i overensstemmelse med dens form\u00e5l, samt at overholde sin forpligtelse til at gemme dem og tilpasse alle foranstaltninger for at undg\u00e5 \u00e6ndring, tab, behandling eller uautoriseret adgang, i overensstemmelse med bestemmelserne i kongelig anordning 20070, som godkender 20072, december 172. af loven. \u00d8kologisk 15\/1999 af 13. december, Beskyttelse af persondata.<\/p>\n<p>Denne hjemmeside bruger forskellige systemer til indsamling af personlige oplysninger, der er specificeret i <a href=\"\/da\/privatlivspolitik\/\" target=\"_blank\" rel=\"noopener noreferrer\">privatlivspolitik<\/a>, og hvor anvendelserne og form\u00e5lene er rapporteret i detaljer. Denne hjemmeside kr\u00e6ver altid brugernes forudg\u00e5ende samtykke til at behandle deres personlige data til de angivne form\u00e5l.<\/p>\n<p>Brugeren har til enhver tid ret til at tilbagekalde sit forudg\u00e5ende samtykke.<\/p>\n<h2><span id=\"Exercise_of_rights_ARCO\">Ud\u00f8velse af ARCO-rettigheder<\/span><\/h2>\n<p>Brugeren kan, med hensyn til de indsamlede data, ud\u00f8ve de rettigheder, der er anerkendt i organisk lov 15\/1999, til adgang, berigtigelse eller annullering af data og modstand. For at ud\u00f8ve disse rettigheder skal brugeren frems\u00e6tte en skriftlig og underskrevet anmodning, der kan sendes sammen med en fotokopi af deres DNI eller tilsvarende identifikationsdokument til postadressen p\u00e5 Juan Carlos Brun (det vil sige Calle Mart\u00ednez Maldonado, 24, 3 A &#8211; M\u00e1laga, M\u00e1laga) eller via e-mail, som efterf\u00f8lgende kan kr\u00e6ve en fotokopi af deres DNI\/kontakt. formular<\/a>. Anmodningen vil blive besvaret inden for 10 dage for at bekr\u00e6fte ud\u00f8velsen af \u200b\u200bden rettighed, som du har anmodet om at ud\u00f8ve.<\/p>\n<h2><span id=\"Complaints\">Klager<\/span><\/h2>\n<p>Juan Carlos Brun oplyser, at der er klageskemaer til r\u00e5dighed for brugere og klienter.<\/p>\n<p>Brugeren kan frems\u00e6tte krav ved at anmode om deres kravsformular eller ved at sende en e-mail via vores <a href=\"\/da\/kontakte\/\">kontaktformular<\/a> med angivelse af dit navn og efternavn og angivelse af \u00e5rsagerne til dit krav.<\/p>\n<p>Du kan ogs\u00e5 sende dit krav med post til: Juan Carlos Brun, Calle Mart\u00ednez Maldonado, 24, 3 A &#8211; M\u00e1laga, M\u00e1laga.<\/p>\n<h2><span id=\"Intellectual_and_industrial_property_rights\">Intellektuelle og industrielle ejendomsrettigheder<\/span><\/h2>\n<p>Gennem disse generelle betingelser overf\u00f8res ingen intellektuelle eller industrielle ejendomsrettigheder til webstedet onlinecompass.pro, hvis intellektuelle ejendom tilh\u00f8rer Juan Carlos Brun, og det er udtrykkeligt forbudt for brugeren at reproducere, transformere, distribuere, offentligt kommunikere, g\u00f8re tilg\u00e6ngeligt for offentligheden, uddrage, genbruge, videresende eller bruge nogen art, undtagen i nogen tilf\u00e6lde, hvor det er tilladt, p\u00e5 nogen m\u00e5de eller procedure. autoriseret af ejeren af \u200b\u200bde tilsvarende rettigheder.<\/p>\n<p>Brugeren ved og accepterer, at hele webstedet, der uden begr\u00e6nsning indeholder teksten, softwaren, indholdet (herunder struktur, udvalg, arrangement og pr\u00e6sentation heraf), fotografier, audiovisuelt materiale og opskrifter, er beskyttet af varem\u00e6rker, ophavsrettigheder og andre registrerede legitime rettigheder, i overensstemmelse med internationale traktater, som Spanien er part i, og andre ejendomsrettigheder og love i Spanien.<\/p>\n<p>I tilf\u00e6lde af at en bruger eller en tredjepart mener, at der er sket en kr\u00e6nkelse af deres legitime intellektuelle ejendomsrettigheder p\u00e5 grund af introduktionen af \u200b\u200bbestemt indhold p\u00e5 nettet, skal de underrette Juan Carlos Brun om denne omst\u00e6ndighed med angivelse af:<\/p>\n<ul>\n<li>Personlige data om den interesserede part, der er indehaver af de p\u00e5st\u00e5et kr\u00e6nkede rettigheder, eller angiver den repr\u00e6sentation, som han handler med i tilf\u00e6lde af, at kravet frems\u00e6ttes af en anden tredjepart end den interesserede part.<\/li>\n<\/ul>\n<p>Angiv indholdet beskyttet af intellektuelle ejendomsrettigheder og deres placering p\u00e5 internettet, akkrediteringen af \u200b\u200bde angivne intellektuelle ejendomsrettigheder og en udtrykkelig erkl\u00e6ring, hvori den interesserede part er ansvarlig for rigtigheden af \u200b\u200boplysningerne i meddelelsen.<\/p>\n<p>Noget indhold p\u00e5 onlinecompass.pro<i><\/i>er under en <a title=\"Creative Commons License Attribution-NonCommercial-NoDerivativeWorks 3.0 Spain\" href=\"\/dahttp:\/\/creativecommons.org\/licenses\/by-nc-nd\/3.0\/es\/\" target=\"_blank\" rel=\"license norerse License noreferic\" Recognition-NonCommercial-NoDerivativeWorks 3.0 Spanien<\/a>, <strong>s\u00e5 l\u00e6nge de er identificeret med f\u00f8lgende karakteristiske tr\u00e6k:<\/strong><\/p>\n<p style=\"text-align: center;\"><a class=\"dmca-badge\" title=\"DMCA.com Protection Status\" href=\"\/da\/\/www.dmca.com\/Protection\/Status.aspx?ID=5100b88e-4756-4a26-a050-8d4487813aa7\"> rel=&#8221;no_followg no&#8221; rel=&#8221;no_followg no&#8221; src=&#8221;https:\/\/onlinecompass.pro\/wp-content\/uploads\/dmca-badge.png&#8221; alt=&#8221;DMCA.com-beskyttelsesstatus&#8221; \/><\/a><\/p>\n<h2><span id=\"Rights_that_this_license_recognizes\">Rettigheder, som denne licens anerkender<\/span><\/h2>\n<ul>\n<li>Tilskrivning: Du skal anerkende v\u00e6rket p\u00e5 den m\u00e5de, der er angivet af forfatteren eller licensgiveren (men ikke p\u00e5 en m\u00e5de, der antyder, at du st\u00f8tter dem eller din brug af deres v\u00e6rk).<\/li>\n<li>Ikke-kommerciel: Du m\u00e5 ikke bruge dette v\u00e6rk til kommercielle form\u00e5l.<\/li>\n<li>Ingen afledte v\u00e6rker: Du kan ikke \u00e6ndre, transformere eller generere et afledt v\u00e6rk fra dette v\u00e6rk.<\/li>\n<\/ul>\n<p>Resten af \u200b\u200bindholdet, der ikke er identificeret under denne licens, anses for<strong>at v\u00e6re fuldt beskyttet af ophavsret<\/strong>.<\/p>\n<h2><span id=\"External_Links\">Eksterne links<\/span><\/h2>\n<p>Juan Carlos Brun fral\u00e6gger sig ethvert ansvar for informationen, der findes uden for denne hjemmeside, da funktionen af \u200b\u200bde links, der vises, udelukkende er at informere brugeren om eksistensen af \u200b\u200bandre informationskilder om et specifikt emne. Juan Carlos Brun er fritaget for ethvert ansvar for den korrekte funktion af s\u00e5danne links, resultaterne opn\u00e5et gennem n\u00e6vnte links, rigtigheden og lovligheden af \u200b\u200bindholdet eller informationen, der kan tilg\u00e5s, samt enhver skade, som Brugeren m\u00e5tte lide i kraft af informationen fundet p\u00e5 den linkede hjemmeside.<\/p>\n<h2><span id=\"Exclusion_de_garantias_y_responsibilidad\">Udelukkelse af garantier og ansvar<\/span><\/h2>\n<p>Juan Carlos Brun giver ingen garanti og er heller ikke ansvarlig for skader af nogen art, der m\u00e5tte opst\u00e5 som f\u00f8lge af:<\/p>\n<ul>\n<li>Manglen p\u00e5 tilg\u00e6ngelighed, vedligeholdelse og effektiv funktion af webstedet eller dets tjenester og indhold;<\/li>\n<li>Eksistensen af \u200b\u200bvira, ondsindede eller skadelige programmer i indholdet;<\/li>\n<li>Ulovlig, uagtsom, svigagtig brug eller brug i strid med denne juridiske meddelelse;<\/li>\n<li>Manglen p\u00e5 lovlighed, kvalitet, p\u00e5lidelighed, anvendelighed og tilg\u00e6ngelighed af de tjenester, der leveres af tredjeparter og g\u00f8res tilg\u00e6ngelige for brugerne p\u00e5 webstedet.<\/li>\n<\/ul>\n<p>Udbyderen er under ingen omst\u00e6ndigheder ansvarlig for eventuelle skader, der m\u00e5tte opst\u00e5 som f\u00f8lge af ulovlig eller ukorrekt brug af denne hjemmeside.<\/p>\n<h2><span id=\"Applicable_law_and_jurisdiction\">G\u00e6ldende lov og jurisdiktion<\/span><\/h2>\n<p>Generelt er forholdet mellem onlinecompass.pro og brugerne af dets telematiktjenester, der findes p\u00e5 denne hjemmeside, underlagt spansk lovgivning og jurisdiktion og af domstolene i Malaga.<\/p>\n<h2><span id=\"Contact\">Kontakt<\/span><\/h2>\n<p>Hvis en bruger har sp\u00f8rgsm\u00e5l om denne juridiske meddelelse eller kommentarer til webstedet onlinecompass.pro, kan de kontakte os ved hj\u00e6lp af <a href=\"\/da\/kontakte\/\">kontaktformularen<\/a>.<\/p>\n<p>onlinecompass.pro forbeholder sig retten til til enhver tid og uden forudg\u00e5ende varsel at \u00e6ndre pr\u00e6sentationen og konfigurationen af \u200b\u200bonlinecompass.pro-webstedet, s\u00e5som denne juridiske meddelelse.<\/p>\n<div style='text-align:center' class='yasr-auto-insert-visitor'><\/div>","protected":false},"excerpt":{"rendered":"<p>Dokument revideret den 22\/01\/2023 Hvis du er kommet s\u00e5 langt, betyder det, at du bekymrer dig om bagrummet p\u00e5 denne hjemmeside og de vilk\u00e5r, som jeg v\u00e6lger at forholde mig til dig i, og det er gode nyheder for mig, som er ansvarlig for denne hjemmeside. Grunden til denne tekst er at forklare i detaljer &#8230; <a title=\"Juridisk meddelelse og brugsbetingelser\" class=\"read-more\" href=\"https:\/\/onlinecompass.pro\/da\/juridisk-meddelelse\/\" aria-label=\"Read more about Juridisk meddelelse og brugsbetingelser\">L\u00e6s mere <\/a><\/p>\n","protected":false},"author":1,"featured_media":0,"parent":0,"menu_order":0,"comment_status":"open","ping_status":"open","template":"","meta":{"yasr_overall_rating":0,"yasr_post_is_review":"","yasr_auto_insert_disabled":"","yasr_review_type":"","footnotes":""},"class_list":["post-13","page","type-page","status-publish"],"yoast_head":"<!-- This site is optimized with the Yoast SEO plugin v26.8 - https:\/\/yoast.com\/product\/yoast-seo-wordpress\/ -->\n<title>Juridisk meddelelse og brugsbetingelser - Online kompas<\/title>\n<meta name=\"robots\" content=\"index, follow, max-snippet:-1, max-image-preview:large, max-video-preview:-1\" \/>\n<link rel=\"canonical\" href=\"https:\/\/onlinecompass.pro\/da\/juridisk-meddelelse\/\" \/>\n<meta property=\"og:locale\" content=\"da_DK\" \/>\n<meta property=\"og:type\" content=\"article\" \/>\n<meta property=\"og:title\" content=\"Juridisk meddelelse og brugsbetingelser - Online kompas\" \/>\n<meta property=\"og:description\" content=\"Dokument revideret den 22\/01\/2023 Hvis du er kommet s\u00e5 langt, betyder det, at du bekymrer dig om bagrummet p\u00e5 denne hjemmeside og de vilk\u00e5r, som jeg v\u00e6lger at forholde mig til dig i, og det er gode nyheder for mig, som er ansvarlig for denne hjemmeside. Grunden til denne tekst er at forklare i detaljer ... L\u00e6s mere\" \/>\n<meta property=\"og:url\" content=\"https:\/\/onlinecompass.pro\/da\/juridisk-meddelelse\/\" \/>\n<meta property=\"og:site_name\" content=\"Online kompas\" \/>\n<meta name=\"twitter:card\" content=\"summary_large_image\" \/>\n<meta name=\"twitter:label1\" content=\"Estimeret l\u00e6setid\" \/>\n\t<meta name=\"twitter:data1\" content=\"8 minutter\" \/>\n<script type=\"application\/ld+json\" class=\"yoast-schema-graph\">{\"@context\":\"https:\/\/schema.org\",\"@graph\":[{\"@type\":\"WebPage\",\"@id\":\"https:\/\/onlinecompass.pro\/da\/juridisk-meddelelse\/\",\"url\":\"https:\/\/onlinecompass.pro\/da\/juridisk-meddelelse\/\",\"name\":\"Juridisk meddelelse og brugsbetingelser - Online kompas\",\"isPartOf\":{\"@id\":\"https:\/\/onlinecompass.pro\/da\/#website\"},\"datePublished\":\"2025-04-03T15:51:53+00:00\",\"breadcrumb\":{\"@id\":\"https:\/\/onlinecompass.pro\/da\/juridisk-meddelelse\/#breadcrumb\"},\"inLanguage\":\"da-DK\",\"potentialAction\":[{\"@type\":\"ReadAction\",\"target\":[\"https:\/\/onlinecompass.pro\/da\/juridisk-meddelelse\/\"]}]},{\"@type\":\"BreadcrumbList\",\"@id\":\"https:\/\/onlinecompass.pro\/da\/juridisk-meddelelse\/#breadcrumb\",\"itemListElement\":[{\"@type\":\"ListItem\",\"position\":1,\"name\":\"Portada\",\"item\":\"https:\/\/onlinecompass.pro\/da\/\"},{\"@type\":\"ListItem\",\"position\":2,\"name\":\"Juridisk meddelelse og brugsbetingelser\"}]},{\"@type\":\"WebSite\",\"@id\":\"https:\/\/onlinecompass.pro\/da\/#website\",\"url\":\"https:\/\/onlinecompass.pro\/da\/\",\"name\":\"Online kompas\",\"description\":\"Best Online kompas\",\"potentialAction\":[{\"@type\":\"SearchAction\",\"target\":{\"@type\":\"EntryPoint\",\"urlTemplate\":\"https:\/\/onlinecompass.pro\/da\/?s={search_term_string}\"},\"query-input\":{\"@type\":\"PropertyValueSpecification\",\"valueRequired\":true,\"valueName\":\"search_term_string\"}}],\"inLanguage\":\"da-DK\"},false]}<\/script>\n<!-- \/ Yoast SEO plugin. -->","yoast_head_json":{"title":"Juridisk meddelelse og brugsbetingelser - Online kompas","robots":{"index":"index","follow":"follow","max-snippet":"max-snippet:-1","max-image-preview":"max-image-preview:large","max-video-preview":"max-video-preview:-1"},"canonical":"https:\/\/onlinecompass.pro\/da\/juridisk-meddelelse\/","og_locale":"da_DK","og_type":"article","og_title":"Juridisk meddelelse og brugsbetingelser - Online kompas","og_description":"Dokument revideret den 22\/01\/2023 Hvis du er kommet s\u00e5 langt, betyder det, at du bekymrer dig om bagrummet p\u00e5 denne hjemmeside og de vilk\u00e5r, som jeg v\u00e6lger at forholde mig til dig i, og det er gode nyheder for mig, som er ansvarlig for denne hjemmeside. Grunden til denne tekst er at forklare i detaljer ... L\u00e6s mere","og_url":"https:\/\/onlinecompass.pro\/da\/juridisk-meddelelse\/","og_site_name":"Online kompas","twitter_card":"summary_large_image","twitter_misc":{"Estimeret l\u00e6setid":"8 minutter"},"schema":{"@context":"https:\/\/schema.org","@graph":[{"@type":"WebPage","@id":"https:\/\/onlinecompass.pro\/da\/juridisk-meddelelse\/","url":"https:\/\/onlinecompass.pro\/da\/juridisk-meddelelse\/","name":"Juridisk meddelelse og brugsbetingelser - Online kompas","isPartOf":{"@id":"https:\/\/onlinecompass.pro\/da\/#website"},"datePublished":"2025-04-03T15:51:53+00:00","breadcrumb":{"@id":"https:\/\/onlinecompass.pro\/da\/juridisk-meddelelse\/#breadcrumb"},"inLanguage":"da-DK","potentialAction":[{"@type":"ReadAction","target":["https:\/\/onlinecompass.pro\/da\/juridisk-meddelelse\/"]}]},{"@type":"BreadcrumbList","@id":"https:\/\/onlinecompass.pro\/da\/juridisk-meddelelse\/#breadcrumb","itemListElement":[{"@type":"ListItem","position":1,"name":"Portada","item":"https:\/\/onlinecompass.pro\/da\/"},{"@type":"ListItem","position":2,"name":"Juridisk meddelelse og brugsbetingelser"}]},{"@type":"WebSite","@id":"https:\/\/onlinecompass.pro\/da\/#website","url":"https:\/\/onlinecompass.pro\/da\/","name":"Online kompas","description":"Best Online kompas","potentialAction":[{"@type":"SearchAction","target":{"@type":"EntryPoint","urlTemplate":"https:\/\/onlinecompass.pro\/da\/?s={search_term_string}"},"query-input":{"@type":"PropertyValueSpecification","valueRequired":true,"valueName":"search_term_string"}}],"inLanguage":"da-DK"},false]}},"yasr_visitor_votes":{"stars_attributes":{"read_only":false,"span_bottom":false},"number_of_votes":0,"sum_votes":0},"_links":{"self":[{"href":"https:\/\/onlinecompass.pro\/da\/wp-json\/wp\/v2\/pages\/13","targetHints":{"allow":["GET"]}}],"collection":[{"href":"https:\/\/onlinecompass.pro\/da\/wp-json\/wp\/v2\/pages"}],"about":[{"href":"https:\/\/onlinecompass.pro\/da\/wp-json\/wp\/v2\/types\/page"}],"author":[{"embeddable":true,"href":"https:\/\/onlinecompass.pro\/da\/wp-json\/wp\/v2\/users\/1"}],"replies":[{"embeddable":true,"href":"https:\/\/onlinecompass.pro\/da\/wp-json\/wp\/v2\/comments?post=13"}],"version-history":[{"count":0,"href":"https:\/\/onlinecompass.pro\/da\/wp-json\/wp\/v2\/pages\/13\/revisions"}],"wp:attachment":[{"href":"https:\/\/onlinecompass.pro\/da\/wp-json\/wp\/v2\/media?parent=13"}],"curies":[{"name":"wp","href":"https:\/\/api.w.org\/{rel}","templated":true}]}}