{"id":11,"date":"2025-04-03T17:51:53","date_gmt":"2025-04-03T15:51:53","guid":{"rendered":"https:\/\/onlinecompass.pro\/da\/privatlivspolitik\/"},"modified":"2025-04-03T17:51:53","modified_gmt":"2025-04-03T15:51:53","slug":"privatlivspolitik","status":"publish","type":"page","link":"https:\/\/onlinecompass.pro\/da\/privatlivspolitik\/","title":{"rendered":"Privatlivspolitik"},"content":{"rendered":"<p>Som ansvarlig for denne hjemmeside \u00f8nsker jeg at tilbyde dig de st\u00f8rste juridiske garantier i forhold til dit privatliv og forklare dig, med st\u00f8rst mulig klarhed og gennemsigtighed, alt hvad der vedr\u00f8rer behandlingen af \u200b\u200bpersonoplysninger p\u00e5 denne hjemmeside.<\/p>\n\n<p>Denne privatlivspolitik vil kun v\u00e6re gyldig for personlige data indhentet p\u00e5 hjemmesiden og er ikke g\u00e6ldende for oplysninger indsamlet af tredjeparter p\u00e5 andre hjemmesider, selvom disse er linket til af hjemmesiden.<\/p>\n<p>F\u00f8lgende betingelser er bindende for brugeren og den person, der er ansvarlig for denne hjemmeside, s\u00e5 det er vigtigt, at du bruger et par minutter p\u00e5 at l\u00e6se den, og hvis du ikke er enig i den, ikke sender dine personlige data p\u00e5 denne hjemmeside.<\/p>\n<p><strong>Denne politik er blevet opdateret den 22\/01\/2023<\/strong><\/p>\n<p>Med henblik p\u00e5 bestemmelserne i den f\u00f8rn\u00e6vnte lov om beskyttelse af personoplysninger vil de personlige data, som du sender os, blive inkorporeret i en fil af &#8220;SITEBRUGERE og -ABONENTER&#8221;, ejet af Juan Carlos Brun med adresse p\u00e5 Calle Mart\u00ednez Maldonado, 24, 3\u00ba A \u2013 M\u00e1laga, M\u00e1laga. Denne fil har implementeret alle de tekniske og organisatoriske sikkerhedsforanstaltninger, der er fastsat i kongeligt dekret 1720\/2007, der udvikler LOPD.<\/p>\n<h2><span id=\"Envio_y_registro_de_datos_de_caracter_general\">Afsendelse og registrering af generelle data<\/span><\/h2>\n<p>At sende personlige data p\u00e5 denne hjemmeside er obligatorisk for at kontakte, kommentere eller abonnere p\u00e5 onlinecompass.pro-bloggen.<\/p>\n<p>Ligeledes betyder manglende levering af de anmodede personoplysninger eller manglende accept af denne databeskyttelsespolitik, at det vil v\u00e6re umuligt at abonnere p\u00e5 indhold og behandle anmodninger p\u00e5 denne hjemmeside.<\/p>\n<p>Det er ikke n\u00f8dvendigt for dig at give nogen personlige data for at gennemse denne hjemmeside.<\/p>\n<p><strong>Hvilke data kr\u00e6ver denne hjemmeside, og til hvilket form\u00e5l<\/strong><\/p>\n<p>onlinecompass.pro vil indsamle personlige data fra brugere via onlineformularer via internettet. De indsamlede personlige data, afh\u00e6ngigt af hvert enkelt tilf\u00e6lde, kan blandt andet v\u00e6re: navn og e-mailadresse<span style=\"font-size: inherit;\">.<\/span><\/p>\n<p>P\u00e5 denne hjemmeside kr\u00e6ves kun data, der er strengt passende til form\u00e5let med indsamlingen, og vi er forpligtet til:<\/p>\n<ul>\n<li>Reducer behandlingen af \u200b\u200bpersonoplysninger til det maksimale.<\/li>\n<li>Pseudonymiser personlige data i det omfang det er muligt.<\/li>\n<li>Giv gennemsigtighed til funktionerne og behandlingen af \u200b\u200bpersonoplysninger, der udf\u00f8res p\u00e5 denne hjemmeside.<\/li>\n<li>Tillad alle brugere at overv\u00e5ge behandlingen af \u200b\u200bderes data, der udf\u00f8res p\u00e5 denne hjemmeside.<\/li>\n<li>Opret og forbedre sikkerhedselementer for at tilbyde dig de bedste sikre navigationsforhold.<\/li>\n<\/ul>\n<p><strong>Form\u00e5lene med de data, der indsamles p\u00e5 denne portal, er f\u00f8lgende:<\/strong><\/p>\n<ol>\n<li>At reagere p\u00e5 kravene fra es-brugere.\u00a0For eksempel, hvis brugeren efterlader deres personlige oplysninger i en af \u200b\u200bkontaktformularerne, kan vi bruge disse data til at reagere p\u00e5 din anmodning og besvare enhver tvivl, klager, kommentarer eller bekymringer, du m\u00e5tte have vedr\u00f8rende oplysningerne p\u00e5 webstedet, de tjenester, der leveres via webstedet, behandlingen af \u200b\u200bdine personlige data, sp\u00f8rgsm\u00e5l vedr\u00f8rende de juridiske tekster, der er inkluderet p\u00e5 webstedet, samt alle andre foresp\u00f8rgsler, du m\u00e5tte have.<\/li>\n<li>For at administrere abonnementslisten, send nyhedsbreve, kampagner og s\u00e6rlige tilbud, i dette tilf\u00e6lde vil vi kun bruge den e-mailadresse og det navn, som brugeren har angivet, n\u00e5r han abonnerer.<\/li>\n<li>At moderere og svare p\u00e5 kommentarer fra brugere p\u00e5 bloggen.<\/li>\n<li>For at sikre overholdelse af brugsbetingelserne og g\u00e6ldende lovgivning. Dette kan omfatte udvikling af v\u00e6rkt\u00f8jer og algoritmer, der hj\u00e6lper denne hjemmeside med at sikre fortroligheden af \u200b\u200bde personlige data, den indsamler.<\/li>\n<li>For at underst\u00f8tte og forbedre de tjenester, der tilbydes af denne hjemmeside.<\/li>\n<\/ol>\n<p>I nogle tilf\u00e6lde deles oplysninger om bes\u00f8gende p\u00e5 dette websted anonymt eller aggregeret med tredjeparter s\u00e5som annonc\u00f8rer, sponsorer eller tilknyttede selskaber med det ene form\u00e5l at forbedre mine tjenester og tjene penge p\u00e5 webstedet. Alle disse behandlingsopgaver vil blive reguleret i henhold til lovbestemmelser, og alle dine rettigheder vedr\u00f8rende databeskyttelse vil blive respekteret i overensstemmelse med g\u00e6ldende regler.<\/p>\n<p>I hvert tilf\u00e6lde har brugeren fulde rettigheder over deres personlige data og deres brug og kan ud\u00f8ve dem til enhver tid.<\/p>\n<p>Denne hjemmeside vil under ingen omst\u00e6ndigheder overf\u00f8re brugernes personlige data til tredjeparter uden forudg\u00e5ende at informere dem og kr\u00e6ve deres samtykke.<\/p>\n<p><strong>Tjenester, der tilbydes af tredjeparter p\u00e5 denne hjemmeside<\/strong><\/p>\n<p>For at levere tjenester, der er strengt n\u00f8dvendige for udviklingen af \u200b\u200bsin aktivitet, deler Juan Carlos Brun data med f\u00f8lgende udbydere under deres tilsvarende privatlivsbetingelser.<\/p>\n<ul>\n<li><strong>Hosting, lagring og backup:<\/strong> RaiolaNetworks.es<\/li>\n<li><strong>Webplatform<\/strong>: WordPress.org<\/li>\n<\/ul>\n<p><strong>Systemer til indsamling af personlige data indsamlet af denne hjemmeside<\/strong><\/p>\n<p>Denne hjemmeside bruger forskellige systemer til indsamling af personlige oplysninger. Denne hjemmeside kr\u00e6ver altid brugernes forudg\u00e5ende samtykke til at behandle deres personlige data til de angivne form\u00e5l.<\/p>\n<p>Brugeren har til enhver tid ret til at tilbagekalde sit forudg\u00e5ende samtykke.<\/p>\n<p><strong>Personlige informationsfangstsystemer, der bruges af onlinecompass.pro<\/strong>:<\/p>\n<ul>\n<li><strong>Kommentarformular<\/strong>: Hjemmesiden indeholder en formular til at kommentere indl\u00e6g. Brugeren kan skrive kommentarer til de opslag, der bliver offentliggjort. De personlige data, der indtastes i formularen for at inds\u00e6tte disse kommentarer, vil udelukkende blive brugt til at moderere og offentligg\u00f8re dem.<\/li>\n<li><strong>Kontaktformular:<\/strong>\u00a0Der er ogs\u00e5 en kontaktformular for sp\u00f8rgsm\u00e5l, forslag eller professionel kontakt. I dette tilf\u00e6lde vil e-mailadressen blive brugt til at svare dem og sende de oplysninger, som brugeren har brug for, via webstedet.<\/li>\n<li><strong>Cookies: <\/strong>N\u00e5r brugeren registrerer eller gennemser denne hjemmeside, gemmes &#8220;cookies&#8221;. Brugeren kan til enhver tid konsultere <a href=\"\/da\/cookie-politik\/\">cookiepolitikken<\/a> for mere information om brugen af \u200b\u200bcookies, og hvordan man deaktiverer dem.<\/li>\n<\/ul>\n<p>Brugeren vil p\u00e5 dette websted finde sider, kampagner, sponsorer, tilknyttede programmer, der f\u00e5r adgang til brugernes browsing-vaner for at etablere brugerprofiler og vise brugeren annoncering baseret p\u00e5 deres interesser og browsing-vaner. Disse oplysninger er altid anonyme, og brugeren er ikke identificeret.<\/p>\n<p>Oplysninger givet p\u00e5 disse sponsorerede websteder eller tilknyttede links er underlagt de fortrolighedspolitikker, der anvendes p\u00e5 s\u00e5danne websteder, og vil ikke v\u00e6re underlagt denne fortrolighedspolitik. Derfor anbefaler vi st\u00e6rkt, at brugere omhyggeligt gennemg\u00e5r fortrolighedspolitikkerne for affilierede links.<\/p>\n<p><strong>Privatlivspolitik for annoncering i Adsense<\/strong>: <a href=\"\/dahttp:\/\/www.google.com\/intl\/es_ALL\/privacypolicy.html\" target=\"_blank\" rel=\"nofollow noopener noreferrer\">Google Adsense<\/a>.<\/p>\n<p><strong>Privatlivspolitik for sporing af kilder brugt p\u00e5 dette websted<\/strong>: <a href=\"\/dahttp:\/\/www.google.com\/intl\/es_ALL\/privacypolicy.html\" target=\"_blank\" rel=\"nofollow noopener noreferrer\">Google (Analytics)<\/a><\/p>\n<p>P\u00e5 onlinecompass.pro studerer vi ogs\u00e5 brugernes pr\u00e6ferencer, deres demografiske karakteristika, deres trafikm\u00f8nstre og anden information sammen for bedre at forst\u00e5, hvem der udg\u00f8r vores publikum, og hvad de har brug for. Sporing af vores brugeres pr\u00e6ferencer hj\u00e6lper os ogs\u00e5 med at vise dig den mest relevante annoncering.<\/p>\n<p>Brugeren og generelt enhver fysisk eller juridisk person kan etablere et hyperlink eller teknisk linkenhed (for eksempel links eller knapper) fra deres hjemmeside til onlinecompass.pro (&#8220;Hyperlinket&#8221;). Etableringen af \u200b\u200bhyperlinket indeb\u00e6rer under ingen omst\u00e6ndigheder eksistensen af \u200b\u200brelationer mellem onlinecompass.pro og ejeren af \u200b\u200bwebstedet eller websiden, hvor hyperlinket er etableret, eller accept eller godkendelse af onlinecompass.pro af dets indhold eller tjenester. Under alle omst\u00e6ndigheder forbeholder onlinecompass.pro sig retten til at forbyde eller deaktivere ethvert hyperlink til hjemmesiden til enhver tid.<\/p>\n<h2><span id=\"Accuracy_and_veracity_of_data\">N\u00f8jagtighed og rigtighed af data<\/span><\/h2>\n<p>Brugeren garanterer, at de personlige data, der gives gennem de forskellige formularer, er sande, og er forpligtet til at meddele enhver \u00e6ndring heraf. Ligeledes garanterer Brugeren, at alle de afgivne oplysninger svarer til deres virkelige situation, at de er opdaterede og n\u00f8jagtige. Endvidere er Brugeren forpligtet til til enhver tid at holde sine data opdateret, idet han alene er ansvarlig for un\u00f8jagtigheden eller falskheden af \u200b\u200bde afgivne data og for enhver skade, der m\u00e5tte v\u00e6re for\u00e5rsaget heraf p\u00e5 Juan Carlos Brun som ejer af hjemmesiden onlinecompass.pro.<\/p>\n<h2><span id=\"Ejercicio_de_los_derechos_de_acceso_rectificacion_cancelacion_u_opuesta\">Ud\u00f8velse af retten til adgang, berigtigelse, annullering eller indsigelse<\/span><\/h2>\n<p>Brugernes rettigheder er f\u00f8lgende:<\/p>\n<ul>\n<li>Ret til at sp\u00f8rge, hvilke personlige data vi gemmer om brugeren til enhver tid.<\/li>\n<li>Ret til at bede os om at opdatere eller rette ukorrekte eller for\u00e6ldede data, som vi opbevarer om brugeren gratis.<\/li>\n<li>Ret til at afmelde enhver marketingkommunikation, som vi sender til brugeren.<\/li>\n<\/ul>\n<p>Du kan dirigere din kommunikation og ud\u00f8ve dine rettigheder til <strong>adgang, berigtigelse, annullering og modsigelse<\/strong> via post p\u00e5 Calle Mart\u00ednez Maldonado, 24, 3\u00ba A \u2013 M\u00e1laga, M\u00e1laga eller via e-mail fra vores <a href=\"\/da\/kontakte\/\">kontaktformular<\/a>, for hvilket der kr\u00e6ves et lovligt gyldigt D.N. eller tilsvarende, hvilket i emnet angiver <strong>&#8220;DATABESKYTTELSE&#8221;.<\/strong><\/p>\n<h2><span id=\"Acceptacion_y_consentimiento\">Accept og samtykke<\/span><\/h2>\n<p>Brugeren erkl\u00e6rer at v\u00e6re blevet informeret om betingelserne for beskyttelse af personlige data, accept og samtykke til behandlingen heraf af Juan Carlos Brun p\u00e5 den m\u00e5de og til de form\u00e5l, der er angivet i <a href=\"\/da\/juridisk-meddelelse\/\" target=\"_blank\" rel=\"noopener noreferrer\">juridisk meddelelse<\/a>.<\/p>\n<h2><span id=\"Changes_in_la_presente_politica_de_privacidad\">\u00c6ndringer i denne privatlivspolitik<\/span><\/h2>\n<p>Juan Carlos Brun forbeholder sig retten til at \u00e6ndre denne politik for at tilpasse den til den lovgivningsm\u00e6ssige eller retlige udvikling samt industripraksis. I s\u00e5danne tilf\u00e6lde vil udbyderen meddele \u00e6ndringerne introduceret p\u00e5 denne side med rimeligt forudg\u00e5ende varsel om deres implementering.<\/p>\n<h2><span id=\"Correos_comerciales\">Kommercielle e-mails<\/span><\/h2>\n<p>I overensstemmelse med LSSICE engagerer Juan Carlos Brun sig ikke i SPAM-praksis, hvorfor den ikke sender kommercielle e-mails elektronisk, som ikke tidligere er blevet anmodet om eller godkendt af Brugeren. I nogle tilf\u00e6lde kan den sende specifikke kampagner og tilbud fra sine egne og tredjeparter, kun i tilf\u00e6lde, hvor den har tilladelse fra modtagerne.<\/p>\n<div style='text-align:center' class='yasr-auto-insert-visitor'><\/div>","protected":false},"excerpt":{"rendered":"<p>Som ansvarlig for denne hjemmeside \u00f8nsker jeg at tilbyde dig de st\u00f8rste juridiske garantier i forhold til dit privatliv og forklare dig, med st\u00f8rst mulig klarhed og gennemsigtighed, alt hvad der vedr\u00f8rer behandlingen af \u200b\u200bpersonoplysninger p\u00e5 denne hjemmeside. Denne privatlivspolitik vil kun v\u00e6re gyldig for personlige data indhentet p\u00e5 hjemmesiden og er ikke g\u00e6ldende for &#8230; <a title=\"Privatlivspolitik\" class=\"read-more\" href=\"https:\/\/onlinecompass.pro\/da\/privatlivspolitik\/\" aria-label=\"Read more about Privatlivspolitik\">L\u00e6s mere <\/a><\/p>\n","protected":false},"author":1,"featured_media":0,"parent":0,"menu_order":0,"comment_status":"open","ping_status":"open","template":"","meta":{"yasr_overall_rating":0,"yasr_post_is_review":"","yasr_auto_insert_disabled":"","yasr_review_type":"","footnotes":""},"class_list":["post-11","page","type-page","status-publish"],"yoast_head":"<!-- This site is optimized with the Yoast SEO plugin v26.8 - https:\/\/yoast.com\/product\/yoast-seo-wordpress\/ -->\n<title>Privatlivspolitik - Online kompas<\/title>\n<meta name=\"robots\" content=\"index, follow, max-snippet:-1, max-image-preview:large, max-video-preview:-1\" \/>\n<link rel=\"canonical\" href=\"https:\/\/onlinecompass.pro\/da\/privatlivspolitik\/\" \/>\n<meta property=\"og:locale\" content=\"da_DK\" \/>\n<meta property=\"og:type\" content=\"article\" \/>\n<meta property=\"og:title\" content=\"Privatlivspolitik - Online kompas\" \/>\n<meta property=\"og:description\" content=\"Som ansvarlig for denne hjemmeside \u00f8nsker jeg at tilbyde dig de st\u00f8rste juridiske garantier i forhold til dit privatliv og forklare dig, med st\u00f8rst mulig klarhed og gennemsigtighed, alt hvad der vedr\u00f8rer behandlingen af \u200b\u200bpersonoplysninger p\u00e5 denne hjemmeside. Denne privatlivspolitik vil kun v\u00e6re gyldig for personlige data indhentet p\u00e5 hjemmesiden og er ikke g\u00e6ldende for ... L\u00e6s mere\" \/>\n<meta property=\"og:url\" content=\"https:\/\/onlinecompass.pro\/da\/privatlivspolitik\/\" \/>\n<meta property=\"og:site_name\" content=\"Online kompas\" \/>\n<meta name=\"twitter:card\" content=\"summary_large_image\" \/>\n<meta name=\"twitter:label1\" content=\"Estimeret l\u00e6setid\" \/>\n\t<meta name=\"twitter:data1\" content=\"7 minutter\" \/>\n<script type=\"application\/ld+json\" class=\"yoast-schema-graph\">{\"@context\":\"https:\/\/schema.org\",\"@graph\":[{\"@type\":\"WebPage\",\"@id\":\"https:\/\/onlinecompass.pro\/da\/privatlivspolitik\/\",\"url\":\"https:\/\/onlinecompass.pro\/da\/privatlivspolitik\/\",\"name\":\"Privatlivspolitik - Online kompas\",\"isPartOf\":{\"@id\":\"https:\/\/onlinecompass.pro\/da\/#website\"},\"datePublished\":\"2025-04-03T15:51:53+00:00\",\"breadcrumb\":{\"@id\":\"https:\/\/onlinecompass.pro\/da\/privatlivspolitik\/#breadcrumb\"},\"inLanguage\":\"da-DK\",\"potentialAction\":[{\"@type\":\"ReadAction\",\"target\":[\"https:\/\/onlinecompass.pro\/da\/privatlivspolitik\/\"]}]},{\"@type\":\"BreadcrumbList\",\"@id\":\"https:\/\/onlinecompass.pro\/da\/privatlivspolitik\/#breadcrumb\",\"itemListElement\":[{\"@type\":\"ListItem\",\"position\":1,\"name\":\"Portada\",\"item\":\"https:\/\/onlinecompass.pro\/da\/\"},{\"@type\":\"ListItem\",\"position\":2,\"name\":\"Privatlivspolitik\"}]},{\"@type\":\"WebSite\",\"@id\":\"https:\/\/onlinecompass.pro\/da\/#website\",\"url\":\"https:\/\/onlinecompass.pro\/da\/\",\"name\":\"Online kompas\",\"description\":\"Best Online kompas\",\"potentialAction\":[{\"@type\":\"SearchAction\",\"target\":{\"@type\":\"EntryPoint\",\"urlTemplate\":\"https:\/\/onlinecompass.pro\/da\/?s={search_term_string}\"},\"query-input\":{\"@type\":\"PropertyValueSpecification\",\"valueRequired\":true,\"valueName\":\"search_term_string\"}}],\"inLanguage\":\"da-DK\"},false]}<\/script>\n<!-- \/ Yoast SEO plugin. -->","yoast_head_json":{"title":"Privatlivspolitik - Online kompas","robots":{"index":"index","follow":"follow","max-snippet":"max-snippet:-1","max-image-preview":"max-image-preview:large","max-video-preview":"max-video-preview:-1"},"canonical":"https:\/\/onlinecompass.pro\/da\/privatlivspolitik\/","og_locale":"da_DK","og_type":"article","og_title":"Privatlivspolitik - Online kompas","og_description":"Som ansvarlig for denne hjemmeside \u00f8nsker jeg at tilbyde dig de st\u00f8rste juridiske garantier i forhold til dit privatliv og forklare dig, med st\u00f8rst mulig klarhed og gennemsigtighed, alt hvad der vedr\u00f8rer behandlingen af \u200b\u200bpersonoplysninger p\u00e5 denne hjemmeside. Denne privatlivspolitik vil kun v\u00e6re gyldig for personlige data indhentet p\u00e5 hjemmesiden og er ikke g\u00e6ldende for ... L\u00e6s mere","og_url":"https:\/\/onlinecompass.pro\/da\/privatlivspolitik\/","og_site_name":"Online kompas","twitter_card":"summary_large_image","twitter_misc":{"Estimeret l\u00e6setid":"7 minutter"},"schema":{"@context":"https:\/\/schema.org","@graph":[{"@type":"WebPage","@id":"https:\/\/onlinecompass.pro\/da\/privatlivspolitik\/","url":"https:\/\/onlinecompass.pro\/da\/privatlivspolitik\/","name":"Privatlivspolitik - Online kompas","isPartOf":{"@id":"https:\/\/onlinecompass.pro\/da\/#website"},"datePublished":"2025-04-03T15:51:53+00:00","breadcrumb":{"@id":"https:\/\/onlinecompass.pro\/da\/privatlivspolitik\/#breadcrumb"},"inLanguage":"da-DK","potentialAction":[{"@type":"ReadAction","target":["https:\/\/onlinecompass.pro\/da\/privatlivspolitik\/"]}]},{"@type":"BreadcrumbList","@id":"https:\/\/onlinecompass.pro\/da\/privatlivspolitik\/#breadcrumb","itemListElement":[{"@type":"ListItem","position":1,"name":"Portada","item":"https:\/\/onlinecompass.pro\/da\/"},{"@type":"ListItem","position":2,"name":"Privatlivspolitik"}]},{"@type":"WebSite","@id":"https:\/\/onlinecompass.pro\/da\/#website","url":"https:\/\/onlinecompass.pro\/da\/","name":"Online kompas","description":"Best Online kompas","potentialAction":[{"@type":"SearchAction","target":{"@type":"EntryPoint","urlTemplate":"https:\/\/onlinecompass.pro\/da\/?s={search_term_string}"},"query-input":{"@type":"PropertyValueSpecification","valueRequired":true,"valueName":"search_term_string"}}],"inLanguage":"da-DK"},false]}},"yasr_visitor_votes":{"stars_attributes":{"read_only":false,"span_bottom":false},"number_of_votes":0,"sum_votes":0},"_links":{"self":[{"href":"https:\/\/onlinecompass.pro\/da\/wp-json\/wp\/v2\/pages\/11","targetHints":{"allow":["GET"]}}],"collection":[{"href":"https:\/\/onlinecompass.pro\/da\/wp-json\/wp\/v2\/pages"}],"about":[{"href":"https:\/\/onlinecompass.pro\/da\/wp-json\/wp\/v2\/types\/page"}],"author":[{"embeddable":true,"href":"https:\/\/onlinecompass.pro\/da\/wp-json\/wp\/v2\/users\/1"}],"replies":[{"embeddable":true,"href":"https:\/\/onlinecompass.pro\/da\/wp-json\/wp\/v2\/comments?post=11"}],"version-history":[{"count":0,"href":"https:\/\/onlinecompass.pro\/da\/wp-json\/wp\/v2\/pages\/11\/revisions"}],"wp:attachment":[{"href":"https:\/\/onlinecompass.pro\/da\/wp-json\/wp\/v2\/media?parent=11"}],"curies":[{"name":"wp","href":"https:\/\/api.w.org\/{rel}","templated":true}]}}